{"id":137,"date":"2024-12-17T15:44:17","date_gmt":"2024-12-17T14:44:17","guid":{"rendered":"https:\/\/carp-sounder.com\/?page_id=137"},"modified":"2024-12-23T18:41:27","modified_gmt":"2024-12-23T17:41:27","slug":"verpackungsgesetz","status":"publish","type":"page","link":"https:\/\/carp-sounder.com\/de\/verpackungsgesetz\/","title":{"rendered":"Verpackungsgesetz"},"content":{"rendered":"\n<h3 class=\"wp-block-heading\"><strong>Hinweis gem\u00e4\u00df Verpackungsgesetz (VerpackG) und LUCID-Nummer<\/strong><\/h3>\n\n\n\n<p>Im Rahmen des Verpackungsgesetzes (VerpackG) sind wir als Hersteller verpflichtet, sicherzustellen, dass unsere Verpackungen umweltgerecht entsorgt und recycelt werden. Daher nehmen wir unsere Verantwortung f\u00fcr die Entsorgung und das Recycling von Verpackungen ernst und sind entsprechend registriert.<\/p>\n\n\n\n<p><strong>Unsere LUCID-Nummer:<\/strong> DE1763296677695<br><a href=\"https:\/\/www.verpackungsregister.org\">https:\/\/www.verpackungsregister.org<\/a><\/p>\n\n\n\n<h4 class=\"wp-block-heading\"><strong>Pflichten nach dem Verpackungsgesetz:<\/strong><\/h4>\n\n\n\n<div class=\"wp-block-columns is-not-stacked-on-mobile is-layout-flex wp-container-core-columns-is-layout-9d6595d7 wp-block-columns-is-layout-flex\">\n<div class=\"wp-block-column is-layout-flow wp-block-column-is-layout-flow\" style=\"flex-basis:10px\"><\/div>\n\n\n\n<div class=\"wp-block-column is-layout-flow wp-block-column-is-layout-flow\">\n<ul class=\"wp-block-list\">\n<li><strong>Registrierung bei einem Dualen System<\/strong>: Wir sind nach dem Verpackungsgesetz bei einem Dualen System (z.B. der gr\u00fcnen Punkt) registriert und stellen sicher, dass alle von uns in Verkehr gebrachten Verkaufsverpackungen ordnungsgem\u00e4\u00df lizenziert sind.<\/li>\n\n\n\n<li><strong>Verantwortung f\u00fcr die R\u00fccknahme von Verpackungen<\/strong>: Als Hersteller verpflichten wir uns, unsere Verpackungen \u00fcber ein R\u00fccknahmesystem zu entsorgen und f\u00fcr deren Recycling zu sorgen.<\/li>\n\n\n\n<li><strong>Recycling und Entsorgung<\/strong>: Verpackungen, die du von uns erh\u00e4ltst, sind gem\u00e4\u00df den Vorgaben des Verpackungsgesetzes kennzeichnet und k\u00f6nnen in den entsprechenden Recyclingkreislauf zur\u00fcckgef\u00fchrt werden. Die Entsorgung \u00fcber den Hausm\u00fcll ist zu vermeiden.<\/li>\n<\/ul>\n<\/div>\n<\/div>\n\n\n\n<h4 class=\"wp-block-heading\"><strong>Was du tun kannst:<\/strong><\/h4>\n\n\n\n<div class=\"wp-block-columns is-not-stacked-on-mobile is-layout-flex wp-container-core-columns-is-layout-9d6595d7 wp-block-columns-is-layout-flex\">\n<div class=\"wp-block-column is-layout-flow wp-block-column-is-layout-flow\" style=\"flex-basis:10px\"><\/div>\n\n\n\n<div class=\"wp-block-column is-layout-flow wp-block-column-is-layout-flow\">\n<ul class=\"wp-block-list\">\n<li><strong>Verpackungen ordnungsgem\u00e4\u00df entsorgen<\/strong>: Bitte achte darauf, die Verpackungen, die du von uns erh\u00e4ltst, in die daf\u00fcr vorgesehenen Recyclingbeh\u00e4lter zu werfen und nicht \u00fcber den normalen Hausm\u00fcll zu entsorgen.<\/li>\n\n\n\n<li><strong>Recycling unterst\u00fctzen<\/strong>: Indem du Verpackungen recycelst, leistest du einen wichtigen Beitrag zur Ressourcenschonung und zum Umweltschutz.<\/li>\n<\/ul>\n<\/div>\n<\/div>\n\n\n\n<p>Durch die ordnungsgem\u00e4\u00dfe Entsorgung von Verpackungen gem\u00e4\u00df dem Verpackungsgesetz unterst\u00fctzen wir gemeinsam eine nachhaltige Kreislaufwirtschaft. Weitere Informationen zur Verpackungsentsorgung und -r\u00fcckgabe findest du auch auf den Seiten der zust\u00e4ndigen R\u00fccknahmesysteme oder kannst dich bei unserem <a href=\"https:\/\/carp-sounder.com\/de\/kontaktformular\/\" data-type=\"page\" data-id=\"530\">Kundenservice<\/a> melden.<\/p>\n","protected":false},"excerpt":{"rendered":"<p>Hinweis gem\u00e4\u00df Verpackungsgesetz (VerpackG) und LUCID-Nummer Im Rahmen des Verpackungsgesetzes (VerpackG) sind wir als Hersteller verpflichtet, sicherzustellen, dass unsere Verpackungen umweltgerecht entsorgt und recycelt werden. Daher nehmen wir unsere Verantwortung f\u00fcr die Entsorgung und das Recycling von Verpackungen ernst und sind entsprechend registriert. Unsere LUCID-Nummer: DE1763296677695https:\/\/www.verpackungsregister.org Pflichten nach dem Verpackungsgesetz: Was du tun kannst: Durch [&#8230;]<\/p>\n","protected":false},"author":1,"featured_media":0,"parent":0,"menu_order":0,"comment_status":"closed","ping_status":"closed","template":"","meta":{"footnotes":""},"class_list":["post-137","page","type-page","status-publish","hentry"],"_links":{"self":[{"href":"https:\/\/carp-sounder.com\/de\/wp-json\/wp\/v2\/pages\/137","targetHints":{"allow":["GET"]}}],"collection":[{"href":"https:\/\/carp-sounder.com\/de\/wp-json\/wp\/v2\/pages"}],"about":[{"href":"https:\/\/carp-sounder.com\/de\/wp-json\/wp\/v2\/types\/page"}],"author":[{"embeddable":true,"href":"https:\/\/carp-sounder.com\/de\/wp-json\/wp\/v2\/users\/1"}],"replies":[{"embeddable":true,"href":"https:\/\/carp-sounder.com\/de\/wp-json\/wp\/v2\/comments?post=137"}],"version-history":[{"count":8,"href":"https:\/\/carp-sounder.com\/de\/wp-json\/wp\/v2\/pages\/137\/revisions"}],"predecessor-version":[{"id":2042,"href":"https:\/\/carp-sounder.com\/de\/wp-json\/wp\/v2\/pages\/137\/revisions\/2042"}],"wp:attachment":[{"href":"https:\/\/carp-sounder.com\/de\/wp-json\/wp\/v2\/media?parent=137"}],"curies":[{"name":"wp","href":"https:\/\/api.w.org\/{rel}","templated":true}]}}