{"id":139,"date":"2024-12-17T15:44:40","date_gmt":"2024-12-17T14:44:40","guid":{"rendered":"https:\/\/carp-sounder.com\/?page_id=139"},"modified":"2024-12-23T18:45:06","modified_gmt":"2024-12-23T17:45:06","slug":"batteriegesetz","status":"publish","type":"page","link":"https:\/\/carp-sounder.com\/de\/batteriegesetz\/","title":{"rendered":"Batteriegesetz"},"content":{"rendered":"\n<h3 class=\"wp-block-heading\"><strong>Hinweis nach dem Batteriegesetz (BattG)<\/strong><\/h3>\n\n\n\n<p>Im Rahmen des Batteriegesetzes (BattG) sind wir verpflichtet, dich als Verbraucher \u00fcber den richtigen Umgang mit Batterien und Akkus zu informieren.<\/p>\n\n\n\n<h4 class=\"wp-block-heading\"><strong>1. R\u00fccknahme von Altbatterien<\/strong><\/h4>\n\n\n\n<p>Du bist gesetzlich verpflichtet, Batterien und Akkus nicht \u00fcber den normalen Hausm\u00fcll zu entsorgen. Als Endverbraucher kannst du Altbatterien bei uns zur\u00fcckgeben, indem du sie an uns sendest oder in den \u00f6ffentlichen R\u00fccknahmestellen in deiner N\u00e4he abgibst. Wir nehmen alle gebrauchten Batterien, die wir im Sortiment f\u00fchren oder gef\u00fchrt haben, zur\u00fcck.<\/p>\n\n\n\n<h4 class=\"wp-block-heading\"><strong>2. Kennzeichnung von Batterien<\/strong><\/h4>\n\n\n\n<p>Alle Batterien und Akkus, die du bei uns kaufst, sind mit dem Symbol der durchgekreuzten M\u00fclltonne versehen. Dieses Symbol weist darauf hin, dass Batterien und Akkus nicht in den Hausm\u00fcll geh\u00f6ren.<\/p>\n\n\n\n<h4 class=\"wp-block-heading\"><strong>3. Information zu Schadstoffen<\/strong><\/h4>\n\n\n\n<p>Einige Batterien enthalten Schadstoffe, die gef\u00e4hrlich f\u00fcr Umwelt und Gesundheit sein k\u00f6nnen. Daher findest du unter dem M\u00fclltonnensymbol folgende Zusatzerkl\u00e4rung:<\/p>\n\n\n\n<div class=\"wp-block-columns is-not-stacked-on-mobile is-layout-flex wp-container-core-columns-is-layout-9d6595d7 wp-block-columns-is-layout-flex\">\n<div class=\"wp-block-column is-layout-flow wp-block-column-is-layout-flow\" style=\"flex-basis:10px\"><\/div>\n\n\n\n<div class=\"wp-block-column is-layout-flow wp-block-column-is-layout-flow\">\n<ul class=\"wp-block-list\">\n<li><strong>Pb<\/strong>: Batterien enthalten Blei<\/li>\n\n\n\n<li><strong>Cd<\/strong>: Batterien enthalten Cadmium<\/li>\n\n\n\n<li><strong>Hg<\/strong>: Batterien enthalten Quecksilber<\/li>\n<\/ul>\n<\/div>\n<\/div>\n\n\n\n<p>Bitte entsorge Batterien und Akkus verantwortungsbewusst, um die Umwelt zu sch\u00fctzen.<\/p>\n\n\n\n<h4 class=\"wp-block-heading\"><strong>4. Entsorgung und R\u00fcckgabe<\/strong><\/h4>\n\n\n\n<p>Altbatterien und Akkus kannst du an uns oder an einer kommunalen Sammelstelle abgeben. Eine R\u00fccksendung an uns ist ebenfalls m\u00f6glich, indem du die Altbatterien an folgende Adresse sendest:<\/p>\n\n\n\n<p>Carpsounder Braunfels e.K.<br>Josef-L\u00fccker-Weg 6<br>35619 Braunfels<br>GERMANY<\/p>\n\n\n\n<p>Vielen Dank, dass du zur umweltfreundlichen Entsorgung beitr\u00e4gst!<\/p>\n","protected":false},"excerpt":{"rendered":"<p>Hinweis nach dem Batteriegesetz (BattG) Im Rahmen des Batteriegesetzes (BattG) sind wir verpflichtet, dich als Verbraucher \u00fcber den richtigen Umgang mit Batterien und Akkus zu informieren. 1. R\u00fccknahme von Altbatterien Du bist gesetzlich verpflichtet, Batterien und Akkus nicht \u00fcber den normalen Hausm\u00fcll zu entsorgen. Als Endverbraucher kannst du Altbatterien bei uns zur\u00fcckgeben, indem du sie [&#8230;]<\/p>\n","protected":false},"author":1,"featured_media":0,"parent":0,"menu_order":0,"comment_status":"closed","ping_status":"closed","template":"","meta":{"footnotes":""},"class_list":["post-139","page","type-page","status-publish","hentry"],"_links":{"self":[{"href":"https:\/\/carp-sounder.com\/de\/wp-json\/wp\/v2\/pages\/139","targetHints":{"allow":["GET"]}}],"collection":[{"href":"https:\/\/carp-sounder.com\/de\/wp-json\/wp\/v2\/pages"}],"about":[{"href":"https:\/\/carp-sounder.com\/de\/wp-json\/wp\/v2\/types\/page"}],"author":[{"embeddable":true,"href":"https:\/\/carp-sounder.com\/de\/wp-json\/wp\/v2\/users\/1"}],"replies":[{"embeddable":true,"href":"https:\/\/carp-sounder.com\/de\/wp-json\/wp\/v2\/comments?post=139"}],"version-history":[{"count":5,"href":"https:\/\/carp-sounder.com\/de\/wp-json\/wp\/v2\/pages\/139\/revisions"}],"predecessor-version":[{"id":2047,"href":"https:\/\/carp-sounder.com\/de\/wp-json\/wp\/v2\/pages\/139\/revisions\/2047"}],"wp:attachment":[{"href":"https:\/\/carp-sounder.com\/de\/wp-json\/wp\/v2\/media?parent=139"}],"curies":[{"name":"wp","href":"https:\/\/api.w.org\/{rel}","templated":true}]}}