{"id":141,"date":"2024-12-17T15:45:01","date_gmt":"2024-12-17T14:45:01","guid":{"rendered":"https:\/\/carp-sounder.com\/?page_id=141"},"modified":"2024-12-23T18:49:34","modified_gmt":"2024-12-23T17:49:34","slug":"elektrogesetz","status":"publish","type":"page","link":"https:\/\/carp-sounder.com\/de\/elektrogesetz\/","title":{"rendered":"Elektrogesetz"},"content":{"rendered":"\n<h3 class=\"wp-block-heading\"><strong>Hinweis gem\u00e4\u00df Elektrogesetz (ElektroG) und WEEE-Nummer<\/strong><\/h3>\n\n\n\n<p>Im Rahmen des Elektrogesetzes (ElektroG) sind wir als Hersteller verpflichtet, die ordnungsgem\u00e4\u00dfe Entsorgung von Elektro- und Elektronikger\u00e4ten sicherzustellen. Unsere Produkte unterliegen der gesetzlichen Regelung zur R\u00fccknahme und umweltgerechten Entsorgung von Altger\u00e4ten.<\/p>\n\n\n\n<p><strong>Unsere WEEE-Nummer:<\/strong> DE77278658<\/p>\n\n\n\n<p><strong>Pflichten nach dem Elektrogesetz:<\/strong><\/p>\n\n\n\n<div class=\"wp-block-columns is-not-stacked-on-mobile is-layout-flex wp-container-core-columns-is-layout-9d6595d7 wp-block-columns-is-layout-flex\">\n<div class=\"wp-block-column is-layout-flow wp-block-column-is-layout-flow\" style=\"flex-basis:10px\"><\/div>\n\n\n\n<div class=\"wp-block-column is-layout-flow wp-block-column-is-layout-flow\">\n<ul class=\"wp-block-list\">\n<li><strong>Registrierung<\/strong>: Wir sind gem\u00e4\u00df dem Elektrogesetz als Hersteller bei der Stiftung EAR (Elektro-Altger\u00e4te Register) registriert. Unsere WEEE-Nummer dient der Identifikation bei der R\u00fccknahme von Altger\u00e4ten.<\/li>\n\n\n\n<li><strong>R\u00fccknahme von Altger\u00e4ten<\/strong>: Verbraucher sind verpflichtet, alte Elektro- und Elektronikger\u00e4te nicht \u00fcber den normalen Hausm\u00fcll zu entsorgen. Wir bieten die M\u00f6glichkeit, Altger\u00e4te in daf\u00fcr vorgesehenen R\u00fccknahmestellen oder bei uns zu entsorgen.<\/li>\n\n\n\n<li><strong>Recycling und Entsorgung<\/strong>: Unsere Produkte sind mit dem Symbol der durchgekreuzten M\u00fclltonne gekennzeichnet, was bedeutet, dass sie nicht in den Hausm\u00fcll geh\u00f6ren. Du kannst deine Altger\u00e4te kostenlos bei \u00f6ffentlichen Sammelstellen oder \u00fcber R\u00fccknahmesysteme abgeben.<\/li>\n<\/ul>\n<\/div>\n<\/div>\n\n\n\n<p><strong>Was du tun kannst:<\/strong><\/p>\n\n\n\n<div class=\"wp-block-columns is-not-stacked-on-mobile is-layout-flex wp-container-core-columns-is-layout-9d6595d7 wp-block-columns-is-layout-flex\">\n<div class=\"wp-block-column is-layout-flow wp-block-column-is-layout-flow\" style=\"flex-basis:10px\"><\/div>\n\n\n\n<div class=\"wp-block-column is-layout-flow wp-block-column-is-layout-flow\">\n<ul class=\"wp-block-list\">\n<li><strong>Altger\u00e4te zur\u00fcckgeben<\/strong>: Bitte gib alte Ger\u00e4te bei den vorgesehenen Sammelstellen ab, um eine ordnungsgem\u00e4\u00dfe Entsorgung und Recycling zu gew\u00e4hrleisten.<\/li>\n\n\n\n<li><strong>Recycling unterst\u00fctzen<\/strong>: Indem du deine Altger\u00e4te auf den richtigen Wegen entsorgst, tr\u00e4gst du aktiv zum Umweltschutz und zur Ressourcenschonung bei.<\/li>\n<\/ul>\n<\/div>\n<\/div>\n\n\n\n<p>Wir \u00fcbernehmen die Verantwortung f\u00fcr die umweltgerechte Entsorgung und Recycling unserer Produkte. Weitere Informationen zum Elektrogesetz und zur Entsorgung findest du auf den entsprechenden Seiten der Stiftung EAR (<a href=\"https:\/\/www.ear-system.de\/ear-verzeichnis\/hersteller\">https:\/\/www.ear-system.de\/ear-verzeichnis\/hersteller<\/a>) oder bei unserem <a href=\"https:\/\/carp-sounder.com\/de\/kontaktformular\/\" data-type=\"page\" data-id=\"530\">Kundenservice<\/a>.<\/p>\n","protected":false},"excerpt":{"rendered":"<p>Hinweis gem\u00e4\u00df Elektrogesetz (ElektroG) und WEEE-Nummer Im Rahmen des Elektrogesetzes (ElektroG) sind wir als Hersteller verpflichtet, die ordnungsgem\u00e4\u00dfe Entsorgung von Elektro- und Elektronikger\u00e4ten sicherzustellen. Unsere Produkte unterliegen der gesetzlichen Regelung zur R\u00fccknahme und umweltgerechten Entsorgung von Altger\u00e4ten. Unsere WEEE-Nummer: DE77278658 Pflichten nach dem Elektrogesetz: Was du tun kannst: Wir \u00fcbernehmen die Verantwortung f\u00fcr die umweltgerechte [&#8230;]<\/p>\n","protected":false},"author":1,"featured_media":0,"parent":0,"menu_order":0,"comment_status":"closed","ping_status":"closed","template":"","meta":{"footnotes":""},"class_list":["post-141","page","type-page","status-publish","hentry"],"_links":{"self":[{"href":"https:\/\/carp-sounder.com\/de\/wp-json\/wp\/v2\/pages\/141","targetHints":{"allow":["GET"]}}],"collection":[{"href":"https:\/\/carp-sounder.com\/de\/wp-json\/wp\/v2\/pages"}],"about":[{"href":"https:\/\/carp-sounder.com\/de\/wp-json\/wp\/v2\/types\/page"}],"author":[{"embeddable":true,"href":"https:\/\/carp-sounder.com\/de\/wp-json\/wp\/v2\/users\/1"}],"replies":[{"embeddable":true,"href":"https:\/\/carp-sounder.com\/de\/wp-json\/wp\/v2\/comments?post=141"}],"version-history":[{"count":18,"href":"https:\/\/carp-sounder.com\/de\/wp-json\/wp\/v2\/pages\/141\/revisions"}],"predecessor-version":[{"id":2052,"href":"https:\/\/carp-sounder.com\/de\/wp-json\/wp\/v2\/pages\/141\/revisions\/2052"}],"wp:attachment":[{"href":"https:\/\/carp-sounder.com\/de\/wp-json\/wp\/v2\/media?parent=141"}],"curies":[{"name":"wp","href":"https:\/\/api.w.org\/{rel}","templated":true}]}}