{"id":145,"date":"2024-12-17T15:49:57","date_gmt":"2024-12-17T14:49:57","guid":{"rendered":"https:\/\/carp-sounder.com\/?page_id=145"},"modified":"2025-01-15T12:25:01","modified_gmt":"2025-01-15T11:25:01","slug":"startseite","status":"publish","type":"page","link":"https:\/\/carp-sounder.com\/de\/","title":{"rendered":"Startseite"},"content":{"rendered":"\n<div class=\"wp-block-atomion-block-hero-slider undefined-wrapper alignfull\" data-autoplay=\"true\" data-show-dots=\"true\" data-show-arrows=\"true\" data-infinite-loop=\"true\" data-slide-effect=\"fade-zoom\"><div class=\"undefined s1\"><div class=\"slide-1-hero-image\" style=\"background-image:url(https:\/\/carp-sounder.com\/wp-content\/uploads\/home-hero-slider-2.jpg);background-position:center\"><img decoding=\"async\" src=\"https:\/\/carp-sounder.com\/wp-content\/uploads\/home-hero-slider-2.jpg\"\/><div class=\"hero-slider-content-wrapper\" style=\"text-align:right\"><div class=\"hero-slider-content\" style=\"text-align:right;justify-content:flex-end\"><div class=\"inner\"><span class=\"pre-heading\" style=\"color:#ffffff\">Bereit f\u00fcr dein n\u00e4chstes Angelabenteuer<\/span><h3 style=\"color:#ffffff\">CS PRO System<\/h3><a style=\"color:#ffffff;box-shadow:inset 0 0 0 4px #ffffff\" class=\"button outline\" href=\"https:\/\/carp-sounder.com\/de\/produkt-kategorie\/cs-pro-system\/\">Jetzt erleben&#8230;<\/a><\/div><\/div><\/div><\/div><\/div><div class=\"undefined s2\"><div class=\"slide-2-hero-image\" style=\"background-image:url(https:\/\/carp-sounder.com\/wp-content\/uploads\/home-hero-slider-1.jpg);background-position:center\"><img decoding=\"async\" src=\"https:\/\/carp-sounder.com\/wp-content\/uploads\/home-hero-slider-1.jpg\"\/><div class=\"hero-slider-content-wrapper\"><div class=\"hero-slider-content\" style=\"text-align:right;justify-content:flex-end\"><div class=\"inner\"><span class=\"pre-heading\" style=\"color:#ffffff\">Bereit f\u00fcr dein n\u00e4chstes Angelabenteuer<\/span><h3 style=\"color:#ffffff\">CS ONE System<\/h3><a class=\"button outline\" style=\"color:#ffffff;box-shadow:inset 0 0 0 4px #ffffff\" href=\"https:\/\/carp-sounder.com\/de\/produkt-kategorie\/cs-one-system\/\">Jetzt erleben&#8230;<\/a><\/div><\/div><\/div><\/div><\/div><div class=\"undefined s3\"><div class=\"slide-3-hero-image\" style=\"background-image:url(https:\/\/carp-sounder.com\/wp-content\/uploads\/home-hero-slider-4.jpg);background-position:center\"><img decoding=\"async\" src=\"https:\/\/carp-sounder.com\/wp-content\/uploads\/home-hero-slider-4.jpg\"\/><div class=\"hero-slider-content-wrapper\"><div class=\"hero-slider-content\" style=\"text-align:right;justify-content:flex-end\"><div class=\"inner\"><span class=\"pre-heading\" style=\"color:#ffffff\">Bereit f\u00fcr dein n\u00e4chstes Angelabenteuer<\/span><h3 style=\"color:#ffffff\">CS XRS ACC System<\/h3><a class=\"button outline\" style=\"color:#ffffff;box-shadow:inset 0 0 0 4px #ffffff\" href=\"https:\/\/carp-sounder.com\/de\/produkt-kategorie\/cs-xrs-acc-system\/\">Jetzt erleben&#8230;<\/a><\/div><\/div><\/div><\/div><\/div><\/div>\n\n\n\n<h2 class=\"wp-block-heading\">Herzlich willkommen bei Carp-Sounder \u2013 deinem Experten f\u00fcr innovative Bissanzeiger!<\/h2>\n\n\n\n<p>Wir bieten dir alles, was du f\u00fcr erfolgreiches Angeln ben\u00f6tigst: von hochmodernen Bissanzeigern bis hin zu praktischen Zubeh\u00f6rteilen, die dir das Angeln noch angenehmer und effizienter machen. Unsere Produkte zeichnen sich durch h\u00f6chste Qualit\u00e4t, pr\u00e4zise Technik und benutzerfreundliche Handhabung aus.<\/p>\n\n\n\n<p>Tauche ein in die Welt der Bissanzeiger und finde genau das, was du f\u00fcr dein n\u00e4chstes Angelabenteuer brauchst. Ob Profi oder Einsteiger \u2013 bei uns findest du alles, was dein Anglerherz begehrt!<\/p>\n\n\n\n<p>Viel Spa\u00df beim Entdecken und Tight Lines!<\/p>\n\n\n\n<h2 class=\"wp-block-heading\">Entdecke das neue revolution\u00e4re <strong>CS PRO System<\/strong><\/h2>\n\n\n\n<p>Das <strong>CS PRO System<\/strong> bringt nicht nur Pr\u00e4zision und Zuverl\u00e4ssigkeit auf ein neues Level, sondern setzt auch auf h\u00f6chste Benutzerfreundlichkeit durch <strong>Fernbedienbarkeit<\/strong>. Mit der innovativen Fernsteuerung kannst du dein System bequem aus der Ferne bedienen, ohne dich aus dem Bivvy bewegen zu m\u00fcssen. Dank des fortschrittlichen Funksystems mit einer \u00fcberragenden Reichweite bekommst du alle relevanten Informationen direkt auf deinen Receiver. Diese einzigartige Kombination aus innovativer Technik und smarter Steuerung sorgt daf\u00fcr, dass dein Karpfenangeln noch effizienter und komfortabler wird.<\/p>\n\n\n\n<p>Erlebe das <strong>CS Pro System<\/strong> \u2013 f\u00fcr ein v\u00f6llig neues, fernbedienbares Angelerlebnis!<\/p>\n\n\n\n<div data-block-name=\"woocommerce\/handpicked-products\" data-columns=\"3\" data-edit-mode=\"false\" data-orderby=\"menu_order\" data-products=\"[6088,6089,6090]\" data-show-description=\"false\" class=\"wp-block-woocommerce-handpicked-products\"><div class=\"woocommerce columns-3 gutenberg-block no-description atomion-product-grid \"><ul class=\"products columns-3 2\"><li class=\"has-revert-scale has-no-scale has-no-add-to-cart product type-product post-6088 status-publish first instock product_cat-cs-pro-system has-post-thumbnail taxable shipping-taxable purchasable product-type-simple\">\n\t\t<div class=\"product-image-wrapper\">\n\t\t<a href=\"?add-to-cart=6088\" aria-describedby=\"woocommerce_loop_add_to_cart_link_describedby_6088\" data-quantity=\"1\" class=\"button product_type_simple add_to_cart_button ajax_add_to_cart\" data-product_id=\"6088\" data-product_sku=\"AGEPRO-BK-FS2\" aria-label=\"In den Warenkorb legen: \u201eAGEpro 2+1 Bundle\u201c\" rel=\"nofollow\" data-success_message=\"\u201eAGEpro 2+1 Bundle\u201c wurde deinem Warenkorb hinzugef\u00fcgt\">In den Warenkorb<\/a>\t<span id=\"woocommerce_loop_add_to_cart_link_describedby_6088\" class=\"screen-reader-text\">\n\t\t\t<\/span>\n<a href=\"https:\/\/carp-sounder.com\/de\/store\/agepro-21-bundle\/\" class=\"atomion-product-image\"><img loading=\"lazy\" decoding=\"async\" width=\"300\" height=\"300\" src=\"https:\/\/carp-sounder.com\/wp-content\/uploads\/AGEPRO-BK-FS2-300x300.jpg\" class=\"attachment-woocommerce_thumbnail size-woocommerce_thumbnail\" alt=\"AGEpro 2+1 Bundle\" srcset=\"https:\/\/carp-sounder.com\/wp-content\/uploads\/AGEPRO-BK-FS2-300x300.jpg 300w, https:\/\/carp-sounder.com\/wp-content\/uploads\/AGEPRO-BK-FS2-200x200.jpg 200w, https:\/\/carp-sounder.com\/wp-content\/uploads\/AGEPRO-BK-FS2-600x600.jpg 600w, https:\/\/carp-sounder.com\/wp-content\/uploads\/AGEPRO-BK-FS2-1024x1024.jpg 1024w, https:\/\/carp-sounder.com\/wp-content\/uploads\/AGEPRO-BK-FS2-150x150.jpg 150w, https:\/\/carp-sounder.com\/wp-content\/uploads\/AGEPRO-BK-FS2-768x768.jpg 768w, https:\/\/carp-sounder.com\/wp-content\/uploads\/AGEPRO-BK-FS2-270x270.jpg 270w, https:\/\/carp-sounder.com\/wp-content\/uploads\/AGEPRO-BK-FS2-1320x1320.jpg 1320w, https:\/\/carp-sounder.com\/wp-content\/uploads\/AGEPRO-BK-FS2.jpg 1500w\" sizes=\"auto, (max-width: 300px) 100vw, 300px\" \/><\/a><a class=\"atomion-product-lupe\" href=\"https:\/\/carp-sounder.com\/de\/store\/agepro-21-bundle\/\"><i class=\"fas fa-search-plus\"><\/i><\/a>\t<\/div>\n\t<div class=\"site-product-meta\">\n\t\t\t<div class=\"atomion-woocommerce-product-category\">\r\n\t\t<a href=\"https:\/\/carp-sounder.com\/de\/produkt-kategorie\/cs-pro-system\/\">CS PRO System<\/a>\t<\/div>\r\n\t<a href=\"https:\/\/carp-sounder.com\/de\/store\/agepro-21-bundle\/\" class=\"woocommerce-LoopProduct-link woocommerce-loop-product__link\"><h2 class=\"woocommerce-loop-product__title\">AGEpro 2+1 Bundle<\/h2><\/a><p class=\"price\"><span class=\"woocommerce-Price-amount amount\"><bdi>597,00&nbsp;<span class=\"woocommerce-Price-currencySymbol\">&euro;<\/span><\/bdi><\/span><\/p>\n\t\t<div class=\"wgm-info woocommerce-de_price_taxrate \"><\/div>\n\t\t<div class=\"wgm-info woocommerce_de_versandkosten\">zzgl. <a class=\"versandkosten\" href=\"https:\/\/carp-sounder.com\/de\/versand_lieferung\/\" target=\"_blank\">Versand<\/a><\/div><small><\/small>\t\t<div class=\"product-excerpt\">\n\t\t\t<p>[included_products ids=\"228, 6085, 6086\" amounts=\"2,1,1\"]<\/p>\t\t<\/div>\n\n\t\t<div class=\"go-to-product\"><a class=\"button\" href=\"https:\/\/carp-sounder.com\/de\/store\/agepro-21-bundle\/\">Gehe zum Produkt<\/a><\/div>\t<\/div>\n   <\/li>\n<li class=\"has-revert-scale has-no-scale has-no-add-to-cart product type-product post-6089 status-publish instock product_cat-cs-pro-system has-post-thumbnail taxable shipping-taxable purchasable product-type-simple\">\n\t\t<div class=\"product-image-wrapper\">\n\t\t<a href=\"?add-to-cart=6089\" aria-describedby=\"woocommerce_loop_add_to_cart_link_describedby_6089\" data-quantity=\"1\" class=\"button product_type_simple add_to_cart_button ajax_add_to_cart\" data-product_id=\"6089\" data-product_sku=\"AGEPRO-BK-FS3\" aria-label=\"In den Warenkorb legen: \u201eAGEpro 3+1 Bundle\u201c\" rel=\"nofollow\" data-success_message=\"\u201eAGEpro 3+1 Bundle\u201c wurde deinem Warenkorb hinzugef\u00fcgt\">In den Warenkorb<\/a>\t<span id=\"woocommerce_loop_add_to_cart_link_describedby_6089\" class=\"screen-reader-text\">\n\t\t\t<\/span>\n<a href=\"https:\/\/carp-sounder.com\/de\/store\/agepro-31-bundle\/\" class=\"atomion-product-image\"><img loading=\"lazy\" decoding=\"async\" width=\"300\" height=\"300\" src=\"https:\/\/carp-sounder.com\/wp-content\/uploads\/AGEPRO-BK-FS3-300x300.jpg\" class=\"attachment-woocommerce_thumbnail size-woocommerce_thumbnail\" alt=\"AGEpro 3+1 Bundle\" srcset=\"https:\/\/carp-sounder.com\/wp-content\/uploads\/AGEPRO-BK-FS3-300x300.jpg 300w, https:\/\/carp-sounder.com\/wp-content\/uploads\/AGEPRO-BK-FS3-200x200.jpg 200w, https:\/\/carp-sounder.com\/wp-content\/uploads\/AGEPRO-BK-FS3-600x600.jpg 600w, https:\/\/carp-sounder.com\/wp-content\/uploads\/AGEPRO-BK-FS3-1024x1024.jpg 1024w, https:\/\/carp-sounder.com\/wp-content\/uploads\/AGEPRO-BK-FS3-150x150.jpg 150w, https:\/\/carp-sounder.com\/wp-content\/uploads\/AGEPRO-BK-FS3-768x768.jpg 768w, https:\/\/carp-sounder.com\/wp-content\/uploads\/AGEPRO-BK-FS3-270x270.jpg 270w, https:\/\/carp-sounder.com\/wp-content\/uploads\/AGEPRO-BK-FS3-1320x1320.jpg 1320w, https:\/\/carp-sounder.com\/wp-content\/uploads\/AGEPRO-BK-FS3.jpg 1500w\" sizes=\"auto, (max-width: 300px) 100vw, 300px\" \/><\/a><a class=\"atomion-product-lupe\" href=\"https:\/\/carp-sounder.com\/de\/store\/agepro-31-bundle\/\"><i class=\"fas fa-search-plus\"><\/i><\/a>\t<\/div>\n\t<div class=\"site-product-meta\">\n\t\t\t<div class=\"atomion-woocommerce-product-category\">\r\n\t\t<a href=\"https:\/\/carp-sounder.com\/de\/produkt-kategorie\/cs-pro-system\/\">CS PRO System<\/a>\t<\/div>\r\n\t<a href=\"https:\/\/carp-sounder.com\/de\/store\/agepro-31-bundle\/\" class=\"woocommerce-LoopProduct-link woocommerce-loop-product__link\"><h2 class=\"woocommerce-loop-product__title\">AGEpro 3+1 Bundle<\/h2><\/a><p class=\"price\"><span class=\"woocommerce-Price-amount amount\"><bdi>796,00&nbsp;<span class=\"woocommerce-Price-currencySymbol\">&euro;<\/span><\/bdi><\/span><\/p>\n\t\t<div class=\"wgm-info woocommerce-de_price_taxrate \"><\/div>\n\t\t<div class=\"wgm-info woocommerce_de_versandkosten\">zzgl. <a class=\"versandkosten\" href=\"https:\/\/carp-sounder.com\/de\/versand_lieferung\/\" target=\"_blank\">Versand<\/a><\/div><small><\/small>\t\t<div class=\"product-excerpt\">\n\t\t\t<p>[included_products ids=\"228, 6085, 6086\" amounts=\"3,1,1\"]<\/p>\t\t<\/div>\n\n\t\t<div class=\"go-to-product\"><a class=\"button\" href=\"https:\/\/carp-sounder.com\/de\/store\/agepro-31-bundle\/\">Gehe zum Produkt<\/a><\/div>\t<\/div>\n   <\/li>\n<li class=\"has-revert-scale has-no-scale has-no-add-to-cart product type-product post-6090 status-publish last instock product_cat-cs-pro-system has-post-thumbnail taxable shipping-taxable purchasable product-type-simple\">\n\t\t<div class=\"product-image-wrapper\">\n\t\t<a href=\"?add-to-cart=6090\" aria-describedby=\"woocommerce_loop_add_to_cart_link_describedby_6090\" data-quantity=\"1\" class=\"button product_type_simple add_to_cart_button ajax_add_to_cart\" data-product_id=\"6090\" data-product_sku=\"AGEPRO-BK-FS4\" aria-label=\"In den Warenkorb legen: \u201eAGEpro 4+1 Bundle\u201c\" rel=\"nofollow\" data-success_message=\"\u201eAGEpro 4+1 Bundle\u201c wurde deinem Warenkorb hinzugef\u00fcgt\">In den Warenkorb<\/a>\t<span id=\"woocommerce_loop_add_to_cart_link_describedby_6090\" class=\"screen-reader-text\">\n\t\t\t<\/span>\n<a href=\"https:\/\/carp-sounder.com\/de\/store\/agepro-41-bundle\/\" class=\"atomion-product-image\"><img loading=\"lazy\" decoding=\"async\" width=\"300\" height=\"300\" src=\"https:\/\/carp-sounder.com\/wp-content\/uploads\/AGEPRO-BK-FS4-300x300.jpg\" class=\"attachment-woocommerce_thumbnail size-woocommerce_thumbnail\" alt=\"AGEpro 4+1 Bundle\" srcset=\"https:\/\/carp-sounder.com\/wp-content\/uploads\/AGEPRO-BK-FS4-300x300.jpg 300w, https:\/\/carp-sounder.com\/wp-content\/uploads\/AGEPRO-BK-FS4-200x200.jpg 200w, https:\/\/carp-sounder.com\/wp-content\/uploads\/AGEPRO-BK-FS4-600x600.jpg 600w, https:\/\/carp-sounder.com\/wp-content\/uploads\/AGEPRO-BK-FS4-1024x1024.jpg 1024w, https:\/\/carp-sounder.com\/wp-content\/uploads\/AGEPRO-BK-FS4-150x150.jpg 150w, https:\/\/carp-sounder.com\/wp-content\/uploads\/AGEPRO-BK-FS4-768x768.jpg 768w, https:\/\/carp-sounder.com\/wp-content\/uploads\/AGEPRO-BK-FS4-270x270.jpg 270w, https:\/\/carp-sounder.com\/wp-content\/uploads\/AGEPRO-BK-FS4-1320x1320.jpg 1320w, https:\/\/carp-sounder.com\/wp-content\/uploads\/AGEPRO-BK-FS4.jpg 1500w\" sizes=\"auto, (max-width: 300px) 100vw, 300px\" \/><\/a><a class=\"atomion-product-lupe\" href=\"https:\/\/carp-sounder.com\/de\/store\/agepro-41-bundle\/\"><i class=\"fas fa-search-plus\"><\/i><\/a>\t<\/div>\n\t<div class=\"site-product-meta\">\n\t\t\t<div class=\"atomion-woocommerce-product-category\">\r\n\t\t<a href=\"https:\/\/carp-sounder.com\/de\/produkt-kategorie\/cs-pro-system\/\">CS PRO System<\/a>\t<\/div>\r\n\t<a href=\"https:\/\/carp-sounder.com\/de\/store\/agepro-41-bundle\/\" class=\"woocommerce-LoopProduct-link woocommerce-loop-product__link\"><h2 class=\"woocommerce-loop-product__title\">AGEpro 4+1 Bundle<\/h2><\/a><p class=\"price\"><span class=\"woocommerce-Price-amount amount\"><bdi>995,00&nbsp;<span class=\"woocommerce-Price-currencySymbol\">&euro;<\/span><\/bdi><\/span><\/p>\n\t\t<div class=\"wgm-info woocommerce-de_price_taxrate \"><\/div>\n\t\t<div class=\"wgm-info woocommerce_de_versandkosten\">zzgl. <a class=\"versandkosten\" href=\"https:\/\/carp-sounder.com\/de\/versand_lieferung\/\" target=\"_blank\">Versand<\/a><\/div><small><\/small>\t\t<div class=\"product-excerpt\">\n\t\t\t<p>[included_products ids=\"228, 6085, 6086\" amounts=\"4,1,1\"]<\/p>\t\t<\/div>\n\n\t\t<div class=\"go-to-product\"><a class=\"button\" href=\"https:\/\/carp-sounder.com\/de\/store\/agepro-41-bundle\/\">Gehe zum Produkt<\/a><\/div>\t<\/div>\n   <\/li>\n<\/ul>\n<\/div><\/div>\n","protected":false},"excerpt":{"rendered":"<p>Herzlich willkommen bei Carp-Sounder \u2013 deinem Experten f\u00fcr innovative Bissanzeiger! Wir bieten dir alles, was [&#8230;]<\/p>\n","protected":false},"author":1,"featured_media":0,"parent":0,"menu_order":0,"comment_status":"closed","ping_status":"closed","template":"page-blank.php","meta":{"footnotes":""},"class_list":["post-145","page","type-page","status-publish","hentry"],"_links":{"self":[{"href":"https:\/\/carp-sounder.com\/de\/wp-json\/wp\/v2\/pages\/145","targetHints":{"allow":["GET"]}}],"collection":[{"href":"https:\/\/carp-sounder.com\/de\/wp-json\/wp\/v2\/pages"}],"about":[{"href":"https:\/\/carp-sounder.com\/de\/wp-json\/wp\/v2\/types\/page"}],"author":[{"embeddable":true,"href":"https:\/\/carp-sounder.com\/de\/wp-json\/wp\/v2\/users\/1"}],"replies":[{"embeddable":true,"href":"https:\/\/carp-sounder.com\/de\/wp-json\/wp\/v2\/comments?post=145"}],"version-history":[{"count":38,"href":"https:\/\/carp-sounder.com\/de\/wp-json\/wp\/v2\/pages\/145\/revisions"}],"predecessor-version":[{"id":6643,"href":"https:\/\/carp-sounder.com\/de\/wp-json\/wp\/v2\/pages\/145\/revisions\/6643"}],"wp:attachment":[{"href":"https:\/\/carp-sounder.com\/de\/wp-json\/wp\/v2\/media?parent=145"}],"curies":[{"name":"wp","href":"https:\/\/api.w.org\/{rel}","templated":true}]}}