{"id":172,"date":"2024-12-17T16:16:28","date_gmt":"2024-12-17T15:16:28","guid":{"rendered":"https:\/\/carp-sounder.com\/?page_id=172"},"modified":"2025-01-16T11:42:31","modified_gmt":"2025-01-16T10:42:31","slug":"team","status":"publish","type":"page","link":"https:\/\/carp-sounder.com\/de\/unternehmen\/team\/","title":{"rendered":"Team"},"content":{"rendered":"\n<p>Die Ansprechpartner von Carp-Sounder sind das Herzst\u00fcck des Unternehmens und tragen mit ihrem Fachwissen und Engagement entscheidend zum Erfolg bei. Hier ein detaillierter \u00dcberblick \u00fcber die wichtigsten Ansprechpartner, einschlie\u00dflich der Bereiche Gesch\u00e4ftsf\u00fchrung, Buchhaltung, Produktion, Vertrieb und Produktentwicklung:<\/p>\n\n\n\n<h2 class=\"wp-block-heading\">Vertrieb<\/h2>\n\n\n\n<div class=\"wp-block-columns is-layout-flex wp-container-core-columns-is-layout-9d6595d7 wp-block-columns-is-layout-flex\">\n<div class=\"wp-block-column is-vertically-aligned-stretch is-layout-flow wp-block-column-is-layout-flow\" style=\"flex-basis:33.33%\"><div class=\"wp-block-image\">\n<figure class=\"alignright size-medium is-resized\"><img loading=\"lazy\" decoding=\"async\" width=\"300\" height=\"300\" src=\"https:\/\/carp-sounder.com\/wp-content\/uploads\/Matthias-Sommer-300x300.jpg\" alt=\"\" class=\"wp-image-6706\" style=\"width:250px\" srcset=\"https:\/\/carp-sounder.com\/wp-content\/uploads\/Matthias-Sommer-300x300.jpg 300w, https:\/\/carp-sounder.com\/wp-content\/uploads\/Matthias-Sommer-150x150.jpg 150w, https:\/\/carp-sounder.com\/wp-content\/uploads\/Matthias-Sommer-768x768.jpg 768w, https:\/\/carp-sounder.com\/wp-content\/uploads\/Matthias-Sommer-270x270.jpg 270w, https:\/\/carp-sounder.com\/wp-content\/uploads\/Matthias-Sommer-600x600.jpg 600w, https:\/\/carp-sounder.com\/wp-content\/uploads\/Matthias-Sommer-200x200.jpg 200w, https:\/\/carp-sounder.com\/wp-content\/uploads\/Matthias-Sommer.jpg 800w\" sizes=\"auto, (max-width: 300px) 100vw, 300px\" \/><\/figure>\n<\/div><\/div>\n\n\n\n<div class=\"wp-block-column is-vertically-aligned-center is-layout-flow wp-block-column-is-layout-flow\" style=\"flex-basis:66.66%\">\n<p><strong>Matthias Sommer \u2013 Vertrieb Europa<\/strong><br>Matthias Sommer ist verantwortlich f\u00fcr die Vertriebsorganisation in Europa und betreut mit Leidenschaft Endkunden sowie Gro\u00df- und Fachh\u00e4ndler. Als engagierter Mitarbeiter verfolgt er stets einen service- und kundenorientierten Ansatz. Er tr\u00e4gt ma\u00dfgeblich zum Aufbau neuer M\u00e4rkte bei und leistet einen entscheidenden Beitrag zur Weiterentwicklung der Marke. Dabei ist ihm eine glaubw\u00fcrdige, langfristige und vertrauensvolle Kundenbeziehung besonders wichtig. Matthias steht all seinen Kunden jederzeit f\u00fcr Anfragen aller Art zur Verf\u00fcgung \u2013 sei es in Form von Produktberatung oder bei serviceorientierten Anliegen. Doch nicht nur die Unterst\u00fctzung vor dem Kauf liegt ihm am Herzen. Vielmehr ist es ihm auch ein gro\u00dfes Anliegen, die Kunden im After-Sales-Bereich mit Rat und Tat zu begleiten.<\/p>\n<\/div>\n<\/div>\n\n\n\n<div class=\"wp-block-columns is-layout-flex wp-container-core-columns-is-layout-9d6595d7 wp-block-columns-is-layout-flex\">\n<div class=\"wp-block-column is-vertically-aligned-stretch is-layout-flow wp-block-column-is-layout-flow\" style=\"flex-basis:33.33%\"><div class=\"wp-block-image\">\n<figure class=\"alignright size-full is-resized\"><img loading=\"lazy\" decoding=\"async\" width=\"800\" height=\"800\" src=\"https:\/\/carp-sounder.com\/wp-content\/uploads\/Thomas-Flauger.jpg\" alt=\"\" class=\"wp-image-6733\" style=\"width:250px\" srcset=\"https:\/\/carp-sounder.com\/wp-content\/uploads\/Thomas-Flauger.jpg 800w, https:\/\/carp-sounder.com\/wp-content\/uploads\/Thomas-Flauger-300x300.jpg 300w, https:\/\/carp-sounder.com\/wp-content\/uploads\/Thomas-Flauger-150x150.jpg 150w, https:\/\/carp-sounder.com\/wp-content\/uploads\/Thomas-Flauger-768x768.jpg 768w, https:\/\/carp-sounder.com\/wp-content\/uploads\/Thomas-Flauger-270x270.jpg 270w, https:\/\/carp-sounder.com\/wp-content\/uploads\/Thomas-Flauger-600x600.jpg 600w, https:\/\/carp-sounder.com\/wp-content\/uploads\/Thomas-Flauger-200x200.jpg 200w\" sizes=\"auto, (max-width: 800px) 100vw, 800px\" \/><\/figure>\n<\/div><\/div>\n\n\n\n<div class=\"wp-block-column is-vertically-aligned-center is-layout-flow wp-block-column-is-layout-flow\" style=\"flex-basis:66.66%\">\n<p><strong>Thomas Flauger\u2013 Vertrieb Frankreich<\/strong><br>Thomas Flauger ist der Ansprechpartner f\u00fcr den Vertrieb in Frankreich. Mit seiner fundierten Kenntnis des franz\u00f6sischen Marktes und der Kultur k\u00fcmmert er sich um die Akquise neuer Kunden und die Pflege bestehender Beziehungen. Er stellt sicher, dass Carp-Sounder-Produkte in Frankreich erfolgreich vermarktet werden und arbeitet eng mit franz\u00f6sischen H\u00e4ndlern und Endkunden zusammen, um deren Anforderungen zu erf\u00fcllen. Thomassorgt daf\u00fcr, dass Carp-Sounder auch auf dem franz\u00f6sischen Markt eine starke Pr\u00e4senz hat.<\/p>\n<\/div>\n<\/div>\n\n\n\n<h2 class=\"wp-block-heading\">Gesch\u00e4ftsf\u00fchrung<\/h2>\n\n\n\n<div class=\"wp-block-columns is-layout-flex wp-container-core-columns-is-layout-9d6595d7 wp-block-columns-is-layout-flex\">\n<div class=\"wp-block-column is-vertically-aligned-stretch is-layout-flow wp-block-column-is-layout-flow\" style=\"flex-basis:33.33%\"><div class=\"wp-block-image\">\n<figure class=\"alignright size-full is-resized\"><img loading=\"lazy\" decoding=\"async\" width=\"800\" height=\"800\" src=\"https:\/\/carp-sounder.com\/wp-content\/uploads\/Joachim-Flauger.jpg\" alt=\"\" class=\"wp-image-6701\" style=\"width:250px\" srcset=\"https:\/\/carp-sounder.com\/wp-content\/uploads\/Joachim-Flauger.jpg 800w, https:\/\/carp-sounder.com\/wp-content\/uploads\/Joachim-Flauger-300x300.jpg 300w, https:\/\/carp-sounder.com\/wp-content\/uploads\/Joachim-Flauger-150x150.jpg 150w, https:\/\/carp-sounder.com\/wp-content\/uploads\/Joachim-Flauger-768x768.jpg 768w, https:\/\/carp-sounder.com\/wp-content\/uploads\/Joachim-Flauger-270x270.jpg 270w, https:\/\/carp-sounder.com\/wp-content\/uploads\/Joachim-Flauger-600x600.jpg 600w, https:\/\/carp-sounder.com\/wp-content\/uploads\/Joachim-Flauger-200x200.jpg 200w\" sizes=\"auto, (max-width: 800px) 100vw, 800px\" \/><\/figure>\n<\/div><\/div>\n\n\n\n<div class=\"wp-block-column is-vertically-aligned-center is-layout-flow wp-block-column-is-layout-flow\" style=\"flex-basis:66.66%\">\n<p><strong>Joachim Flauger \u2013 Gesch\u00e4ftsf\u00fchrer<\/strong><br>Joachim ist der Gesch\u00e4ftsf\u00fchrer von Carp-Sounder und tr\u00e4gt die Gesamtverantwortung f\u00fcr die strategische Ausrichtung des Unternehmens. Er sorgt f\u00fcr die kontinuierliche Weiterentwicklung der Marke, die Pflege von Partnerschaften und die Umsetzung langfristiger Unternehmensziele. Joachim ist stets bem\u00fcht, den Kunden ein hochwertiges Erlebnis zu bieten und die Marke Carp-Sounder als f\u00fchrend im Bereich der Karpfenangelfischerei zu etablieren.<\/p>\n<\/div>\n<\/div>\n\n\n\n<h2 class=\"wp-block-heading\">Entwicklung<\/h2>\n\n\n\n<div class=\"wp-block-columns is-layout-flex wp-container-core-columns-is-layout-9d6595d7 wp-block-columns-is-layout-flex\">\n<div class=\"wp-block-column is-vertically-aligned-stretch is-layout-flow wp-block-column-is-layout-flow\" style=\"flex-basis:33.33%\"><div class=\"wp-block-image\">\n<figure class=\"alignright size-full is-resized\"><img loading=\"lazy\" decoding=\"async\" width=\"800\" height=\"800\" src=\"https:\/\/carp-sounder.com\/wp-content\/uploads\/Dominik-Schwan.jpg\" alt=\"\" class=\"wp-image-6691\" style=\"width:250px\" srcset=\"https:\/\/carp-sounder.com\/wp-content\/uploads\/Dominik-Schwan.jpg 800w, https:\/\/carp-sounder.com\/wp-content\/uploads\/Dominik-Schwan-300x300.jpg 300w, https:\/\/carp-sounder.com\/wp-content\/uploads\/Dominik-Schwan-150x150.jpg 150w, https:\/\/carp-sounder.com\/wp-content\/uploads\/Dominik-Schwan-768x768.jpg 768w, https:\/\/carp-sounder.com\/wp-content\/uploads\/Dominik-Schwan-270x270.jpg 270w, https:\/\/carp-sounder.com\/wp-content\/uploads\/Dominik-Schwan-600x600.jpg 600w, https:\/\/carp-sounder.com\/wp-content\/uploads\/Dominik-Schwan-200x200.jpg 200w\" sizes=\"auto, (max-width: 800px) 100vw, 800px\" \/><\/figure>\n<\/div><\/div>\n\n\n\n<div class=\"wp-block-column is-vertically-aligned-center is-layout-flow wp-block-column-is-layout-flow\" style=\"flex-basis:66.66%\">\n<p><strong>Dominik Schwan \u2013 Produktentwicklung<\/strong><br>Dominik Schwan ist der verantwortliche Produktentwickler bei Carp-Sounder. Mit seinem umfangreichen technischen Wissen und seiner Kreativit\u00e4t arbeitet er st\u00e4ndig an der Weiterentwicklung und Verbesserung der Produkte. Dominik steht in engem Austausch mit der Produktion und dem Kundenservice, um sicherzustellen, dass die Produkte den Bed\u00fcrfnissen der Angler gerecht werden und kontinuierlich innovative L\u00f6sungen bieten. Er ist stets darauf bedacht, neue Ideen in funktionale, qualitativ hochwertige Produkte umzusetzen, die das Angelerlebnis verbessern.<\/p>\n<\/div>\n<\/div>\n\n\n\n<h2 class=\"wp-block-heading\">Buchhaltung<\/h2>\n\n\n\n<div class=\"wp-block-columns is-layout-flex wp-container-core-columns-is-layout-9d6595d7 wp-block-columns-is-layout-flex\">\n<div class=\"wp-block-column is-vertically-aligned-stretch is-layout-flow wp-block-column-is-layout-flow\" style=\"flex-basis:33.33%\"><div class=\"wp-block-image\">\n<figure class=\"alignright size-full is-resized\"><img loading=\"lazy\" decoding=\"async\" width=\"800\" height=\"800\" src=\"https:\/\/carp-sounder.com\/wp-content\/uploads\/Heike-Sommer.jpg\" alt=\"\" class=\"wp-image-6696\" style=\"width:250px\" srcset=\"https:\/\/carp-sounder.com\/wp-content\/uploads\/Heike-Sommer.jpg 800w, https:\/\/carp-sounder.com\/wp-content\/uploads\/Heike-Sommer-300x300.jpg 300w, https:\/\/carp-sounder.com\/wp-content\/uploads\/Heike-Sommer-150x150.jpg 150w, https:\/\/carp-sounder.com\/wp-content\/uploads\/Heike-Sommer-768x768.jpg 768w, https:\/\/carp-sounder.com\/wp-content\/uploads\/Heike-Sommer-270x270.jpg 270w, https:\/\/carp-sounder.com\/wp-content\/uploads\/Heike-Sommer-600x600.jpg 600w, https:\/\/carp-sounder.com\/wp-content\/uploads\/Heike-Sommer-200x200.jpg 200w\" sizes=\"auto, (max-width: 800px) 100vw, 800px\" \/><\/figure>\n<\/div><\/div>\n\n\n\n<div class=\"wp-block-column is-vertically-aligned-center is-layout-flow wp-block-column-is-layout-flow\" style=\"flex-basis:66.66%\">\n<p><strong>Heike Sommer \u2013 Buchhaltung und Finanzen<\/strong><br>Heike Sommer ist bei Carp-Sounder die verantwortliche Ansprechpartnerin f\u00fcr alle buchhalterischen und finanziellen Belange. Mit mehr als 25 Jahren Erfahrung im Unternehmen sorgt sie durch ihre akribische Arbeitsweise f\u00fcr eine solide kaufm\u00e4nnische Basis. Heike ist ein unverzichtbares Mitglied der CARPSOUNDER-Familie und geh\u00f6rt seit vielen Jahren zum festen Inventar unseres Teams.<\/p>\n<\/div>\n<\/div>\n\n\n\n<h2 class=\"wp-block-heading\">Produktion<\/h2>\n\n\n\n<div class=\"wp-block-columns is-layout-flex wp-container-core-columns-is-layout-9d6595d7 wp-block-columns-is-layout-flex\">\n<div class=\"wp-block-column is-vertically-aligned-stretch is-layout-flow wp-block-column-is-layout-flow\" style=\"flex-basis:33.33%\"><div class=\"wp-block-image\">\n<figure class=\"alignright size-full is-resized\"><img loading=\"lazy\" decoding=\"async\" width=\"800\" height=\"800\" src=\"https:\/\/carp-sounder.com\/wp-content\/uploads\/Peter-Kulesch.jpg\" alt=\"\" class=\"wp-image-6716\" style=\"width:250px\" srcset=\"https:\/\/carp-sounder.com\/wp-content\/uploads\/Peter-Kulesch.jpg 800w, https:\/\/carp-sounder.com\/wp-content\/uploads\/Peter-Kulesch-300x300.jpg 300w, https:\/\/carp-sounder.com\/wp-content\/uploads\/Peter-Kulesch-150x150.jpg 150w, https:\/\/carp-sounder.com\/wp-content\/uploads\/Peter-Kulesch-768x768.jpg 768w, https:\/\/carp-sounder.com\/wp-content\/uploads\/Peter-Kulesch-270x270.jpg 270w, https:\/\/carp-sounder.com\/wp-content\/uploads\/Peter-Kulesch-600x600.jpg 600w, https:\/\/carp-sounder.com\/wp-content\/uploads\/Peter-Kulesch-200x200.jpg 200w\" sizes=\"auto, (max-width: 800px) 100vw, 800px\" \/><\/figure>\n<\/div><\/div>\n\n\n\n<div class=\"wp-block-column is-vertically-aligned-center is-layout-flow wp-block-column-is-layout-flow\" style=\"flex-basis:66.66%\">\n<p><strong>Peter Kulesch \u2013 Senior Produktionsmitarbeiter<\/strong><br>Peter Kulesch hat 20 Jahre lang in der Produktion bei Carp-Sounder gearbeitet und geht nun in den Ruhestand. Trotz seines Ruhestands unterst\u00fctzt er das Team weiterhin als Senior Produktionsmitarbeiter in Teilzeit. Mit seiner umfassenden Erfahrung und seinem tiefen Wissen \u00fcber die Produktionsprozesse ist Peter ein unsch\u00e4tzbarer Ratgeber. Seine langj\u00e4hrige Erfahrung und sein Engagement tragen dazu bei, dass Carp-Sounder weiterhin h\u00f6chste Qualit\u00e4tsstandards gew\u00e4hrleistet. Peter bleibt ein gesch\u00e4tzter Teil des Teams, der seine wertvollen Kenntnisse und F\u00e4higkeiten an j\u00fcngere Kollegen weitergibt.<\/p>\n<\/div>\n<\/div>\n\n\n\n<div class=\"wp-block-columns is-layout-flex wp-container-core-columns-is-layout-9d6595d7 wp-block-columns-is-layout-flex\">\n<div class=\"wp-block-column is-vertically-aligned-stretch is-layout-flow wp-block-column-is-layout-flow\" style=\"flex-basis:33.33%\"><div class=\"wp-block-image\">\n<figure class=\"alignright size-full is-resized\"><img loading=\"lazy\" decoding=\"async\" width=\"800\" height=\"800\" src=\"https:\/\/carp-sounder.com\/wp-content\/uploads\/Anja-Feikus.jpg\" alt=\"\" class=\"wp-image-6721\" style=\"width:250px\" srcset=\"https:\/\/carp-sounder.com\/wp-content\/uploads\/Anja-Feikus.jpg 800w, https:\/\/carp-sounder.com\/wp-content\/uploads\/Anja-Feikus-300x300.jpg 300w, https:\/\/carp-sounder.com\/wp-content\/uploads\/Anja-Feikus-150x150.jpg 150w, https:\/\/carp-sounder.com\/wp-content\/uploads\/Anja-Feikus-768x768.jpg 768w, https:\/\/carp-sounder.com\/wp-content\/uploads\/Anja-Feikus-270x270.jpg 270w, https:\/\/carp-sounder.com\/wp-content\/uploads\/Anja-Feikus-600x600.jpg 600w, https:\/\/carp-sounder.com\/wp-content\/uploads\/Anja-Feikus-200x200.jpg 200w\" sizes=\"auto, (max-width: 800px) 100vw, 800px\" \/><\/figure>\n<\/div><\/div>\n\n\n\n<div class=\"wp-block-column is-vertically-aligned-center is-layout-flow wp-block-column-is-layout-flow\" style=\"flex-basis:66.66%\">\n<p><strong>Anja Feikus \u2013 Produktion und Qualit\u00e4tssicherung<\/strong><br>Anja Feikus arbeitet in der Produktion und Qualit\u00e4tssicherung bei Carp-Sounder. Sie \u00fcberwacht den gesamten Herstellungsprozess der Produkte und stellt sicher, dass alle Artikel den hohen Qualit\u00e4tsstandards entsprechen, die Carp-Sounder seinen Kunden verspricht. Anja arbeitet eng mit der Produktentwicklung zusammen, um sicherzustellen, dass neue Produkte effizient produziert werden und gleichzeitig h\u00f6chste Zuverl\u00e4ssigkeit und Funktionalit\u00e4t bieten.<\/p>\n<\/div>\n<\/div>\n\n\n\n<div class=\"wp-block-columns is-layout-flex wp-container-core-columns-is-layout-9d6595d7 wp-block-columns-is-layout-flex\">\n<div class=\"wp-block-column is-vertically-aligned-stretch is-layout-flow wp-block-column-is-layout-flow\" style=\"flex-basis:33.33%\"><div class=\"wp-block-image\">\n<figure class=\"alignright size-full is-resized\"><img loading=\"lazy\" decoding=\"async\" width=\"800\" height=\"800\" src=\"https:\/\/carp-sounder.com\/wp-content\/uploads\/Nicole-Neul.jpg\" alt=\"\" class=\"wp-image-6711\" style=\"width:250px\" srcset=\"https:\/\/carp-sounder.com\/wp-content\/uploads\/Nicole-Neul.jpg 800w, https:\/\/carp-sounder.com\/wp-content\/uploads\/Nicole-Neul-300x300.jpg 300w, https:\/\/carp-sounder.com\/wp-content\/uploads\/Nicole-Neul-150x150.jpg 150w, https:\/\/carp-sounder.com\/wp-content\/uploads\/Nicole-Neul-768x768.jpg 768w, https:\/\/carp-sounder.com\/wp-content\/uploads\/Nicole-Neul-270x270.jpg 270w, https:\/\/carp-sounder.com\/wp-content\/uploads\/Nicole-Neul-600x600.jpg 600w, https:\/\/carp-sounder.com\/wp-content\/uploads\/Nicole-Neul-200x200.jpg 200w\" sizes=\"auto, (max-width: 800px) 100vw, 800px\" \/><\/figure>\n<\/div><\/div>\n\n\n\n<div class=\"wp-block-column is-vertically-aligned-center is-layout-flow wp-block-column-is-layout-flow\" style=\"flex-basis:66.66%\">\n<p><strong>Nicole Neul \u2013 Produktionsmitarbeiterin<\/strong><br>Nicole Neul ist eine wertvolle Produktionsmitarbeiterin bei Carp-Sounder und tr\u00e4gt ma\u00dfgeblich zur effizienten Herstellung der Produkte bei. Sie ist in verschiedenen Bereichen der Produktion t\u00e4tig, k\u00fcmmert sich um die Montage, Testl\u00e4ufe und die Qualit\u00e4tskontrolle. Nicole sorgt daf\u00fcr, dass jedes Produkt den hohen Qualit\u00e4tsstandards entspricht, bevor es die Produktionsst\u00e4tte verl\u00e4sst, und tr\u00e4gt so zum reibungslosen Ablauf der Produktion bei.<\/p>\n<\/div>\n<\/div>\n\n\n\n<p>Jeder dieser Ansprechpartner tr\u00e4gt ma\u00dfgeblich dazu bei, dass Carp-Sounder nicht nur hochwertige Produkte, sondern auch einen exzellenten Service bietet. Das Team aus erfahrenen Experten sorgt daf\u00fcr, dass das Unternehmen in allen Bereichen hervorragend aufgestellt ist und den Kunden stets die bestm\u00f6gliche Unterst\u00fctzung bietet \u2013 sowohl lokal als auch international.<\/p>\n","protected":false},"excerpt":{"rendered":"<p>Die Ansprechpartner von Carp-Sounder sind das Herzst\u00fcck des Unternehmens und tragen mit ihrem Fachwissen und Engagement entscheidend zum Erfolg bei. Hier ein detaillierter \u00dcberblick \u00fcber die wichtigsten Ansprechpartner, einschlie\u00dflich der Bereiche Gesch\u00e4ftsf\u00fchrung, Buchhaltung, Produktion, Vertrieb und Produktentwicklung: Vertrieb Matthias Sommer \u2013 Vertrieb EuropaMatthias Sommer ist verantwortlich f\u00fcr die Vertriebsorganisation in Europa und betreut mit Leidenschaft [&#8230;]<\/p>\n","protected":false},"author":1,"featured_media":0,"parent":453,"menu_order":0,"comment_status":"closed","ping_status":"closed","template":"","meta":{"footnotes":""},"class_list":["post-172","page","type-page","status-publish","hentry"],"_links":{"self":[{"href":"https:\/\/carp-sounder.com\/de\/wp-json\/wp\/v2\/pages\/172","targetHints":{"allow":["GET"]}}],"collection":[{"href":"https:\/\/carp-sounder.com\/de\/wp-json\/wp\/v2\/pages"}],"about":[{"href":"https:\/\/carp-sounder.com\/de\/wp-json\/wp\/v2\/types\/page"}],"author":[{"embeddable":true,"href":"https:\/\/carp-sounder.com\/de\/wp-json\/wp\/v2\/users\/1"}],"replies":[{"embeddable":true,"href":"https:\/\/carp-sounder.com\/de\/wp-json\/wp\/v2\/comments?post=172"}],"version-history":[{"count":16,"href":"https:\/\/carp-sounder.com\/de\/wp-json\/wp\/v2\/pages\/172\/revisions"}],"predecessor-version":[{"id":6741,"href":"https:\/\/carp-sounder.com\/de\/wp-json\/wp\/v2\/pages\/172\/revisions\/6741"}],"up":[{"embeddable":true,"href":"https:\/\/carp-sounder.com\/de\/wp-json\/wp\/v2\/pages\/453"}],"wp:attachment":[{"href":"https:\/\/carp-sounder.com\/de\/wp-json\/wp\/v2\/media?parent=172"}],"curies":[{"name":"wp","href":"https:\/\/api.w.org\/{rel}","templated":true}]}}