{"id":287,"date":"2024-12-19T09:17:56","date_gmt":"2024-12-19T08:17:56","guid":{"rendered":"https:\/\/carp-sounder.com\/?page_id=287"},"modified":"2024-12-23T18:48:18","modified_gmt":"2024-12-23T17:48:18","slug":"garantie","status":"publish","type":"page","link":"https:\/\/carp-sounder.com\/de\/garantie\/","title":{"rendered":"Garantie"},"content":{"rendered":"\n<p>Wir bieten dir eine 3-j\u00e4hrige Herstellergarantie auf alle unsere Produkte. Diese Garantie deckt Material- und Verarbeitungsfehler ab, die w\u00e4hrend des normalen Gebrauchs auftreten k\u00f6nnen. Solltest du innerhalb der Garantiezeit ein Problem mit deinem Produkt feststellen, kannst du es selbstverst\u00e4ndlich an uns zur\u00fccksenden und wir k\u00fcmmern uns um die Reparatur oder einen Ersatz.<\/p>\n\n\n\n<h2 class=\"wp-block-heading\"><strong>Garantiebedingungen<\/strong><\/h2>\n\n\n\n<p>Wir gew\u00e4hren eine Garantie auf alle unsere Ger\u00e4te, die den folgenden Bedingungen unterliegen:<\/p>\n\n\n\n<h3 class=\"wp-block-heading\">1. <strong>Garantiezeitraum<\/strong><\/h3>\n\n\n\n<p>Die Garantie f\u00fcr das Carp-Sounder Ger\u00e4t betr\u00e4gt <strong>3 Jahre<\/strong> ab dem Kaufdatum. Der Garantiezeitraum beginnt mit dem Kaufdatum und ist auf den urspr\u00fcnglichen K\u00e4ufer des Produkts \u00fcbertragbar.<\/p>\n\n\n\n<h3 class=\"wp-block-heading\">2. <strong>Garantieumfang<\/strong><\/h3>\n\n\n\n<p>Im Rahmen dieser Garantie verpflichten wir uns, das Ger\u00e4t kostenlos zu reparieren oder zu ersetzen, wenn es innerhalb der Garantiezeit aufgrund eines Material- oder Verarbeitungsfehlers nicht mehr funktionsf\u00e4hig ist. Die Garantie deckt:<\/p>\n\n\n\n<div class=\"wp-block-columns is-not-stacked-on-mobile is-layout-flex wp-container-core-columns-is-layout-9d6595d7 wp-block-columns-is-layout-flex\">\n<div class=\"wp-block-column is-layout-flow wp-block-column-is-layout-flow\" style=\"flex-basis:10px\"><\/div>\n\n\n\n<div class=\"wp-block-column is-layout-flow wp-block-column-is-layout-flow\">\n<ul class=\"wp-block-list\">\n<li><strong>Fehler in der Materialqualit\u00e4t<\/strong><\/li>\n\n\n\n<li><strong>Fehler bei der Verarbeitung<\/strong><\/li>\n<\/ul>\n<\/div>\n<\/div>\n\n\n\n<h3 class=\"wp-block-heading\">3. <strong>Nicht abgedeckte Sch\u00e4den<\/strong><\/h3>\n\n\n\n<p>Die Garantie gilt nicht f\u00fcr Sch\u00e4den, die durch die folgenden Ursachen entstehen:<\/p>\n\n\n\n<div class=\"wp-block-columns is-not-stacked-on-mobile is-layout-flex wp-container-core-columns-is-layout-9d6595d7 wp-block-columns-is-layout-flex\">\n<div class=\"wp-block-column is-layout-flow wp-block-column-is-layout-flow\" style=\"flex-basis:10px\"><\/div>\n\n\n\n<div class=\"wp-block-column is-layout-flow wp-block-column-is-layout-flow\">\n<ul class=\"wp-block-list\">\n<li><strong>Unsachgem\u00e4\u00dfe Handhabung<\/strong> oder <strong>falsche Verwendung<\/strong> des Ger\u00e4ts (z. B. St\u00f6\u00dfe, Fl\u00fcssigkeitssch\u00e4den oder unsachgem\u00e4\u00dfe Stromversorgung)<\/li>\n\n\n\n<li><strong>Normale Abnutzung<\/strong> von Bauteilen wie Tasten, Anschl\u00fcssen oder Akkus<\/li>\n\n\n\n<li><strong>Unbefugte Reparaturen<\/strong> oder \u00c4nderungen am Ger\u00e4t<\/li>\n\n\n\n<li><strong>Verschlei\u00dfteile<\/strong> wie Batterien, sofern keine Material- oder Verarbeitungsfehler vorliegen<\/li>\n\n\n\n<li><strong>Sch\u00e4den durch \u00e4u\u00dfere Einfl\u00fcsse<\/strong> wie Blitzschlag, \u00dcberspannung oder Naturkatastrophen<\/li>\n<\/ul>\n<\/div>\n<\/div>\n\n\n\n<h3 class=\"wp-block-heading\">4. <strong>Garantieanspruch und -verfahren<\/strong><\/h3>\n\n\n\n<p>Um einen Garantieanspruch geltend zu machen, sende bitte:<\/p>\n\n\n\n<div class=\"wp-block-columns is-not-stacked-on-mobile is-layout-flex wp-container-core-columns-is-layout-9d6595d7 wp-block-columns-is-layout-flex\">\n<div class=\"wp-block-column is-layout-flow wp-block-column-is-layout-flow\" style=\"flex-basis:10px\"><\/div>\n\n\n\n<div class=\"wp-block-column is-layout-flow wp-block-column-is-layout-flow\">\n<ul class=\"wp-block-list\">\n<li>Den <strong>Kaufbeleg<\/strong> oder die <strong>Rechnungsnummer<\/strong> als Nachweis des Kaufdatums<\/li>\n\n\n\n<li>Eine detaillierte <strong>Fehlerbeschreibung<\/strong> und, wenn m\u00f6glich, Fotos des defekten Ger\u00e4ts<\/li>\n<\/ul>\n<\/div>\n<\/div>\n\n\n\n<p>Reiche das Ger\u00e4t \u00fcber unser <strong><a href=\"https:\/\/carp-sounder.com\/de\/support\/reparaturformular\/\" data-type=\"page\" data-id=\"418\">Online-Reparaturformular<\/a><\/strong> ein. Wir werden den Reparaturstatus pr\u00fcfen und dich \u00fcber das weitere Vorgehen informieren.<\/p>\n\n\n\n<h3 class=\"wp-block-heading\">5. <strong>Reparatur oder Ersatz<\/strong><\/h3>\n\n\n\n<p>Sollte das Ger\u00e4t nicht repariert werden k\u00f6nnen, bieten wir dir ein <strong>Ersatzger\u00e4t<\/strong> (ggf. gleichwertig oder vergleichbar) an.<\/p>\n\n\n\n<h3 class=\"wp-block-heading\">6. <strong>\u00dcbertragung der Garantie<\/strong><\/h3>\n\n\n\n<p>Die Garantie gilt ausschlie\u00dflich f\u00fcr den urspr\u00fcnglichen K\u00e4ufer und ist nicht auf Dritte \u00fcbertragbar, es sei denn, dies ist ausdr\u00fccklich anders vereinbart.<\/p>\n\n\n\n<h3 class=\"wp-block-heading\">7. <strong>Weitere Rechte<\/strong><\/h3>\n\n\n\n<p>Die Garantiebedingungen stellen keine Einschr\u00e4nkung deiner gesetzlichen Rechte dar. Sie gew\u00e4hren dir zus\u00e4tzlich zu den gesetzlichen Gew\u00e4hrleistungsanspr\u00fcchen Rechte, die im Falle von Fehlern am Produkt w\u00e4hrend der Garantiezeit greifen.<\/p>\n\n\n\n<h3 class=\"wp-block-heading\">8. <strong>Ausschluss der Garantie<\/strong><\/h3>\n\n\n\n<p>Die Garantie erlischt, wenn das Ger\u00e4t von Dritten repariert wurde, oder wenn das Produkt eine Ver\u00e4nderung erfahren hat, die nicht durch uns genehmigt wurde.<\/p>\n\n\n\n<h3 class=\"wp-block-heading\">9. <strong>Kontaktinformationen<\/strong><\/h3>\n\n\n\n<p>F\u00fcr Garantieanfragen, R\u00fccksendungen oder Reparaturen kontaktiere bitte unseren <strong><a href=\"https:\/\/carp-sounder.com\/de\/kontaktformular\/\" data-type=\"page\" data-id=\"530\">Kundenservice<\/a><\/strong> oder nutze direkt das<strong><a href=\"https:\/\/carp-sounder.com\/de\/support\/reparaturformular\/\" data-type=\"page\" data-id=\"418\"> Online-Raparaturformular<\/a><\/strong><\/p>\n\n\n\n<p>Wir freuen uns, dir bei der L\u00f6sung von Problemen zu helfen und sicherzustellen, dass dein Ger\u00e4t weiterhin einwandfrei funktioniert.<\/p>\n","protected":false},"excerpt":{"rendered":"<p>Wir bieten dir eine 3-j\u00e4hrige Herstellergarantie auf alle unsere Produkte. Diese Garantie deckt Material- und Verarbeitungsfehler ab, die w\u00e4hrend des normalen Gebrauchs auftreten k\u00f6nnen. Solltest du innerhalb der Garantiezeit ein Problem mit deinem Produkt feststellen, kannst du es selbstverst\u00e4ndlich an uns zur\u00fccksenden und wir k\u00fcmmern uns um die Reparatur oder einen Ersatz. Garantiebedingungen Wir gew\u00e4hren [&#8230;]<\/p>\n","protected":false},"author":1,"featured_media":0,"parent":0,"menu_order":0,"comment_status":"closed","ping_status":"closed","template":"","meta":{"footnotes":""},"class_list":["post-287","page","type-page","status-publish","hentry"],"_links":{"self":[{"href":"https:\/\/carp-sounder.com\/de\/wp-json\/wp\/v2\/pages\/287","targetHints":{"allow":["GET"]}}],"collection":[{"href":"https:\/\/carp-sounder.com\/de\/wp-json\/wp\/v2\/pages"}],"about":[{"href":"https:\/\/carp-sounder.com\/de\/wp-json\/wp\/v2\/types\/page"}],"author":[{"embeddable":true,"href":"https:\/\/carp-sounder.com\/de\/wp-json\/wp\/v2\/users\/1"}],"replies":[{"embeddable":true,"href":"https:\/\/carp-sounder.com\/de\/wp-json\/wp\/v2\/comments?post=287"}],"version-history":[{"count":7,"href":"https:\/\/carp-sounder.com\/de\/wp-json\/wp\/v2\/pages\/287\/revisions"}],"predecessor-version":[{"id":2051,"href":"https:\/\/carp-sounder.com\/de\/wp-json\/wp\/v2\/pages\/287\/revisions\/2051"}],"wp:attachment":[{"href":"https:\/\/carp-sounder.com\/de\/wp-json\/wp\/v2\/media?parent=287"}],"curies":[{"name":"wp","href":"https:\/\/api.w.org\/{rel}","templated":true}]}}