{"id":418,"date":"2024-12-21T19:18:57","date_gmt":"2024-12-21T18:18:57","guid":{"rendered":"https:\/\/carp-sounder.com\/?page_id=418"},"modified":"2024-12-21T19:21:06","modified_gmt":"2024-12-21T18:21:06","slug":"reparaturformular","status":"publish","type":"page","link":"https:\/\/carp-sounder.com\/de\/support\/reparaturformular\/","title":{"rendered":"Reparaturformular"},"content":{"rendered":"\n<div class=\"wpcf7 no-js\" id=\"wpcf7-f420-o1\" lang=\"de-DE\" dir=\"ltr\" data-wpcf7-id=\"420\">\n<div class=\"screen-reader-response\"><p role=\"status\" aria-live=\"polite\" aria-atomic=\"true\"><\/p> <ul><\/ul><\/div>\n<form action=\"\/de\/wp-json\/wp\/v2\/pages\/418#wpcf7-f420-o1\" method=\"post\" class=\"wpcf7-form init wpcf7-acceptance-as-validation\" aria-label=\"Kontaktformular\" novalidate=\"novalidate\" data-status=\"init\">\n<fieldset class=\"hidden-fields-container\"><input type=\"hidden\" name=\"_wpcf7\" value=\"420\" \/><input type=\"hidden\" name=\"_wpcf7_version\" value=\"6.1.1\" \/><input type=\"hidden\" name=\"_wpcf7_locale\" value=\"de_DE\" \/><input type=\"hidden\" name=\"_wpcf7_unit_tag\" value=\"wpcf7-f420-o1\" \/><input type=\"hidden\" name=\"_wpcf7_container_post\" value=\"0\" \/><input type=\"hidden\" name=\"_wpcf7_posted_data_hash\" value=\"\" \/><input type=\"hidden\" name=\"_uacf7_hidden_conditional_fields\" value=\"\" \/><input type=\"hidden\" name=\"_wpcf7_recaptcha_response\" value=\"\" \/>\n<\/fieldset>\n\t\t\t\t<style>\n\t\t\t\t\t.uacf7-uacf7style-420 label {\n\t\t\t\t\t\tfont-style: normal;font-weight: normal;margin-top: 10px;\t\t\t\t\t}\n\n\t\t\t\t\t.uacf7-uacf7style-420 input[type=\"email\"],\n\t\t\t\t\t.uacf7-uacf7style-420 input[type=\"number\"],\n\t\t\t\t\t.uacf7-uacf7style-420 input[type=\"password\"],\n\t\t\t\t\t.uacf7-uacf7style-420 input[type=\"search\"],\n\t\t\t\t\t.uacf7-uacf7style-420 input[type=\"tel\"],\n\t\t\t\t\t.uacf7-uacf7style-420 input[type=\"text\"],\n\t\t\t\t\t.uacf7-uacf7style-420 input[type=\"url\"],\n\t\t\t\t\t.uacf7-uacf7style-420 input[type=\"date\"],\n\t\t\t\t\t.uacf7-uacf7style-420 select,\n\t\t\t\t\t.uacf7-uacf7style-420 textarea {\n\t\t\t\t\t\tfont-style: normal;font-weight: normal;border-style: solid;\t\t\t\t\t}\n\n\t\t\t\t\t.uacf7-uacf7style-420 .wpcf7-radio span,\n\t\t\t\t\t.uacf7-uacf7style-420 .wpcf7-checkbox span {\n\t\t\t\t\t\tfont-style: normal;font-weight: normal;\t\t\t\t\t}\n\n\t\t\t\t\t.uacf7-uacf7style-420 textarea {\n\t\t\t\t\t\t\t\t\t\t\t}\n\n\t\t\t\t\t.wpcf7-form-control-wrap select {\n\t\t\t\t\t\twidth: 100%;\n\t\t\t\t\t}\n\n\t\t\t\t\t.uacf7-uacf7style-420 input[type=\"submit\"] {\n\t\t\t\t\t\tfont-style: normal;font-weight: normal;border-style: none;\t\t\t\t\t}\n\n\t\t\t\t\t.uacf7-uacf7style-420 input[type=\"submit\"]:hover {\n\t\t\t\t\t\t\t\t\t\t\t}\n\n\t\t\t\t\t.wpcf7-field-groups {\r\n\tcounter-reset: repeatable-fields-counter;\r\n}\r\n.wpcf7-field-group {\r\n\tcounter-increment: repeatable-fields-counter;\r\n}\r\n.group-index:after {\r\n\tcontent: counter(repeatable-fields-counter);\r\n}\t\t\t\t<\/style>\n\n\t\t\t\t<div class=\"uacf7-uacf7style uacf7-uacf7style-420\"><div class=\"uacf7-form-420  uacf7-uacf7style uacf7-uacf7style-420\">\t\t<span class=\"wpcf7-form-control-wrap submission_id\"\n\t\t\tdata-name=\"submission_id\">\n\n\t\t\t<input hidden id=\"uacf7_submission_id\" class=\"wpcf7-form-control wpcf7-uacf7_submission_id\" aria-invalid=\"false\" name=\"submission_id\" size=\"40\" value=\"10039\">\n\t\t\t<span><\/span>\n\t\t<\/span>\n\n\t\t\n\n<h2 class=\"entry-title\">Deine Kontaktdaten:<\/h2>\n\n<div class=\"uacf7-row\"><div class=\"uacf7-col-6\">\n<label>Vorname*:\n    <span class=\"wpcf7-form-control-wrap\" data-name=\"firstName\"><input size=\"40\" maxlength=\"400\" class=\"wpcf7-form-control wpcf7-text wpcf7-validates-as-required\" autocomplete=\"given-name\" aria-required=\"true\" aria-invalid=\"false\" placeholder=\"Vorname*\" value=\"\" type=\"text\" name=\"firstName\" \/><\/span> <\/label>\n<\/div><div class=\"uacf7-col-6\">\n<label>Nachname*:\n    <span class=\"wpcf7-form-control-wrap\" data-name=\"lastName\"><input size=\"40\" maxlength=\"400\" class=\"wpcf7-form-control wpcf7-text wpcf7-validates-as-required\" autocomplete=\"family-name\" aria-required=\"true\" aria-invalid=\"false\" placeholder=\"Nachname*\" value=\"\" type=\"text\" name=\"lastName\" \/><\/span> <\/label>\n<\/div><\/div>\n\n<div class=\"uacf7-row\"><div class=\"uacf7-col-6\">\n<label>Stra\u00dfe, Hausnr.*:\n    <span class=\"wpcf7-form-control-wrap\" data-name=\"street\"><input size=\"40\" maxlength=\"400\" class=\"wpcf7-form-control wpcf7-text wpcf7-validates-as-required\" autocomplete=\"address-line1\" aria-required=\"true\" aria-invalid=\"false\" placeholder=\"Stra\u00dfe, Hausnr.*\" value=\"\" type=\"text\" name=\"street\" \/><\/span> <\/label>\n<\/div><div class=\"uacf7-col-6\">\n<label>Adresszusatz:\n    <span class=\"wpcf7-form-control-wrap\" data-name=\"number\"><input size=\"40\" maxlength=\"400\" class=\"wpcf7-form-control wpcf7-text\" autocomplete=\"address-line2\" aria-invalid=\"false\" placeholder=\"Adresszusatz\" value=\"\" type=\"text\" name=\"number\" \/><\/span> <\/label>\n<\/div><\/div>\n\n<div class=\"uacf7-row\"><div class=\"uacf7-col-6\">\n<label>Postleitzahl*: \n    <span class=\"wpcf7-form-control-wrap\" data-name=\"zip\"><input size=\"40\" maxlength=\"400\" class=\"wpcf7-form-control wpcf7-text wpcf7-validates-as-required\" autocomplete=\"postal-code\" aria-required=\"true\" aria-invalid=\"false\" placeholder=\"PLZ*\" value=\"\" type=\"text\" name=\"zip\" \/><\/span> <\/label>\n<\/div><div class=\"uacf7-col-6\">\n<label>Ort*:\n    <span class=\"wpcf7-form-control-wrap\" data-name=\"city\"><input size=\"40\" maxlength=\"400\" class=\"wpcf7-form-control wpcf7-text wpcf7-validates-as-required\" autocomplete=\"address-level2\" aria-required=\"true\" aria-invalid=\"false\" placeholder=\"Ort*\" value=\"\" type=\"text\" name=\"city\" \/><\/span> <\/label>\n<\/div><\/div>\n\n<div class=\"uacf7-row\"><div class=\"uacf7-col-6\">\n<label>Land*:\n    <span class=\"wpcf7-form-control-wrap\" data-name=\"country\"><select class=\"wpcf7-form-control wpcf7-select wpcf7-validates-as-required\" autocomplete=\"address-level1\" aria-required=\"true\" aria-invalid=\"false\" name=\"country\"><option value=\"\">Land ausw\u00e4hlen*<\/option><option value=\"Afghanistan\">Afghanistan<\/option><option value=\"Albania\">Albania<\/option><option value=\"Algeria\">Algeria<\/option><option value=\"Andorra\">Andorra<\/option><option value=\"Angola\">Angola<\/option><option value=\"Antigua&amp;Deps\">Antigua&amp;Deps<\/option><option value=\"Argentina\">Argentina<\/option><option value=\"Armenia\">Armenia<\/option><option value=\"Australia\">Australia<\/option><option value=\"Austria\">Austria<\/option><option value=\"Azerbaijan\">Azerbaijan<\/option><option value=\"Bahamas\">Bahamas<\/option><option value=\"Bahrain\">Bahrain<\/option><option value=\"Bangladesh\">Bangladesh<\/option><option value=\"Barbados\">Barbados<\/option><option value=\"Belarus\">Belarus<\/option><option value=\"Belgium\">Belgium<\/option><option value=\"Belize\">Belize<\/option><option value=\"Benin\">Benin<\/option><option value=\"Bermuda\">Bermuda<\/option><option value=\"Bhutan\">Bhutan<\/option><option value=\"Bolivia\">Bolivia<\/option><option value=\"BosniaHerzegovina\">BosniaHerzegovina<\/option><option value=\"Botswana\">Botswana<\/option><option value=\"Brazil\">Brazil<\/option><option value=\"Brunei\">Brunei<\/option><option value=\"Bulgaria\">Bulgaria<\/option><option value=\"Burkina\">Burkina<\/option><option value=\"Burundi\">Burundi<\/option><option value=\"Cambodia\">Cambodia<\/option><option value=\"Cameroon\">Cameroon<\/option><option value=\"Canada\">Canada<\/option><option value=\"CapeVerde\">CapeVerde<\/option><option value=\"CentralAfricanRep\">CentralAfricanRep<\/option><option value=\"Chad\">Chad<\/option><option value=\"Chile\">Chile<\/option><option value=\"China\">China<\/option><option value=\"Colombia\">Colombia<\/option><option value=\"Comoros\">Comoros<\/option><option value=\"Congo\">Congo<\/option><option value=\"Congo(DemocraticRep)\">Congo(DemocraticRep)<\/option><option value=\"CostaRica\">CostaRica<\/option><option value=\"Croatia\">Croatia<\/option><option value=\"Cuba\">Cuba<\/option><option value=\"Cyprus\">Cyprus<\/option><option value=\"CzechRepublic\">CzechRepublic<\/option><option value=\"Denmark\">Denmark<\/option><option value=\"Djibouti\">Djibouti<\/option><option value=\"Dominica\">Dominica<\/option><option value=\"DominicanRepublic\">DominicanRepublic<\/option><option value=\"EastTimor\">EastTimor<\/option><option value=\"Ecuador\">Ecuador<\/option><option value=\"Egypt\">Egypt<\/option><option value=\"ElSalvador\">ElSalvador<\/option><option value=\"EquatorialGuinea\">EquatorialGuinea<\/option><option value=\"Eritrea\">Eritrea<\/option><option value=\"Estonia\">Estonia<\/option><option value=\"Eswatini\">Eswatini<\/option><option value=\"Ethiopia\">Ethiopia<\/option><option value=\"Fiji\">Fiji<\/option><option value=\"Finland\">Finland<\/option><option value=\"France\">France<\/option><option value=\"Gabon\">Gabon<\/option><option value=\"Gambia\">Gambia<\/option><option value=\"Georgia\">Georgia<\/option><option value=\"Germany\">Germany<\/option><option value=\"Ghana\">Ghana<\/option><option value=\"Greece\">Greece<\/option><option value=\"Grenada\">Grenada<\/option><option value=\"Guatemala\">Guatemala<\/option><option value=\"Guinea\">Guinea<\/option><option value=\"Guinea-Bissau\">Guinea-Bissau<\/option><option value=\"Guyana\">Guyana<\/option><option value=\"Haiti\">Haiti<\/option><option value=\"Honduras\">Honduras<\/option><option value=\"Hungary\">Hungary<\/option><option value=\"Iceland\">Iceland<\/option><option value=\"India\">India<\/option><option value=\"Indonesia\">Indonesia<\/option><option value=\"Iran\">Iran<\/option><option value=\"Iraq\">Iraq<\/option><option value=\"Ireland(Republic)\">Ireland(Republic)<\/option><option value=\"Israel\">Israel<\/option><option value=\"Italy\">Italy<\/option><option value=\"IvoryCoast\">IvoryCoast<\/option><option value=\"Jamaica\">Jamaica<\/option><option value=\"Japan\">Japan<\/option><option value=\"Jordan\">Jordan<\/option><option value=\"Kazakhstan\">Kazakhstan<\/option><option value=\"Kenya\">Kenya<\/option><option value=\"Kiribati\">Kiribati<\/option><option value=\"KoreaNorth\">KoreaNorth<\/option><option value=\"KoreaSouth\">KoreaSouth<\/option><option value=\"Kosovo\">Kosovo<\/option><option value=\"Kuwait\">Kuwait<\/option><option value=\"Kyrgyzstan\">Kyrgyzstan<\/option><option value=\"Laos\">Laos<\/option><option value=\"Latvia\">Latvia<\/option><option value=\"Lebanon\">Lebanon<\/option><option value=\"Lesotho\">Lesotho<\/option><option value=\"Liberia\">Liberia<\/option><option value=\"Libya\">Libya<\/option><option value=\"Liechtenstein\">Liechtenstein<\/option><option value=\"Lithuania\">Lithuania<\/option><option value=\"Luxembourg\">Luxembourg<\/option><option value=\"Macedonia\">Macedonia<\/option><option value=\"Madagascar\">Madagascar<\/option><option value=\"Malawi\">Malawi<\/option><option value=\"Malaysia\">Malaysia<\/option><option value=\"Maldives\">Maldives<\/option><option value=\"Mali\">Mali<\/option><option value=\"Malta\">Malta<\/option><option value=\"MarshallIslands\">MarshallIslands<\/option><option value=\"Mauritania\">Mauritania<\/option><option value=\"Mauritius\">Mauritius<\/option><option value=\"Mexico\">Mexico<\/option><option value=\"Micronesia\">Micronesia<\/option><option value=\"Moldova\">Moldova<\/option><option value=\"Monaco\">Monaco<\/option><option value=\"Mongolia\">Mongolia<\/option><option value=\"Montenegro\">Montenegro<\/option><option value=\"Morocco\">Morocco<\/option><option value=\"Mozambique\">Mozambique<\/option><option value=\"Myanmar\">Myanmar<\/option><option value=\"Namibia\">Namibia<\/option><option value=\"Nauru\">Nauru<\/option><option value=\"Nepal\">Nepal<\/option><option value=\"Netherlands\">Netherlands<\/option><option value=\"NewZealand\">NewZealand<\/option><option value=\"Nicaragua\">Nicaragua<\/option><option value=\"Niger\">Niger<\/option><option value=\"Nigeria\">Nigeria<\/option><option value=\"Norway\">Norway<\/option><option value=\"Oman\">Oman<\/option><option value=\"Pakistan\">Pakistan<\/option><option value=\"Palau\">Palau<\/option><option value=\"Palestine\">Palestine<\/option><option value=\"Panama\">Panama<\/option><option value=\"PapuaNewGuinea\">PapuaNewGuinea<\/option><option value=\"Paraguay\">Paraguay<\/option><option value=\"Peru\">Peru<\/option><option value=\"Philippines\">Philippines<\/option><option value=\"Poland\">Poland<\/option><option value=\"Portugal\">Portugal<\/option><option value=\"Qatar\">Qatar<\/option><option value=\"Romania\">Romania<\/option><option value=\"RussianFederation\">RussianFederation<\/option><option value=\"Rwanda\">Rwanda<\/option><option value=\"StKitts&amp;Nevis\">StKitts&amp;Nevis<\/option><option value=\"StLucia\">StLucia<\/option><option value=\"SaintVincent&amp;theGrenadines\">SaintVincent&amp;theGrenadines<\/option><option value=\"Samoa\">Samoa<\/option><option value=\"SanMarino\">SanMarino<\/option><option value=\"SaoTome&amp;Principe\">SaoTome&amp;Principe<\/option><option value=\"SaudiArabia\">SaudiArabia<\/option><option value=\"Senegal\">Senegal<\/option><option value=\"Serbia\">Serbia<\/option><option value=\"Seychelles\">Seychelles<\/option><option value=\"SierraLeone\">SierraLeone<\/option><option value=\"Singapore\">Singapore<\/option><option value=\"Slovakia\">Slovakia<\/option><option value=\"Slovenia\">Slovenia<\/option><option value=\"SolomonIslands\">SolomonIslands<\/option><option value=\"Somalia\">Somalia<\/option><option value=\"SouthAfrica\">SouthAfrica<\/option><option value=\"SouthSudan\">SouthSudan<\/option><option value=\"Spain\">Spain<\/option><option value=\"SriLanka\">SriLanka<\/option><option value=\"Sudan\">Sudan<\/option><option value=\"Suriname\">Suriname<\/option><option value=\"Sweden\">Sweden<\/option><option value=\"Switzerland\">Switzerland<\/option><option value=\"Syria\">Syria<\/option><option value=\"Taiwan\">Taiwan<\/option><option value=\"Tajikistan\">Tajikistan<\/option><option value=\"Tanzania\">Tanzania<\/option><option value=\"Thailand\">Thailand<\/option><option value=\"Togo\">Togo<\/option><option value=\"Tonga\">Tonga<\/option><option value=\"Trinidad&amp;Tobago\">Trinidad&amp;Tobago<\/option><option value=\"Tunisia\">Tunisia<\/option><option value=\"Turkey\">Turkey<\/option><option value=\"Turkmenistan\">Turkmenistan<\/option><option value=\"Tuvalu\">Tuvalu<\/option><option value=\"Uganda\">Uganda<\/option><option value=\"Ukraine\">Ukraine<\/option><option value=\"UnitedArabEmirates\">UnitedArabEmirates<\/option><option value=\"UnitedKingdom\">UnitedKingdom<\/option><option value=\"UnitedStates\">UnitedStates<\/option><option value=\"Uruguay\">Uruguay<\/option><option value=\"Uzbekistan\">Uzbekistan<\/option><option value=\"Vanuatu\">Vanuatu<\/option><option value=\"VaticanCity\">VaticanCity<\/option><option value=\"Venezuela\">Venezuela<\/option><option value=\"Vietnam\">Vietnam<\/option><option value=\"Yemen\">Yemen<\/option><option value=\"Zambia\">Zambia<\/option><option value=\"Zimbabwe\">Zimbabwe<\/option><\/select><\/span> <\/label>\n<\/div><div class=\"uacf7-col-6\">\n\n<\/div><\/div>\n\n\n<div class=\"uacf7-row\"><div class=\"uacf7-col-6\">\n<label>E-Mail-Adresse*:\n    <span class=\"wpcf7-form-control-wrap\" data-name=\"email\"><input size=\"40\" maxlength=\"400\" class=\"wpcf7-form-control wpcf7-email wpcf7-validates-as-required wpcf7-text wpcf7-validates-as-email\" autocomplete=\"email\" aria-required=\"true\" aria-invalid=\"false\" placeholder=\"E-Mail*\" value=\"\" type=\"email\" name=\"email\" \/><\/span> <\/label>\n<\/div><div class=\"uacf7-col-6\">\n<label> Deine Telefonnummer f\u00fcr R\u00fcckfragen\n    <span class=\"wpcf7-form-control-wrap\" data-name=\"phone\"><input size=\"40\" maxlength=\"400\" class=\"wpcf7-form-control wpcf7-tel wpcf7-text wpcf7-validates-as-tel\" autocomplete=\"tel\" aria-invalid=\"false\" placeholder=\"+49 6442 5152\" value=\"\" type=\"tel\" name=\"phone\" \/><\/span> <\/label>\n<\/div><\/div>\n<br\/>\n<hr\/>\n\n<h2 class=\"entry-title\">Deine Ger\u00e4te<\/h2>\n<p>W\u00e4hle dein Ger\u00e4t und trage Kaufdatum und Defekt ein. Nutze den + Button um ein weiteres Ger\u00e4t einzuf\u00fcgen.<\/p>\n\n<div data-wpcf7-group-id=\"products\" id=\"products-groups\" tabindex=\"1\" class=\"wpcf7-field-groups \"><div class=\"wpcf7-field-group\">\n<h4>Ger\u00e4t <span class=\"group-index\"><\/span><\/h4>\n<div class=\"uacf7-row\"><div class=\"uacf7-col-6\">\n<label> Ger\u00e4tetyp\n    <span class=\"wpcf7-form-control-wrap\" data-name=\"product\"><select class=\"wpcf7-form-control wpcf7-select\" aria-invalid=\"false\" name=\"product\"><option value=\"\">W\u00e4hle dein Ger\u00e4t*<\/option><option value=\"AGEpro Bissanzeiger\">AGEpro Bissanzeiger<\/option><option value=\"CS PRO Receiver\">CS PRO Receiver<\/option><option value=\"AGEone Bissanzeiger\">AGEone Bissanzeiger<\/option><option value=\"CS Receiver\">CS Receiver<\/option><option value=\"ROC XRS Bissanzeiger\">ROC XRS Bissanzeiger<\/option><option value=\"Receiver XRS\">Receiver XRS<\/option><option value=\"CampSecure\">CampSecure<\/option><option value=\"CampStar XRS\">CampStar XRS<\/option><option value=\"CampStar one\">CampStar one<\/option><option value=\"Catsounder XRS\">Catsounder XRS<\/option><option value=\"Catsounder one\">Catsounder one<\/option><option value=\"Sonstiges Carpsounder Ger\u00e4t\">Sonstiges Carpsounder Ger\u00e4t<\/option><\/select><\/span> <\/label>\n<\/div><div class=\"uacf7-col-6\">\n<label> Kaufdatum\n    <span class=\"wpcf7-form-control-wrap\" data-name=\"purchaseDate\"><input class=\"wpcf7-form-control wpcf7-date wpcf7-validates-as-date\" aria-invalid=\"false\" value=\"\" type=\"date\" name=\"purchaseDate\" \/><\/span> <\/label>\n<\/div><\/div>    \n<label> Beschreibung des Defekts\n    <span class=\"wpcf7-form-control-wrap\" data-name=\"problem\"><textarea cols=\"40\" rows=\"10\" maxlength=\"2000\" class=\"wpcf7-form-control wpcf7-textarea\" aria-invalid=\"false\" name=\"problem\"><\/textarea><\/span> <\/label>\n<hr\/>\n<button type='button' class='wpcf7-field-group-remove '>-<\/button><button type='button' class='wpcf7-field-group-add '>+<\/button><input type=\"hidden\" class=\"wpcf7-field-group-count\" name=\"_wpcf7_groups_count[products]\" value=\"1\" \/><\/div><\/div>\n\n<hr\/>\n<h2 class=\"entry-title\">Fotos:<\/h2>\n<label> Lade hier optional bis zu 5 Bilder des Defektes hoch.\n    <span class=\"wpcf7-form-control-wrap\" data-name=\"pictures\"><input size=\"40\" class=\"wpcf7-form-control wpcf7-drag-n-drop-file d-none\" aria-invalid=\"false\" type=\"file\" multiple=\"multiple\" data-name=\"pictures\" data-type=\"jpg|jpg|png\" data-min=\"0\" data-max=\"5\" data-id=\"420\" data-version=\"free version 1.3.9.0\" accept=\".jpg, .jpg, .png\" \/><\/span><\/label>\n<hr\/>\n\n<h2 class=\"entry-title\">Kaufbeleg:<\/h2>\n<p>\nLade hier bis zu 5 Kaufbelege als PDF oder ein Foto von diesen hoch.<br\/>\nEinsendungen ohne Kaufbeleg werden generell als kostenpflichtige Reparaturen aufgenommen.<br\/>\nDie Reparaturkostenpauschale von 25,00 \u20ac f\u00e4llt f\u00fcr diese mindestens an.\n<\/p>\n<p>\n<label> Kaufbeleg PDF oder Foto\n<span class=\"wpcf7-form-control-wrap\" data-name=\"file-invoice\"><input size=\"40\" class=\"wpcf7-form-control wpcf7-drag-n-drop-file d-none\" aria-invalid=\"false\" type=\"file\" multiple=\"multiple\" data-name=\"file-invoice\" data-type=\"jpeg|png|jpg|pdf\" data-min=\"0\" data-max=\"5\" data-id=\"420\" data-version=\"free version 1.3.9.0\" accept=\".jpeg, .png, .jpg, .pdf\" \/><\/span><\/label>\n<\/p>\n<hr\/>\n<h2 class=\"entry-title\">Weitere Informationen:<\/h2>\n<label> Trage hier weitere Informationen oder W\u00fcnsche ein.\n    <span class=\"wpcf7-form-control-wrap\" data-name=\"additionalInfo\"><textarea cols=\"40\" rows=\"10\" maxlength=\"2000\" class=\"wpcf7-form-control wpcf7-textarea\" aria-invalid=\"false\" name=\"additionalInfo\"><\/textarea><\/span> <\/label>\n\n<hr\/>\n<p>\n<span class=\"wpcf7-form-control-wrap\" data-name=\"acceptance\"><span class=\"wpcf7-form-control wpcf7-acceptance\"><span class=\"wpcf7-list-item\"><label><input type=\"checkbox\" name=\"acceptance\" value=\"1\" aria-invalid=\"false\" \/><span class=\"wpcf7-list-item-label\">Durch das Senden stimme ich zu, dass meine Angaben aus dem Reparaturformular gem. <a href=\"https:\/\/carp-sounder.com\/de\/datenschutz\/\" target=\"_new\">Datenschutzerkl\u00e4rung<\/a> zur Beantwortung meiner Anfrage erhoben und verarbeitet werden.<\/span><\/label><\/span><\/span><\/span>\n<\/p>\n<p><span class=\"wpcf7-form-control-wrap recaptcha\" data-name=\"recaptcha\"><span data-sitekey=\"6LdpUisrAAAAAG3C0g6BbV-j476QXjDgIybKMNeY\" class=\"wpcf7-form-control wpcf7-recaptcha g-recaptcha\"><\/span>\r\n<noscript>\r\n\t<div class=\"grecaptcha-noscript\">\r\n\t\t<iframe loading=\"lazy\" src=\"https:\/\/www.google.com\/recaptcha\/api\/fallback?k=6LdpUisrAAAAAG3C0g6BbV-j476QXjDgIybKMNeY\" frameborder=\"0\" scrolling=\"no\" width=\"310\" height=\"430\">\r\n\t\t<\/iframe>\r\n\t\t<textarea name=\"g-recaptcha-response\" rows=\"3\" cols=\"40\" placeholder=\"reCaptcha Response Here\">\r\n\t\t<\/textarea>\r\n\t<\/div>\r\n<\/noscript>\r\n<\/span><\/p>\n<hr\/>\n<div style=\"text-align:right;\">\n<p>\n<input class=\"wpcf7-form-control wpcf7-submit has-spinner\" type=\"submit\" value=\"Absenden\" \/>\n<\/p>\n<\/div><\/div><\/div><div class=\"wpcf7-response-output\" aria-hidden=\"true\"><\/div>\n<\/form>\n<\/div>\n\n\n\n\n<p><\/p>\n","protected":false},"excerpt":{"rendered":"","protected":false},"author":1,"featured_media":0,"parent":181,"menu_order":0,"comment_status":"closed","ping_status":"closed","template":"","meta":{"footnotes":""},"class_list":["post-418","page","type-page","status-publish","hentry"],"_links":{"self":[{"href":"https:\/\/carp-sounder.com\/de\/wp-json\/wp\/v2\/pages\/418","targetHints":{"allow":["GET"]}}],"collection":[{"href":"https:\/\/carp-sounder.com\/de\/wp-json\/wp\/v2\/pages"}],"about":[{"href":"https:\/\/carp-sounder.com\/de\/wp-json\/wp\/v2\/types\/page"}],"author":[{"embeddable":true,"href":"https:\/\/carp-sounder.com\/de\/wp-json\/wp\/v2\/users\/1"}],"replies":[{"embeddable":true,"href":"https:\/\/carp-sounder.com\/de\/wp-json\/wp\/v2\/comments?post=418"}],"version-history":[{"count":2,"href":"https:\/\/carp-sounder.com\/de\/wp-json\/wp\/v2\/pages\/418\/revisions"}],"predecessor-version":[{"id":421,"href":"https:\/\/carp-sounder.com\/de\/wp-json\/wp\/v2\/pages\/418\/revisions\/421"}],"up":[{"embeddable":true,"href":"https:\/\/carp-sounder.com\/de\/wp-json\/wp\/v2\/pages\/181"}],"wp:attachment":[{"href":"https:\/\/carp-sounder.com\/de\/wp-json\/wp\/v2\/media?parent=418"}],"curies":[{"name":"wp","href":"https:\/\/api.w.org\/{rel}","templated":true}]}}