{"id":5269,"date":"2025-01-07T16:47:14","date_gmt":"2025-01-07T15:47:14","guid":{"rendered":"https:\/\/carp-sounder.com\/?page_id=5269"},"modified":"2025-01-08T11:35:58","modified_gmt":"2025-01-08T10:35:58","slug":"cs-anschluss-bissanzeiger","status":"publish","type":"page","link":"https:\/\/carp-sounder.com\/de\/produktarchiv\/standard-serie\/cs-anschluss-bissanzeiger\/","title":{"rendered":"CS Anschluss Bissanzeiger"},"content":{"rendered":"\n<p>Der <strong>Carp-Sounder Anschluss Bissanzeiger<\/strong> repr\u00e4sentiert einen weiteren bedeutenden Meilenstein in der Evolution der Bissanzeiger und wurde zu einem unverzichtbaren Werkzeug f\u00fcr viele Karpfenangler. Auf den Markt gekommen, als die Nachfrage nach erweiterten Verbindungs- und Vernetzungsfunktionen im Karpfenangeln wuchs, setzte der CS Anschluss neue Ma\u00dfst\u00e4be in Sachen Flexibilit\u00e4t und Technologie. Dieser Bissanzeiger zeichnete sich durch die M\u00f6glichkeit aus, ihn nahtlos in ein gr\u00f6\u00dferes System von Bissanzeigern und Empfangseinheiten zu integrieren, was insbesondere f\u00fcr Angler von Interesse war, die oft mit mehreren Ruten angeln.<\/p>\n\n\n\n<p>Der CS Anschluss Bissanzeiger erm\u00f6glichte eine pr\u00e4zise und zuverl\u00e4ssige Bissanzeige, wobei die M\u00f6glichkeit, mehrere Ger\u00e4te miteinander zu verbinden, den Komfort und die Vielseitigkeit der gesamten Ausr\u00fcstung erheblich steigerte. Diese Erweiterbarkeit und die damit verbundene Technologie machten den Bissanzeiger besonders zukunftsweisend. Zus\u00e4tzlich wurde er mit einem robusten Geh\u00e4use und einer benutzerfreundlichen Bedienoberfl\u00e4che ausgestattet, sodass er sowohl f\u00fcr Anf\u00e4nger als auch f\u00fcr erfahrene Karpfenangler eine attraktive Wahl war.<\/p>\n\n\n\n<p>Noch heute sind modernisierte Varianten in der <a href=\"\/de?page_id=5355\" data-type=\"page\" data-id=\"5355\">CS Classic Serie<\/a> erh\u00e4ltlich.<\/p>\n\n\n\n<p><\/p>\n\n\n\n<div class=\"wp-block-columns is-layout-flex wp-container-core-columns-is-layout-9d6595d7 wp-block-columns-is-layout-flex\">\n<div class=\"wp-block-column is-layout-flow wp-block-column-is-layout-flow\" style=\"flex-basis:60%\">\n<figure class=\"wp-block-image size-large\"><img loading=\"lazy\" decoding=\"async\" width=\"1024\" height=\"1024\" src=\"https:\/\/carp-sounder.com\/wp-content\/uploads\/BA-CA-B-1024x1024.jpg\" alt=\"\" class=\"wp-image-4985\" srcset=\"https:\/\/carp-sounder.com\/wp-content\/uploads\/BA-CA-B-1024x1024.jpg 1024w, https:\/\/carp-sounder.com\/wp-content\/uploads\/BA-CA-B-300x300.jpg 300w, https:\/\/carp-sounder.com\/wp-content\/uploads\/BA-CA-B-200x200.jpg 200w, https:\/\/carp-sounder.com\/wp-content\/uploads\/BA-CA-B-600x600.jpg 600w, https:\/\/carp-sounder.com\/wp-content\/uploads\/BA-CA-B-150x150.jpg 150w, https:\/\/carp-sounder.com\/wp-content\/uploads\/BA-CA-B-768x768.jpg 768w, https:\/\/carp-sounder.com\/wp-content\/uploads\/BA-CA-B-270x270.jpg 270w, https:\/\/carp-sounder.com\/wp-content\/uploads\/BA-CA-B-1320x1320.jpg 1320w, https:\/\/carp-sounder.com\/wp-content\/uploads\/BA-CA-B.jpg 1500w\" sizes=\"auto, (max-width: 1024px) 100vw, 1024px\" \/><\/figure>\n<\/div>\n\n\n\n<div class=\"wp-block-column is-layout-flow wp-block-column-is-layout-flow\" style=\"flex-basis:40%\">\n<p><strong><strong>Features:<\/strong><\/strong><\/p>\n\n\n\n<div class=\"wp-block-columns is-not-stacked-on-mobile is-layout-flex wp-container-core-columns-is-layout-9d6595d7 wp-block-columns-is-layout-flex\">\n<div class=\"wp-block-column is-layout-flow wp-block-column-is-layout-flow\" style=\"flex-basis:5px\"><\/div>\n\n\n\n<div class=\"wp-block-column is-layout-flow wp-block-column-is-layout-flow\" style=\"flex-basis:66.66%\">\n<ul class=\"wp-block-list\">\n<li>Automatische Ein und Ausschaltung <\/li>\n\n\n\n<li>100% wasserdicht<\/li>\n\n\n\n<li>Superhelle Leuchtdiode<\/li>\n\n\n\n<li>Nachleuchtdauer der LED ca. 12 sec.<\/li>\n\n\n\n<li>Lautes Tonsignal<\/li>\n\n\n\n<li>Batteriesparmodus<\/li>\n\n\n\n<li>Robustes Geh\u00e4use aus glasfaserverst\u00e4rktem Polyamid<\/li>\n\n\n\n<li>Edelstahlverschraubung<\/li>\n\n\n\n<li>Laufradblockiersystem <\/li>\n\n\n\n<li>Zwei Lautst\u00e4rken einstellbar durch mitgelieferten Tonstopfen<\/li>\n\n\n\n<li>Camou Design<\/li>\n\n\n\n<li>Windohren zur optimierten Rutenauflage<\/li>\n\n\n\n<li>Anschlussbuchse f\u00fcr Zeltbox<\/li>\n\n\n\n<li>Abma\u00dfe Geh\u00e4use: 100 mm x 58 mm x 34 mm<\/li>\n\n\n\n<li>Batterie: 9 V Block<\/li>\n<\/ul>\n<\/div>\n<\/div>\n\n\n\n<p><strong>LED Farben:<\/strong><\/p>\n\n\n\n<div class=\"wp-block-group is-layout-grid wp-container-core-group-is-layout-cdac8cac wp-block-group-is-layout-grid\">\n<figure class=\"wp-block-image size-full\"><img loading=\"lazy\" decoding=\"async\" width=\"50\" height=\"50\" src=\"https:\/\/carp-sounder.com\/wp-content\/uploads\/rot.png\" alt=\"\" class=\"wp-image-5440\"\/><\/figure>\n\n\n\n<figure class=\"wp-block-image size-full\"><img loading=\"lazy\" decoding=\"async\" width=\"50\" height=\"50\" src=\"https:\/\/carp-sounder.com\/wp-content\/uploads\/gelb.png\" alt=\"\" class=\"wp-image-5458\"\/><\/figure>\n\n\n\n<figure class=\"wp-block-image size-full\"><img loading=\"lazy\" decoding=\"async\" width=\"50\" height=\"50\" src=\"https:\/\/carp-sounder.com\/wp-content\/uploads\/gruen.png\" alt=\"\" class=\"wp-image-5464\"\/><\/figure>\n\n\n\n<figure class=\"wp-block-image size-full wp-container-content-38d9c472\"><img loading=\"lazy\" decoding=\"async\" width=\"50\" height=\"50\" src=\"https:\/\/carp-sounder.com\/wp-content\/uploads\/blau.png\" alt=\"\" class=\"wp-image-5452\"\/><\/figure>\n\n\n\n<figure class=\"wp-block-image size-full\"><img loading=\"lazy\" decoding=\"async\" width=\"50\" height=\"50\" src=\"https:\/\/carp-sounder.com\/wp-content\/uploads\/weiss.png\" alt=\"\" class=\"wp-image-5446\"\/><\/figure>\n\n\n\n<figure class=\"wp-block-image size-full\"><img loading=\"lazy\" decoding=\"async\" width=\"50\" height=\"50\" src=\"https:\/\/carp-sounder.com\/wp-content\/uploads\/purple.png\" alt=\"\" class=\"wp-image-5434\"\/><\/figure>\n\n\n\n<figure class=\"wp-block-image size-full\"><img loading=\"lazy\" decoding=\"async\" width=\"50\" height=\"50\" src=\"https:\/\/carp-sounder.com\/wp-content\/uploads\/multicolor.png\" alt=\"\" class=\"wp-image-5428\"\/><\/figure>\n<\/div>\n<\/div>\n<\/div>\n","protected":false},"excerpt":{"rendered":"<p>Der Carp-Sounder Anschluss Bissanzeiger repr\u00e4sentiert einen weiteren bedeutenden Meilenstein in der Evolution der Bissanzeiger und wurde zu einem unverzichtbaren Werkzeug f\u00fcr viele Karpfenangler. Auf den Markt gekommen, als die Nachfrage nach erweiterten Verbindungs- und Vernetzungsfunktionen im Karpfenangeln wuchs, setzte der CS Anschluss neue Ma\u00dfst\u00e4be in Sachen Flexibilit\u00e4t und Technologie. Dieser Bissanzeiger zeichnete sich durch die [&#8230;]<\/p>\n","protected":false},"author":1,"featured_media":0,"parent":5263,"menu_order":0,"comment_status":"closed","ping_status":"closed","template":"","meta":{"footnotes":""},"class_list":["post-5269","page","type-page","status-publish","hentry"],"_links":{"self":[{"href":"https:\/\/carp-sounder.com\/de\/wp-json\/wp\/v2\/pages\/5269","targetHints":{"allow":["GET"]}}],"collection":[{"href":"https:\/\/carp-sounder.com\/de\/wp-json\/wp\/v2\/pages"}],"about":[{"href":"https:\/\/carp-sounder.com\/de\/wp-json\/wp\/v2\/types\/page"}],"author":[{"embeddable":true,"href":"https:\/\/carp-sounder.com\/de\/wp-json\/wp\/v2\/users\/1"}],"replies":[{"embeddable":true,"href":"https:\/\/carp-sounder.com\/de\/wp-json\/wp\/v2\/comments?post=5269"}],"version-history":[{"count":3,"href":"https:\/\/carp-sounder.com\/de\/wp-json\/wp\/v2\/pages\/5269\/revisions"}],"predecessor-version":[{"id":5506,"href":"https:\/\/carp-sounder.com\/de\/wp-json\/wp\/v2\/pages\/5269\/revisions\/5506"}],"up":[{"embeddable":true,"href":"https:\/\/carp-sounder.com\/de\/wp-json\/wp\/v2\/pages\/5263"}],"wp:attachment":[{"href":"https:\/\/carp-sounder.com\/de\/wp-json\/wp\/v2\/media?parent=5269"}],"curies":[{"name":"wp","href":"https:\/\/api.w.org\/{rel}","templated":true}]}}