{"id":527,"date":"2024-12-22T17:20:15","date_gmt":"2024-12-22T16:20:15","guid":{"rendered":"https:\/\/carp-sounder.com\/?page_id=527"},"modified":"2025-01-10T13:42:08","modified_gmt":"2025-01-10T12:42:08","slug":"retouren","status":"publish","type":"page","link":"https:\/\/carp-sounder.com\/de\/support\/retouren\/","title":{"rendered":"Retouren"},"content":{"rendered":"\n<h2 class=\"wp-block-heading\">R\u00fccksendung von Produkten innerhalb von 30 Tagen<\/h2>\n\n\n\n<p>Du kannst die bei uns gekauften Produkte innerhalb von 30 Tagen nach Erhalt problemlos zur\u00fccksenden, wenn sie dir nicht gefallen oder du deine Meinung \u00e4nderst. Achte darauf, dass die Artikel ungebraucht und in der Originalverpackung sind, damit wir sie problemlos zur\u00fccknehmen k\u00f6nnen.<\/p>\n\n\n\n<h3 class=\"wp-block-heading\">So gehst du vor:<\/h3>\n\n\n\n<div class=\"wp-block-columns is-not-stacked-on-mobile is-layout-flex wp-container-core-columns-is-layout-9d6595d7 wp-block-columns-is-layout-flex\">\n<div class=\"wp-block-column is-layout-flow wp-block-column-is-layout-flow\" style=\"flex-basis:10px\"><\/div>\n\n\n\n<div class=\"wp-block-column is-layout-flow wp-block-column-is-layout-flow\">\n<ol class=\"wp-block-list\">\n<li>Drucke den Retourenschein zu deiner Bestellung. Diesen findest du in deinem Konto unter <a href=\"https:\/\/carp-sounder.com\/de\/mein-konto\/orders\/\">Bestellungen<\/a>. <\/li>\n\n\n\n<li>F\u00fclle den Retourenschein aus.<\/li>\n\n\n\n<li>Verpacke die Artikel sicher und sende sie an die angegebene R\u00fccksendeadresse.<\/li>\n\n\n\n<li>Bewahre den Versandbeleg auf, um den R\u00fcckversand nachweisen zu k\u00f6nnen.<\/li>\n\n\n\n<li>Sobald wir die R\u00fccksendung erhalten haben, erstatten wir dir den Kaufbetrag innerhalb weniger Werktage.<\/li>\n<\/ol>\n<\/div>\n<\/div>\n\n\n\n<p>Falls du Fragen hast oder Unterst\u00fctzung ben\u00f6tigst, kannst du dich gerne bei unserem <a href=\"https:\/\/carp-sounder.com\/de\/kontaktformular\/\" data-type=\"page\" data-id=\"530\"><strong>Kundenservice <\/strong><\/a>melden.<\/p>\n\n\n\n<p>Wir hoffen, dass du mit deinem Einkauf zufrieden bist, und stehen dir jederzeit zur Verf\u00fcgung!<\/p>\n","protected":false},"excerpt":{"rendered":"<p>R\u00fccksendung von Produkten innerhalb von 30 Tagen Du kannst die bei uns gekauften Produkte innerhalb von 30 Tagen nach Erhalt problemlos zur\u00fccksenden, wenn sie dir nicht gefallen oder du deine Meinung \u00e4nderst. Achte darauf, dass die Artikel ungebraucht und in der Originalverpackung sind, damit wir sie problemlos zur\u00fccknehmen k\u00f6nnen. So gehst du vor: Falls du [&#8230;]<\/p>\n","protected":false},"author":1,"featured_media":0,"parent":181,"menu_order":0,"comment_status":"closed","ping_status":"closed","template":"","meta":{"footnotes":""},"class_list":["post-527","page","type-page","status-publish","hentry"],"_links":{"self":[{"href":"https:\/\/carp-sounder.com\/de\/wp-json\/wp\/v2\/pages\/527","targetHints":{"allow":["GET"]}}],"collection":[{"href":"https:\/\/carp-sounder.com\/de\/wp-json\/wp\/v2\/pages"}],"about":[{"href":"https:\/\/carp-sounder.com\/de\/wp-json\/wp\/v2\/types\/page"}],"author":[{"embeddable":true,"href":"https:\/\/carp-sounder.com\/de\/wp-json\/wp\/v2\/users\/1"}],"replies":[{"embeddable":true,"href":"https:\/\/carp-sounder.com\/de\/wp-json\/wp\/v2\/comments?post=527"}],"version-history":[{"count":12,"href":"https:\/\/carp-sounder.com\/de\/wp-json\/wp\/v2\/pages\/527\/revisions"}],"predecessor-version":[{"id":6059,"href":"https:\/\/carp-sounder.com\/de\/wp-json\/wp\/v2\/pages\/527\/revisions\/6059"}],"up":[{"embeddable":true,"href":"https:\/\/carp-sounder.com\/de\/wp-json\/wp\/v2\/pages\/181"}],"wp:attachment":[{"href":"https:\/\/carp-sounder.com\/de\/wp-json\/wp\/v2\/media?parent=527"}],"curies":[{"name":"wp","href":"https:\/\/api.w.org\/{rel}","templated":true}]}}