{"id":5285,"date":"2025-01-08T09:53:37","date_gmt":"2025-01-08T08:53:37","guid":{"rendered":"https:\/\/carp-sounder.com\/?page_id=5285"},"modified":"2025-01-08T14:12:04","modified_gmt":"2025-01-08T13:12:04","slug":"neon-serie","status":"publish","type":"page","link":"https:\/\/carp-sounder.com\/de\/produktarchiv\/neon-serie\/","title":{"rendered":"Neon Serie"},"content":{"rendered":"\n<p><strong>Du befindest dich im Produktarchiv.<\/strong> Die unten aufgef\u00fchrten Produkte werden nicht mehr hergestellt, da sie durch modernere Varianten ersetzt wurden oder nicht mehr den aktuellen Marktanforderungen entsprechen. F\u00fcr aktuelle Modelle und Neuheiten besuche bitte unsere <a href=\"https:\/\/carp-sounder.com\/de\/bissanzeiger-systeme\/\" data-type=\"page\" data-id=\"5239\">Produkt\u00fcbersicht<\/a>. Wir bedanken uns f\u00fcr dein Interesse und stehen dir bei Fragen gerne zur Verf\u00fcgung.<\/p>\n\n\n\n<p><em>Bitte beachte: Diese Produkte sind m\u00f6glicherweise weiterhin als Ersatzteile oder in speziellen F\u00e4llen erh\u00e4ltlich.<\/em><\/p>\n\n\n\n<div class=\"wp-block-columns is-layout-flex wp-container-core-columns-is-layout-9d6595d7 wp-block-columns-is-layout-flex\">\n<div class=\"wp-block-column is-layout-flow wp-block-column-is-layout-flow\">\n<figure class=\"wp-block-image size-large\"><a href=\"https:\/\/carp-sounder.com\/de\/produktarchiv\/neon-serie\/neon-red-bissanzeiger\/\"><img loading=\"lazy\" decoding=\"async\" width=\"1024\" height=\"1024\" src=\"https:\/\/carp-sounder.com\/wp-content\/uploads\/NE-NR-B-1024x1024.jpg\" alt=\"\" class=\"wp-image-5087\" srcset=\"https:\/\/carp-sounder.com\/wp-content\/uploads\/NE-NR-B-1024x1024.jpg 1024w, https:\/\/carp-sounder.com\/wp-content\/uploads\/NE-NR-B-300x300.jpg 300w, https:\/\/carp-sounder.com\/wp-content\/uploads\/NE-NR-B-200x200.jpg 200w, https:\/\/carp-sounder.com\/wp-content\/uploads\/NE-NR-B-600x600.jpg 600w, https:\/\/carp-sounder.com\/wp-content\/uploads\/NE-NR-B-150x150.jpg 150w, https:\/\/carp-sounder.com\/wp-content\/uploads\/NE-NR-B-768x768.jpg 768w, https:\/\/carp-sounder.com\/wp-content\/uploads\/NE-NR-B-270x270.jpg 270w, https:\/\/carp-sounder.com\/wp-content\/uploads\/NE-NR-B-1320x1320.jpg 1320w, https:\/\/carp-sounder.com\/wp-content\/uploads\/NE-NR-B.jpg 1500w\" sizes=\"auto, (max-width: 1024px) 100vw, 1024px\" \/><\/a><\/figure>\n\n\n\n<p class=\"has-text-align-center\"><a href=\"https:\/\/carp-sounder.com\/de\/produktarchiv\/neon-serie\/neon-red-bissanzeiger\/\" data-type=\"page\" data-id=\"5299\"><strong>NEON Red Bissanzeiger<\/strong><\/a><\/p>\n<\/div>\n\n\n\n<div class=\"wp-block-column is-layout-flow wp-block-column-is-layout-flow\">\n<figure class=\"wp-block-image size-large\"><a href=\"https:\/\/carp-sounder.com\/de\/produktarchiv\/neon-serie\/neon-green-bissanzeiger\/\"><img loading=\"lazy\" decoding=\"async\" width=\"1024\" height=\"1024\" src=\"https:\/\/carp-sounder.com\/wp-content\/uploads\/NE-NG-B-1024x1024.jpg\" alt=\"\" class=\"wp-image-5081\" srcset=\"https:\/\/carp-sounder.com\/wp-content\/uploads\/NE-NG-B-1024x1024.jpg 1024w, https:\/\/carp-sounder.com\/wp-content\/uploads\/NE-NG-B-300x300.jpg 300w, https:\/\/carp-sounder.com\/wp-content\/uploads\/NE-NG-B-200x200.jpg 200w, https:\/\/carp-sounder.com\/wp-content\/uploads\/NE-NG-B-600x600.jpg 600w, https:\/\/carp-sounder.com\/wp-content\/uploads\/NE-NG-B-150x150.jpg 150w, https:\/\/carp-sounder.com\/wp-content\/uploads\/NE-NG-B-768x768.jpg 768w, https:\/\/carp-sounder.com\/wp-content\/uploads\/NE-NG-B-270x270.jpg 270w, https:\/\/carp-sounder.com\/wp-content\/uploads\/NE-NG-B-1320x1320.jpg 1320w, https:\/\/carp-sounder.com\/wp-content\/uploads\/NE-NG-B.jpg 1500w\" sizes=\"auto, (max-width: 1024px) 100vw, 1024px\" \/><\/a><\/figure>\n\n\n\n<p class=\"has-text-align-center\"><a href=\"https:\/\/carp-sounder.com\/de\/produktarchiv\/neon-serie\/neon-green-bissanzeiger\/\" data-type=\"page\" data-id=\"5301\"><strong><\/strong><\/a><strong><a href=\"https:\/\/carp-sounder.com\/de\/produktarchiv\/csf1-it-system\/csf1-bissanzeiger\/\" data-type=\"page\" data-id=\"5307\"><strong>NEON Green Bissanzeiger<\/strong><\/a><\/strong><\/p>\n<\/div>\n\n\n\n<div class=\"wp-block-column is-layout-flow wp-block-column-is-layout-flow\">\n<figure class=\"wp-block-image size-large\"><a href=\"https:\/\/carp-sounder.com\/de\/produktarchiv\/neon-serie\/neon-nx-blue-bissanzeiger\/\"><img loading=\"lazy\" decoding=\"async\" width=\"1024\" height=\"1024\" src=\"https:\/\/carp-sounder.com\/wp-content\/uploads\/NX-NB-B-1024x1024.jpg\" alt=\"\" class=\"wp-image-5099\" srcset=\"https:\/\/carp-sounder.com\/wp-content\/uploads\/NX-NB-B-1024x1024.jpg 1024w, https:\/\/carp-sounder.com\/wp-content\/uploads\/NX-NB-B-300x300.jpg 300w, https:\/\/carp-sounder.com\/wp-content\/uploads\/NX-NB-B-200x200.jpg 200w, https:\/\/carp-sounder.com\/wp-content\/uploads\/NX-NB-B-600x600.jpg 600w, https:\/\/carp-sounder.com\/wp-content\/uploads\/NX-NB-B-150x150.jpg 150w, https:\/\/carp-sounder.com\/wp-content\/uploads\/NX-NB-B-768x768.jpg 768w, https:\/\/carp-sounder.com\/wp-content\/uploads\/NX-NB-B-270x270.jpg 270w, https:\/\/carp-sounder.com\/wp-content\/uploads\/NX-NB-B-1320x1320.jpg 1320w, https:\/\/carp-sounder.com\/wp-content\/uploads\/NX-NB-B.jpg 1500w\" sizes=\"auto, (max-width: 1024px) 100vw, 1024px\" \/><\/a><\/figure>\n\n\n\n<p class=\"has-text-align-center\"><a href=\"https:\/\/carp-sounder.com\/de\/produktarchiv\/neon-serie\/neon-nx-blue-bissanzeiger\/\" data-type=\"page\" data-id=\"5303\"><strong><\/strong><\/a><strong><a href=\"https:\/\/carp-sounder.com\/de\/produktarchiv\/csf1-it-system\/csf1-bissanzeiger\/\" data-type=\"page\" data-id=\"5307\"><strong>NEON NX Blue Bissanzeiger<\/strong><\/a><\/strong><\/p>\n<\/div>\n\n\n\n<div class=\"wp-block-column is-layout-flow wp-block-column-is-layout-flow\">\n<figure class=\"wp-block-image size-large\"><a href=\"https:\/\/carp-sounder.com\/de\/produktarchiv\/neon-serie\/neon-nx-diamond-bissanzeiger\/\"><img loading=\"lazy\" decoding=\"async\" width=\"1024\" height=\"1024\" src=\"https:\/\/carp-sounder.com\/wp-content\/uploads\/NX-DB-B-1024x1024.jpg\" alt=\"\" class=\"wp-image-5093\" srcset=\"https:\/\/carp-sounder.com\/wp-content\/uploads\/NX-DB-B-1024x1024.jpg 1024w, https:\/\/carp-sounder.com\/wp-content\/uploads\/NX-DB-B-300x300.jpg 300w, https:\/\/carp-sounder.com\/wp-content\/uploads\/NX-DB-B-200x200.jpg 200w, https:\/\/carp-sounder.com\/wp-content\/uploads\/NX-DB-B-600x600.jpg 600w, https:\/\/carp-sounder.com\/wp-content\/uploads\/NX-DB-B-150x150.jpg 150w, https:\/\/carp-sounder.com\/wp-content\/uploads\/NX-DB-B-768x768.jpg 768w, https:\/\/carp-sounder.com\/wp-content\/uploads\/NX-DB-B-270x270.jpg 270w, https:\/\/carp-sounder.com\/wp-content\/uploads\/NX-DB-B-1320x1320.jpg 1320w, https:\/\/carp-sounder.com\/wp-content\/uploads\/NX-DB-B.jpg 1500w\" sizes=\"auto, (max-width: 1024px) 100vw, 1024px\" \/><\/a><\/figure>\n\n\n\n<p class=\"has-text-align-center\"><a href=\"https:\/\/carp-sounder.com\/de\/produktarchiv\/neon-serie\/neon-nx-diamond-bissanzeiger\/\" data-type=\"page\" data-id=\"5305\"><strong><\/strong><\/a><strong><a href=\"https:\/\/carp-sounder.com\/de\/produktarchiv\/csf1-it-system\/csf1-bissanzeiger\/\" data-type=\"page\" data-id=\"5307\"><strong>NEON NX Diamond Bissanzeiger<\/strong><\/a><\/strong><\/p>\n<\/div>\n<\/div>\n","protected":false},"excerpt":{"rendered":"<p>Du befindest dich im Produktarchiv. Die unten aufgef\u00fchrten Produkte werden nicht mehr hergestellt, da sie durch modernere Varianten ersetzt wurden oder nicht mehr den aktuellen Marktanforderungen entsprechen. F\u00fcr aktuelle Modelle und Neuheiten besuche bitte unsere Produkt\u00fcbersicht. Wir bedanken uns f\u00fcr dein Interesse und stehen dir bei Fragen gerne zur Verf\u00fcgung. Bitte beachte: Diese Produkte sind [&#8230;]<\/p>\n","protected":false},"author":1,"featured_media":0,"parent":5228,"menu_order":0,"comment_status":"closed","ping_status":"closed","template":"","meta":{"footnotes":""},"class_list":["post-5285","page","type-page","status-publish","hentry"],"_links":{"self":[{"href":"https:\/\/carp-sounder.com\/de\/wp-json\/wp\/v2\/pages\/5285","targetHints":{"allow":["GET"]}}],"collection":[{"href":"https:\/\/carp-sounder.com\/de\/wp-json\/wp\/v2\/pages"}],"about":[{"href":"https:\/\/carp-sounder.com\/de\/wp-json\/wp\/v2\/types\/page"}],"author":[{"embeddable":true,"href":"https:\/\/carp-sounder.com\/de\/wp-json\/wp\/v2\/users\/1"}],"replies":[{"embeddable":true,"href":"https:\/\/carp-sounder.com\/de\/wp-json\/wp\/v2\/comments?post=5285"}],"version-history":[{"count":7,"href":"https:\/\/carp-sounder.com\/de\/wp-json\/wp\/v2\/pages\/5285\/revisions"}],"predecessor-version":[{"id":5603,"href":"https:\/\/carp-sounder.com\/de\/wp-json\/wp\/v2\/pages\/5285\/revisions\/5603"}],"up":[{"embeddable":true,"href":"https:\/\/carp-sounder.com\/de\/wp-json\/wp\/v2\/pages\/5228"}],"wp:attachment":[{"href":"https:\/\/carp-sounder.com\/de\/wp-json\/wp\/v2\/media?parent=5285"}],"curies":[{"name":"wp","href":"https:\/\/api.w.org\/{rel}","templated":true}]}}