{"id":5289,"date":"2025-01-08T09:54:52","date_gmt":"2025-01-08T08:54:52","guid":{"rendered":"https:\/\/carp-sounder.com\/?page_id=5289"},"modified":"2025-01-08T14:10:05","modified_gmt":"2025-01-08T13:10:05","slug":"xr-xrs-system","status":"publish","type":"page","link":"https:\/\/carp-sounder.com\/de\/produktarchiv\/xr-xrs-system\/","title":{"rendered":"XR &amp; XRS System"},"content":{"rendered":"\n<p><strong>Du befindest dich im Produktarchiv.<\/strong> Die unten aufgef\u00fchrten Produkte werden nicht mehr hergestellt, da sie durch modernere Varianten ersetzt wurden oder nicht mehr den aktuellen Marktanforderungen entsprechen. F\u00fcr aktuelle Modelle und Neuheiten besuche bitte unsere <a href=\"https:\/\/carp-sounder.com\/de\/bissanzeiger-systeme\/\" data-type=\"page\" data-id=\"5239\">Produkt\u00fcbersicht<\/a>. Wir bedanken uns f\u00fcr dein Interesse und stehen dir bei Fragen gerne zur Verf\u00fcgung.<\/p>\n\n\n\n<p><em>Bitte beachte: Diese Produkte sind m\u00f6glicherweise weiterhin als Ersatzteile oder in speziellen F\u00e4llen erh\u00e4ltlich.<\/em><\/p>\n\n\n\n<div class=\"wp-block-columns is-layout-flex wp-container-core-columns-is-layout-9d6595d7 wp-block-columns-is-layout-flex\">\n<div class=\"wp-block-column is-layout-flow wp-block-column-is-layout-flow\">\n<figure class=\"wp-block-image size-large\"><a href=\"https:\/\/carp-sounder.com\/de\/produktarchiv\/xr-xrs-system\/roc-xr-bissanzeiger\/\"><img loading=\"lazy\" decoding=\"async\" width=\"1024\" height=\"1024\" src=\"https:\/\/carp-sounder.com\/wp-content\/uploads\/ROCXR-BK-1024x1024.jpg\" alt=\"\" class=\"wp-image-5165\" srcset=\"https:\/\/carp-sounder.com\/wp-content\/uploads\/ROCXR-BK-1024x1024.jpg 1024w, https:\/\/carp-sounder.com\/wp-content\/uploads\/ROCXR-BK-300x300.jpg 300w, https:\/\/carp-sounder.com\/wp-content\/uploads\/ROCXR-BK-200x200.jpg 200w, https:\/\/carp-sounder.com\/wp-content\/uploads\/ROCXR-BK-600x600.jpg 600w, https:\/\/carp-sounder.com\/wp-content\/uploads\/ROCXR-BK-150x150.jpg 150w, https:\/\/carp-sounder.com\/wp-content\/uploads\/ROCXR-BK-768x768.jpg 768w, https:\/\/carp-sounder.com\/wp-content\/uploads\/ROCXR-BK-270x270.jpg 270w, https:\/\/carp-sounder.com\/wp-content\/uploads\/ROCXR-BK-1320x1320.jpg 1320w, https:\/\/carp-sounder.com\/wp-content\/uploads\/ROCXR-BK.jpg 1500w\" sizes=\"auto, (max-width: 1024px) 100vw, 1024px\" \/><\/a><\/figure>\n\n\n\n<p class=\"has-text-align-center\"><a href=\"https:\/\/carp-sounder.com\/de\/produktarchiv\/xr-xrs-system\/roc-xr-bissanzeiger\/\" data-type=\"page\" data-id=\"5315\"><strong>ROC XR<\/strong><\/a> <a href=\"https:\/\/carp-sounder.com\/de\/produktarchiv\/neon-serie\/neon-red-bissanzeiger\/\" data-type=\"page\" data-id=\"5299\"><strong>Bissanzeiger<\/strong><\/a><\/p>\n<\/div>\n\n\n\n<div class=\"wp-block-column is-layout-flow wp-block-column-is-layout-flow\">\n<figure class=\"wp-block-image size-large\"><a href=\"https:\/\/carp-sounder.com\/de\/produktarchiv\/xr-xrs-system\/roc-xrs-bissanzeiger-gen-1\/\"><img loading=\"lazy\" decoding=\"async\" width=\"1024\" height=\"1024\" src=\"https:\/\/carp-sounder.com\/wp-content\/uploads\/ROCXRS-BK-ACC-1024x1024.jpg\" alt=\"\" class=\"wp-image-5177\" srcset=\"https:\/\/carp-sounder.com\/wp-content\/uploads\/ROCXRS-BK-ACC-1024x1024.jpg 1024w, https:\/\/carp-sounder.com\/wp-content\/uploads\/ROCXRS-BK-ACC-300x300.jpg 300w, https:\/\/carp-sounder.com\/wp-content\/uploads\/ROCXRS-BK-ACC-200x200.jpg 200w, https:\/\/carp-sounder.com\/wp-content\/uploads\/ROCXRS-BK-ACC-600x600.jpg 600w, https:\/\/carp-sounder.com\/wp-content\/uploads\/ROCXRS-BK-ACC-150x150.jpg 150w, https:\/\/carp-sounder.com\/wp-content\/uploads\/ROCXRS-BK-ACC-768x768.jpg 768w, https:\/\/carp-sounder.com\/wp-content\/uploads\/ROCXRS-BK-ACC-270x270.jpg 270w, https:\/\/carp-sounder.com\/wp-content\/uploads\/ROCXRS-BK-ACC-1320x1320.jpg 1320w, https:\/\/carp-sounder.com\/wp-content\/uploads\/ROCXRS-BK-ACC.jpg 1500w\" sizes=\"auto, (max-width: 1024px) 100vw, 1024px\" \/><\/a><\/figure>\n\n\n\n<p class=\"has-text-align-center\"><a href=\"https:\/\/carp-sounder.com\/de\/produktarchiv\/neon-serie\/neon-green-bissanzeiger\/\" data-type=\"page\" data-id=\"5301\"><\/a><strong><a href=\"https:\/\/carp-sounder.com\/de\/produktarchiv\/xr-xrs-system\/roc-xrs-bissanzeiger-gen-1\/\" data-type=\"page\" data-id=\"5317\"><strong>ROC XRS Gen. 1 Bissanzeiger<\/strong><\/a><\/strong><\/p>\n<\/div>\n\n\n\n<div class=\"wp-block-column is-layout-flow wp-block-column-is-layout-flow\">\n<figure class=\"wp-block-image size-large\"><a href=\"https:\/\/carp-sounder.com\/de\/produktarchiv\/xr-xrs-system\/receiver-xrs\/\"><img loading=\"lazy\" decoding=\"async\" width=\"1024\" height=\"1024\" src=\"https:\/\/carp-sounder.com\/wp-content\/uploads\/RECXRS-BK-1024x1024.jpg\" alt=\"\" class=\"wp-image-5147\" srcset=\"https:\/\/carp-sounder.com\/wp-content\/uploads\/RECXRS-BK-1024x1024.jpg 1024w, https:\/\/carp-sounder.com\/wp-content\/uploads\/RECXRS-BK-300x300.jpg 300w, https:\/\/carp-sounder.com\/wp-content\/uploads\/RECXRS-BK-200x200.jpg 200w, https:\/\/carp-sounder.com\/wp-content\/uploads\/RECXRS-BK-600x600.jpg 600w, https:\/\/carp-sounder.com\/wp-content\/uploads\/RECXRS-BK-150x150.jpg 150w, https:\/\/carp-sounder.com\/wp-content\/uploads\/RECXRS-BK-768x768.jpg 768w, https:\/\/carp-sounder.com\/wp-content\/uploads\/RECXRS-BK-270x270.jpg 270w, https:\/\/carp-sounder.com\/wp-content\/uploads\/RECXRS-BK-1320x1320.jpg 1320w, https:\/\/carp-sounder.com\/wp-content\/uploads\/RECXRS-BK.jpg 1500w\" sizes=\"auto, (max-width: 1024px) 100vw, 1024px\" \/><\/a><\/figure>\n\n\n\n<p class=\"has-text-align-center\"><strong><a href=\"https:\/\/carp-sounder.com\/de\/produktarchiv\/xr-xrs-system\/receiver-xrs\/\" data-type=\"page\" data-id=\"5319\"><strong>Receiver XRS<\/strong><\/a><\/strong><\/p>\n<\/div>\n\n\n\n<div class=\"wp-block-column is-layout-flow wp-block-column-is-layout-flow\">\n<figure class=\"wp-block-image size-large\"><a href=\"https:\/\/carp-sounder.com\/de\/produktarchiv\/xr-xrs-system\/receiver-xrs-energy\/\"><img loading=\"lazy\" decoding=\"async\" width=\"1024\" height=\"1024\" src=\"https:\/\/carp-sounder.com\/wp-content\/uploads\/RECXRSSR-BK-1024x1024.jpg\" alt=\"\" class=\"wp-image-5153\" srcset=\"https:\/\/carp-sounder.com\/wp-content\/uploads\/RECXRSSR-BK-1024x1024.jpg 1024w, https:\/\/carp-sounder.com\/wp-content\/uploads\/RECXRSSR-BK-300x300.jpg 300w, https:\/\/carp-sounder.com\/wp-content\/uploads\/RECXRSSR-BK-200x200.jpg 200w, https:\/\/carp-sounder.com\/wp-content\/uploads\/RECXRSSR-BK-600x600.jpg 600w, https:\/\/carp-sounder.com\/wp-content\/uploads\/RECXRSSR-BK-150x150.jpg 150w, https:\/\/carp-sounder.com\/wp-content\/uploads\/RECXRSSR-BK-768x768.jpg 768w, https:\/\/carp-sounder.com\/wp-content\/uploads\/RECXRSSR-BK-270x270.jpg 270w, https:\/\/carp-sounder.com\/wp-content\/uploads\/RECXRSSR-BK-1320x1320.jpg 1320w, https:\/\/carp-sounder.com\/wp-content\/uploads\/RECXRSSR-BK.jpg 1500w\" sizes=\"auto, (max-width: 1024px) 100vw, 1024px\" \/><\/a><\/figure>\n\n\n\n<p class=\"has-text-align-center\"><strong><a href=\"https:\/\/carp-sounder.com\/de\/produktarchiv\/xr-xrs-system\/receiver-xrs-energy\/\" data-type=\"page\" data-id=\"5321\"><strong>Receiver XRS Energy+<\/strong><\/a><\/strong><\/p>\n<\/div>\n<\/div>\n","protected":false},"excerpt":{"rendered":"<p>Du befindest dich im Produktarchiv. Die unten aufgef\u00fchrten Produkte werden nicht mehr hergestellt, da sie durch modernere Varianten ersetzt wurden oder nicht mehr den aktuellen Marktanforderungen entsprechen. F\u00fcr aktuelle Modelle und Neuheiten besuche bitte unsere Produkt\u00fcbersicht. Wir bedanken uns f\u00fcr dein Interesse und stehen dir bei Fragen gerne zur Verf\u00fcgung. Bitte beachte: Diese Produkte sind [&#8230;]<\/p>\n","protected":false},"author":1,"featured_media":0,"parent":5228,"menu_order":0,"comment_status":"closed","ping_status":"closed","template":"","meta":{"footnotes":""},"class_list":["post-5289","page","type-page","status-publish","hentry"],"_links":{"self":[{"href":"https:\/\/carp-sounder.com\/de\/wp-json\/wp\/v2\/pages\/5289","targetHints":{"allow":["GET"]}}],"collection":[{"href":"https:\/\/carp-sounder.com\/de\/wp-json\/wp\/v2\/pages"}],"about":[{"href":"https:\/\/carp-sounder.com\/de\/wp-json\/wp\/v2\/types\/page"}],"author":[{"embeddable":true,"href":"https:\/\/carp-sounder.com\/de\/wp-json\/wp\/v2\/users\/1"}],"replies":[{"embeddable":true,"href":"https:\/\/carp-sounder.com\/de\/wp-json\/wp\/v2\/comments?post=5289"}],"version-history":[{"count":7,"href":"https:\/\/carp-sounder.com\/de\/wp-json\/wp\/v2\/pages\/5289\/revisions"}],"predecessor-version":[{"id":5595,"href":"https:\/\/carp-sounder.com\/de\/wp-json\/wp\/v2\/pages\/5289\/revisions\/5595"}],"up":[{"embeddable":true,"href":"https:\/\/carp-sounder.com\/de\/wp-json\/wp\/v2\/pages\/5228"}],"wp:attachment":[{"href":"https:\/\/carp-sounder.com\/de\/wp-json\/wp\/v2\/media?parent=5289"}],"curies":[{"name":"wp","href":"https:\/\/api.w.org\/{rel}","templated":true}]}}