{"id":5291,"date":"2025-01-08T09:55:17","date_gmt":"2025-01-08T08:55:17","guid":{"rendered":"https:\/\/carp-sounder.com\/?page_id=5291"},"modified":"2025-01-08T11:42:34","modified_gmt":"2025-01-08T10:42:34","slug":"super-bissanzeiger","status":"publish","type":"page","link":"https:\/\/carp-sounder.com\/de\/produktarchiv\/super-serie\/super-bissanzeiger\/","title":{"rendered":"Super Bissanzeiger"},"content":{"rendered":"\n<p><br><br>Der <strong>Carp-Sounder Super Bissanzeiger<\/strong> gilt als eine der herausragenden Innovationen im Bereich des Karpfenangelns und markierte einen wichtigen Entwicklungsschritt in der Geschichte der Bissanzeiger. Mitte der 1990er Jahre eingef\u00fchrt, zeichnete sich der CS Super durch eine bemerkenswerte Kombination aus modernster Technologie und durchdachtem Design aus. Dieser Bissanzeiger wurde speziell f\u00fcr die anspruchsvollsten Karpfenangler entwickelt, die nicht nur eine zuverl\u00e4ssige Bissanzeige, sondern auch eine hohe Pr\u00e4zision und eine benutzerfreundliche Handhabung suchten.<\/p>\n\n\n\n<p>Besondere Merkmale des <strong>CS Super<\/strong> waren die au\u00dfergew\u00f6hnliche Empfindlichkeit und die Vielseitigkeit der Bissanzeige, die es dem Angler erm\u00f6glichte, auf feinste Bisse schnell und zuverl\u00e4ssig zu reagieren. Durch die Integration fortschrittlicher Technologie, wie etwa einer pr\u00e4zisen Tonsteuerung und einer besseren Lichtanzeige, konnte der CS Super sowohl bei Tag als auch bei Nacht eine klare und unmissverst\u00e4ndliche Signalisierung bieten. Dar\u00fcber hinaus bestach der Bissanzeiger durch seine robuste Bauweise und seine Widerstandsf\u00e4higkeit gegen\u00fcber den Herausforderungen des Outdoor-Einsatzes.<\/p>\n\n\n\n<p>Der <strong>CS Super Bissanzeiger<\/strong> trug dazu bei, die Standards im Karpfenangeln weiter zu erh\u00f6hen und die Erwartungen an Bissanzeiger in Bezug auf Leistung und Haltbarkeit neu zu definieren. Mit seiner Einf\u00fchrung in den Markt setzte er einen neuen Ma\u00dfstab in der Karpfentechnologie.<\/p>\n\n\n\n<p><\/p>\n\n\n\n<div class=\"wp-block-columns is-layout-flex wp-container-core-columns-is-layout-9d6595d7 wp-block-columns-is-layout-flex\">\n<div class=\"wp-block-column is-layout-flow wp-block-column-is-layout-flow\" style=\"flex-basis:60%\">\n<figure class=\"wp-block-image size-large\"><img loading=\"lazy\" decoding=\"async\" width=\"1024\" height=\"1024\" src=\"https:\/\/carp-sounder.com\/wp-content\/uploads\/SU-BK-B-1024x1024.jpg\" alt=\"\" class=\"wp-image-5201\" srcset=\"https:\/\/carp-sounder.com\/wp-content\/uploads\/SU-BK-B-1024x1024.jpg 1024w, https:\/\/carp-sounder.com\/wp-content\/uploads\/SU-BK-B-300x300.jpg 300w, https:\/\/carp-sounder.com\/wp-content\/uploads\/SU-BK-B-200x200.jpg 200w, https:\/\/carp-sounder.com\/wp-content\/uploads\/SU-BK-B-600x600.jpg 600w, https:\/\/carp-sounder.com\/wp-content\/uploads\/SU-BK-B-150x150.jpg 150w, https:\/\/carp-sounder.com\/wp-content\/uploads\/SU-BK-B-768x768.jpg 768w, https:\/\/carp-sounder.com\/wp-content\/uploads\/SU-BK-B-270x270.jpg 270w, https:\/\/carp-sounder.com\/wp-content\/uploads\/SU-BK-B-1320x1320.jpg 1320w, https:\/\/carp-sounder.com\/wp-content\/uploads\/SU-BK-B.jpg 1500w\" sizes=\"auto, (max-width: 1024px) 100vw, 1024px\" \/><\/figure>\n<\/div>\n\n\n\n<div class=\"wp-block-column is-layout-flow wp-block-column-is-layout-flow\" style=\"flex-basis:40%\">\n<p><strong><strong>Features:<\/strong><\/strong><\/p>\n\n\n\n<div class=\"wp-block-columns is-not-stacked-on-mobile is-layout-flex wp-container-core-columns-is-layout-9d6595d7 wp-block-columns-is-layout-flex\">\n<div class=\"wp-block-column is-layout-flow wp-block-column-is-layout-flow\" style=\"flex-basis:5px\"><\/div>\n\n\n\n<div class=\"wp-block-column is-layout-flow wp-block-column-is-layout-flow\" style=\"flex-basis:66.66%\">\n<ul class=\"wp-block-list\">\n<li>Automatische Ein und Ausschaltung<\/li>\n\n\n\n<li>100% wasserdicht<\/li>\n\n\n\n<li>Superhelle 5 mm Leuchtdiode<\/li>\n\n\n\n<li>Nachleuchtdauer der LED ca. 12 sec.<\/li>\n\n\n\n<li>Lautst\u00e4rkeregelung \u00fcber Tonlochscheibe<\/li>\n\n\n\n<li>Tonh\u00f6henverstellung \u00fcber Drehknopf<\/li>\n\n\n\n<li>Verstellbare Windohren<\/li>\n\n\n\n<li>Anschlussbuchse f\u00fcr Zelt- oder Funkbox<\/li>\n\n\n\n<li>Lautes Tonsignal<\/li>\n\n\n\n<li>Batteriesparmodus<\/li>\n\n\n\n<li>Robustes Geh\u00e4use aus glasfaserverst\u00e4rktem Polyamid<\/li>\n\n\n\n<li>Edelstahlverschraubung<\/li>\n\n\n\n<li>Laufradblockiersystem <\/li>\n\n\n\n<li>Abmasse Geh\u00e4use: 75 mm * 58 mm * 33 mm<\/li>\n\n\n\n<li>Batterie: 9 V Block<\/li>\n<\/ul>\n<\/div>\n<\/div>\n\n\n\n<p><strong>LED Farben:<\/strong><\/p>\n\n\n\n<div class=\"wp-block-group is-layout-grid wp-container-core-group-is-layout-cdac8cac wp-block-group-is-layout-grid\">\n<figure class=\"wp-block-image size-full\"><img loading=\"lazy\" decoding=\"async\" width=\"50\" height=\"50\" src=\"https:\/\/carp-sounder.com\/wp-content\/uploads\/rot.png\" alt=\"\" class=\"wp-image-5440\"\/><\/figure>\n\n\n\n<figure class=\"wp-block-image size-full\"><img loading=\"lazy\" decoding=\"async\" width=\"50\" height=\"50\" src=\"https:\/\/carp-sounder.com\/wp-content\/uploads\/gelb.png\" alt=\"\" class=\"wp-image-5458\"\/><\/figure>\n\n\n\n<figure class=\"wp-block-image size-full\"><img loading=\"lazy\" decoding=\"async\" width=\"50\" height=\"50\" src=\"https:\/\/carp-sounder.com\/wp-content\/uploads\/gruen.png\" alt=\"\" class=\"wp-image-5464\"\/><\/figure>\n\n\n\n<figure class=\"wp-block-image size-full wp-container-content-38d9c472\"><img loading=\"lazy\" decoding=\"async\" width=\"50\" height=\"50\" src=\"https:\/\/carp-sounder.com\/wp-content\/uploads\/blau.png\" alt=\"\" class=\"wp-image-5452\"\/><\/figure>\n\n\n\n<figure class=\"wp-block-image size-full\"><img loading=\"lazy\" decoding=\"async\" width=\"50\" height=\"50\" src=\"https:\/\/carp-sounder.com\/wp-content\/uploads\/weiss.png\" alt=\"\" class=\"wp-image-5446\"\/><\/figure>\n\n\n\n<figure class=\"wp-block-image size-full\"><img loading=\"lazy\" decoding=\"async\" width=\"50\" height=\"50\" src=\"https:\/\/carp-sounder.com\/wp-content\/uploads\/purple.png\" alt=\"\" class=\"wp-image-5434\"\/><\/figure>\n\n\n\n<figure class=\"wp-block-image size-full\"><img loading=\"lazy\" decoding=\"async\" width=\"50\" height=\"50\" src=\"https:\/\/carp-sounder.com\/wp-content\/uploads\/multicolor.png\" alt=\"\" class=\"wp-image-5428\"\/><\/figure>\n<\/div>\n<\/div>\n<\/div>\n","protected":false},"excerpt":{"rendered":"<p>Der Carp-Sounder Super Bissanzeiger gilt als eine der herausragenden Innovationen im Bereich des Karpfenangelns und markierte einen wichtigen Entwicklungsschritt in der Geschichte der Bissanzeiger. Mitte der 1990er Jahre eingef\u00fchrt, zeichnete sich der CS Super durch eine bemerkenswerte Kombination aus modernster Technologie und durchdachtem Design aus. Dieser Bissanzeiger wurde speziell f\u00fcr die anspruchsvollsten Karpfenangler entwickelt, die [&#8230;]<\/p>\n","protected":false},"author":1,"featured_media":0,"parent":5283,"menu_order":0,"comment_status":"closed","ping_status":"closed","template":"","meta":{"footnotes":""},"class_list":["post-5291","page","type-page","status-publish","hentry"],"_links":{"self":[{"href":"https:\/\/carp-sounder.com\/de\/wp-json\/wp\/v2\/pages\/5291","targetHints":{"allow":["GET"]}}],"collection":[{"href":"https:\/\/carp-sounder.com\/de\/wp-json\/wp\/v2\/pages"}],"about":[{"href":"https:\/\/carp-sounder.com\/de\/wp-json\/wp\/v2\/types\/page"}],"author":[{"embeddable":true,"href":"https:\/\/carp-sounder.com\/de\/wp-json\/wp\/v2\/users\/1"}],"replies":[{"embeddable":true,"href":"https:\/\/carp-sounder.com\/de\/wp-json\/wp\/v2\/comments?post=5291"}],"version-history":[{"count":3,"href":"https:\/\/carp-sounder.com\/de\/wp-json\/wp\/v2\/pages\/5291\/revisions"}],"predecessor-version":[{"id":5513,"href":"https:\/\/carp-sounder.com\/de\/wp-json\/wp\/v2\/pages\/5291\/revisions\/5513"}],"up":[{"embeddable":true,"href":"https:\/\/carp-sounder.com\/de\/wp-json\/wp\/v2\/pages\/5283"}],"wp:attachment":[{"href":"https:\/\/carp-sounder.com\/de\/wp-json\/wp\/v2\/media?parent=5291"}],"curies":[{"name":"wp","href":"https:\/\/api.w.org\/{rel}","templated":true}]}}