{"id":5297,"date":"2025-01-08T09:56:39","date_gmt":"2025-01-08T08:56:39","guid":{"rendered":"https:\/\/carp-sounder.com\/?page_id=5297"},"modified":"2025-01-08T11:49:55","modified_gmt":"2025-01-08T10:49:55","slug":"cs-5-bissanzeiger","status":"publish","type":"page","link":"https:\/\/carp-sounder.com\/de\/produktarchiv\/super-serie\/cs-5-bissanzeiger\/","title":{"rendered":"CS-5 Bissanzeiger"},"content":{"rendered":"\n<p><br><br>Der <strong>Carp-Sounder CS-5 Bissanzeiger<\/strong> stellt einen weiteren bedeutenden Schritt in der Entwicklung moderner Karpfenangeltechnologie dar und wurde zu einem Favoriten unter erfahrenen Karpfenanglern. In 2002 eingef\u00fchrt, brachte der CS-5 eine neue Dimension in Sachen Pr\u00e4zision und Anpassungsf\u00e4higkeit. Durch seine innovative Technik und das durchdachte Design setzte er neue Ma\u00dfst\u00e4be im Bereich der Bissanzeiger und wurde schnell zu einem unverzichtbaren Bestandteil der Karpfenausr\u00fcstung.<\/p>\n\n\n\n<p>Der CS-5 zeichnete sich durch eine hohe Empfindlichkeit und eine besonders pr\u00e4zise Bissanzeige aus, die es Anglern erm\u00f6glichte, selbst die feinsten Bisse zuverl\u00e4ssig zu erkennen. Ein besonderes Merkmal dieses Bissanzeigers war die M\u00f6glichkeit, verschiedene Parameter wie Lautst\u00e4rke, Ton und Sensibilit\u00e4t individuell anzupassen, um optimal auf die jeweilige Angelbedingungen und pers\u00f6nlichen Vorlieben eingehen zu k\u00f6nnen. Zus\u00e4tzlich wurde der CS-5 mit einer robusten, wetterbest\u00e4ndigen H\u00fclle ausgestattet, die ihn auch unter extremen Bedingungen zuverl\u00e4ssig funktionst\u00fcchtig hielt.<\/p>\n\n\n\n<p>Mit seiner benutzerfreundlichen Bedienung, der exzellenten Leistung und der stabilen Bauweise setzte der <strong>CS-5 Bissanzeiger<\/strong> einen neuen Standard f\u00fcr die Karpfenausr\u00fcstung und brachte eine technologische Raffinesse, die das Karpfenangeln noch effizienter und angenehmer machte. Der CS-5 ist somit ein Paradebeispiel f\u00fcr den stetigen Fortschritt und die kontinuierliche Verbesserung von Karpfenangeltechnik, die den Anspr\u00fcchen von Profianglern gerecht wird.<\/p>\n\n\n\n<p><\/p>\n\n\n\n<div class=\"wp-block-columns is-layout-flex wp-container-core-columns-is-layout-9d6595d7 wp-block-columns-is-layout-flex\">\n<div class=\"wp-block-column is-layout-flow wp-block-column-is-layout-flow\" style=\"flex-basis:60%\">\n<figure class=\"wp-block-image size-large\"><img loading=\"lazy\" decoding=\"async\" width=\"1024\" height=\"1024\" src=\"https:\/\/carp-sounder.com\/wp-content\/uploads\/CS5-BK-B-1024x1024.jpg\" alt=\"\" class=\"wp-image-5051\" srcset=\"https:\/\/carp-sounder.com\/wp-content\/uploads\/CS5-BK-B-1024x1024.jpg 1024w, https:\/\/carp-sounder.com\/wp-content\/uploads\/CS5-BK-B-300x300.jpg 300w, https:\/\/carp-sounder.com\/wp-content\/uploads\/CS5-BK-B-200x200.jpg 200w, https:\/\/carp-sounder.com\/wp-content\/uploads\/CS5-BK-B-600x600.jpg 600w, https:\/\/carp-sounder.com\/wp-content\/uploads\/CS5-BK-B-150x150.jpg 150w, https:\/\/carp-sounder.com\/wp-content\/uploads\/CS5-BK-B-768x768.jpg 768w, https:\/\/carp-sounder.com\/wp-content\/uploads\/CS5-BK-B-270x270.jpg 270w, https:\/\/carp-sounder.com\/wp-content\/uploads\/CS5-BK-B-1320x1320.jpg 1320w, https:\/\/carp-sounder.com\/wp-content\/uploads\/CS5-BK-B.jpg 1500w\" sizes=\"auto, (max-width: 1024px) 100vw, 1024px\" \/><\/figure>\n<\/div>\n\n\n\n<div class=\"wp-block-column is-layout-flow wp-block-column-is-layout-flow\" style=\"flex-basis:40%\">\n<p><strong><strong>Features:<\/strong><\/strong><\/p>\n\n\n\n<div class=\"wp-block-columns is-not-stacked-on-mobile is-layout-flex wp-container-core-columns-is-layout-9d6595d7 wp-block-columns-is-layout-flex\">\n<div class=\"wp-block-column is-layout-flow wp-block-column-is-layout-flow\" style=\"flex-basis:5px\"><\/div>\n\n\n\n<div class=\"wp-block-column is-layout-flow wp-block-column-is-layout-flow\" style=\"flex-basis:66.66%\">\n<ul class=\"wp-block-list\">\n<li>Digitaltechnik<\/li>\n\n\n\n<li>Tonh\u00f6he stufenlos verstellbar<\/li>\n\n\n\n<li>Lautst\u00e4rke \u00fcber Tonlochscheibe<\/li>\n\n\n\n<li>Sensibilit\u00e4t stufenlos verstellbar mit gro\u00dfem Einstellbereichf\u00fcr extremes Flussangeln oder Bootsangeln<\/li>\n\n\n\n<li>Fallbisserkennung durch spezielles Tonsignal<\/li>\n\n\n\n<li>LED auch bei Tageslicht erkennbar, Nachtlichtfunktion (8 h Leuchtdauer)<\/li>\n\n\n\n<li>Batteriesparmodus (geringer Stromverbrauch)<\/li>\n\n\n\n<li>Zeltboxanschluss<\/li>\n\n\n\n<li>Verstellbare Rutenauflage<\/li>\n\n\n\n<li>100 % wasserdicht<\/li>\n\n\n\n<li>Laufradblockiersystem (Schieber in LED Farbe) hilfreichbeim Schnurspannen<\/li>\n\n\n\n<li>Abma\u00dfe Geh\u00e4use : 75 mm x 58 mm x 33 mm<\/li>\n\n\n\n<li>Batterie : 9 V Block<\/li>\n<\/ul>\n<\/div>\n<\/div>\n\n\n\n<p><strong>LED Farben:<\/strong><\/p>\n\n\n\n<div class=\"wp-block-group is-layout-grid wp-container-core-group-is-layout-cdac8cac wp-block-group-is-layout-grid\">\n<figure class=\"wp-block-image size-full\"><img loading=\"lazy\" decoding=\"async\" width=\"50\" height=\"50\" src=\"https:\/\/carp-sounder.com\/wp-content\/uploads\/rot.png\" alt=\"\" class=\"wp-image-5440\"\/><\/figure>\n\n\n\n<figure class=\"wp-block-image size-full\"><img loading=\"lazy\" decoding=\"async\" width=\"50\" height=\"50\" src=\"https:\/\/carp-sounder.com\/wp-content\/uploads\/gelb.png\" alt=\"\" class=\"wp-image-5458\"\/><\/figure>\n\n\n\n<figure class=\"wp-block-image size-full\"><img loading=\"lazy\" decoding=\"async\" width=\"50\" height=\"50\" src=\"https:\/\/carp-sounder.com\/wp-content\/uploads\/gruen.png\" alt=\"\" class=\"wp-image-5464\"\/><\/figure>\n\n\n\n<figure class=\"wp-block-image size-full wp-container-content-38d9c472\"><img loading=\"lazy\" decoding=\"async\" width=\"50\" height=\"50\" src=\"https:\/\/carp-sounder.com\/wp-content\/uploads\/blau.png\" alt=\"\" class=\"wp-image-5452\"\/><\/figure>\n\n\n\n<figure class=\"wp-block-image size-full\"><img loading=\"lazy\" decoding=\"async\" width=\"50\" height=\"50\" src=\"https:\/\/carp-sounder.com\/wp-content\/uploads\/weiss.png\" alt=\"\" class=\"wp-image-5446\"\/><\/figure>\n\n\n\n<figure class=\"wp-block-image size-full\"><img loading=\"lazy\" decoding=\"async\" width=\"50\" height=\"50\" src=\"https:\/\/carp-sounder.com\/wp-content\/uploads\/purple.png\" alt=\"\" class=\"wp-image-5434\"\/><\/figure>\n\n\n\n<figure class=\"wp-block-image size-full\"><img loading=\"lazy\" decoding=\"async\" width=\"50\" height=\"50\" src=\"https:\/\/carp-sounder.com\/wp-content\/uploads\/multicolor.png\" alt=\"\" class=\"wp-image-5428\"\/><\/figure>\n<\/div>\n<\/div>\n<\/div>\n","protected":false},"excerpt":{"rendered":"<p>Der Carp-Sounder CS-5 Bissanzeiger stellt einen weiteren bedeutenden Schritt in der Entwicklung moderner Karpfenangeltechnologie dar und wurde zu einem Favoriten unter erfahrenen Karpfenanglern. In 2002 eingef\u00fchrt, brachte der CS-5 eine neue Dimension in Sachen Pr\u00e4zision und Anpassungsf\u00e4higkeit. Durch seine innovative Technik und das durchdachte Design setzte er neue Ma\u00dfst\u00e4be im Bereich der Bissanzeiger und wurde [&#8230;]<\/p>\n","protected":false},"author":1,"featured_media":0,"parent":5283,"menu_order":0,"comment_status":"closed","ping_status":"closed","template":"","meta":{"footnotes":""},"class_list":["post-5297","page","type-page","status-publish","hentry"],"_links":{"self":[{"href":"https:\/\/carp-sounder.com\/de\/wp-json\/wp\/v2\/pages\/5297","targetHints":{"allow":["GET"]}}],"collection":[{"href":"https:\/\/carp-sounder.com\/de\/wp-json\/wp\/v2\/pages"}],"about":[{"href":"https:\/\/carp-sounder.com\/de\/wp-json\/wp\/v2\/types\/page"}],"author":[{"embeddable":true,"href":"https:\/\/carp-sounder.com\/de\/wp-json\/wp\/v2\/users\/1"}],"replies":[{"embeddable":true,"href":"https:\/\/carp-sounder.com\/de\/wp-json\/wp\/v2\/comments?post=5297"}],"version-history":[{"count":3,"href":"https:\/\/carp-sounder.com\/de\/wp-json\/wp\/v2\/pages\/5297\/revisions"}],"predecessor-version":[{"id":5516,"href":"https:\/\/carp-sounder.com\/de\/wp-json\/wp\/v2\/pages\/5297\/revisions\/5516"}],"up":[{"embeddable":true,"href":"https:\/\/carp-sounder.com\/de\/wp-json\/wp\/v2\/pages\/5283"}],"wp:attachment":[{"href":"https:\/\/carp-sounder.com\/de\/wp-json\/wp\/v2\/media?parent=5297"}],"curies":[{"name":"wp","href":"https:\/\/api.w.org\/{rel}","templated":true}]}}