{"id":5299,"date":"2025-01-08T09:57:04","date_gmt":"2025-01-08T08:57:04","guid":{"rendered":"https:\/\/carp-sounder.com\/?page_id=5299"},"modified":"2025-01-08T12:19:29","modified_gmt":"2025-01-08T11:19:29","slug":"neon-red-bissanzeiger","status":"publish","type":"page","link":"https:\/\/carp-sounder.com\/de\/produktarchiv\/neon-serie\/neon-red-bissanzeiger\/","title":{"rendered":"NEON Red Bissanzeiger"},"content":{"rendered":"\n<p><br><br>Der <strong>Carp-Sounder NEON Red<\/strong> Bissanzeiger wurde als besonders auff\u00e4llige und leistungsstarke Variante entwickelt und setzte neue Akzente im Bereich der Karpfenangeltechnik. Mit seiner leuchtend roten Neonfarbe stach der NEON Red sofort ins Auge und war nicht nur optisch ein Highlight, sondern auch technisch auf dem neuesten Stand. Er wurde als Antwort auf die wachsende Nachfrage nach Bissanzeigern mit hoher Sichtbarkeit und robustem Design geschaffen, die sowohl tags\u00fcber als auch bei schlechten Lichtverh\u00e4ltnissen oder in der D\u00e4mmerung effektiv arbeiten.<\/p>\n\n\n\n<p>Der <strong>CS NEON Red<\/strong> zeichnete sich durch eine zuverl\u00e4ssige Bissanzeige mit klaren Ton- und Lichtsignalen aus, die auch unter schwierigen Bedingungen eine gute Erkennbarkeit erm\u00f6glichten. Die Neonfarbe hatte dabei nicht nur einen \u00e4sthetischen Wert, sondern erh\u00f6hte die Sichtbarkeit des Bissanzeigers auf dem Angelplatz, was besonders bei langen N\u00e4chten oder schwierigen Wetterverh\u00e4ltnissen von Vorteil war. Zudem wurde der Bissanzeiger mit einer robusten und wetterbest\u00e4ndigen H\u00fclle ausgestattet, die ihn besonders widerstandsf\u00e4hig machte.<\/p>\n\n\n\n<p>Mit dem <strong>CS NEON Red<\/strong> wurde ein Bissanzeiger geschaffen, der sowohl durch seine auff\u00e4llige Optik als auch durch seine zuverl\u00e4ssige Leistung besticht. Er richtete sich an Angler, die nicht nur einen funktionalen, sondern auch einen optisch markanten Bissanzeiger wollten, der selbst unter herausfordernden Bedingungen stets zuverl\u00e4ssig funktioniert<\/p>\n\n\n\n<p><\/p>\n\n\n\n<div class=\"wp-block-columns is-layout-flex wp-container-core-columns-is-layout-9d6595d7 wp-block-columns-is-layout-flex\">\n<div class=\"wp-block-column is-layout-flow wp-block-column-is-layout-flow\" style=\"flex-basis:60%\">\n<figure class=\"wp-block-image size-large\"><img loading=\"lazy\" decoding=\"async\" width=\"1024\" height=\"1024\" src=\"https:\/\/carp-sounder.com\/wp-content\/uploads\/NE-NR-B-1024x1024.jpg\" alt=\"\" class=\"wp-image-5087\" srcset=\"https:\/\/carp-sounder.com\/wp-content\/uploads\/NE-NR-B-1024x1024.jpg 1024w, https:\/\/carp-sounder.com\/wp-content\/uploads\/NE-NR-B-300x300.jpg 300w, https:\/\/carp-sounder.com\/wp-content\/uploads\/NE-NR-B-200x200.jpg 200w, https:\/\/carp-sounder.com\/wp-content\/uploads\/NE-NR-B-600x600.jpg 600w, https:\/\/carp-sounder.com\/wp-content\/uploads\/NE-NR-B-150x150.jpg 150w, https:\/\/carp-sounder.com\/wp-content\/uploads\/NE-NR-B-768x768.jpg 768w, https:\/\/carp-sounder.com\/wp-content\/uploads\/NE-NR-B-270x270.jpg 270w, https:\/\/carp-sounder.com\/wp-content\/uploads\/NE-NR-B-1320x1320.jpg 1320w, https:\/\/carp-sounder.com\/wp-content\/uploads\/NE-NR-B.jpg 1500w\" sizes=\"auto, (max-width: 1024px) 100vw, 1024px\" \/><\/figure>\n<\/div>\n\n\n\n<div class=\"wp-block-column is-layout-flow wp-block-column-is-layout-flow\" style=\"flex-basis:40%\">\n<p><strong><strong>Features:<\/strong><\/strong><\/p>\n\n\n\n<div class=\"wp-block-columns is-not-stacked-on-mobile is-layout-flex wp-container-core-columns-is-layout-9d6595d7 wp-block-columns-is-layout-flex\">\n<div class=\"wp-block-column is-layout-flow wp-block-column-is-layout-flow\" style=\"flex-basis:5px\"><\/div>\n\n\n\n<div class=\"wp-block-column is-layout-flow wp-block-column-is-layout-flow\" style=\"flex-basis:66.66%\">\n<ul class=\"wp-block-list\">\n<li>Automatische Ein und Ausschaltung<\/li>\n\n\n\n<li>100% wasserdicht<\/li>\n\n\n\n<li>Superhelle 5 mm Leuchtdiode<\/li>\n\n\n\n<li>Nachleuchtdauer der LED ca. 12 sec.<\/li>\n\n\n\n<li>Lautst\u00e4rkeregelung \u00fcber Tonlochscheibe<\/li>\n\n\n\n<li>Lautst\u00e4rkennverstellung \u00fcber Drehknopf<\/li>\n\n\n\n<li>Verstellbare Windohren<\/li>\n\n\n\n<li>Anschlussbuchse f\u00fcr Zelt- oder Funkbox<\/li>\n\n\n\n<li>Lautes Tonsignal<\/li>\n\n\n\n<li>Batteriesparmodus<\/li>\n\n\n\n<li>Robustes Geh\u00e4use<\/li>\n\n\n\n<li>Edelstahlverschraubung<\/li>\n\n\n\n<li>Laufradblockiersystem <\/li>\n\n\n\n<li>Abmasse Geh\u00e4use: 75 mm * 58 mm * 33 mm<\/li>\n\n\n\n<li>Batterie: 9 V Block<\/li>\n<\/ul>\n<\/div>\n<\/div>\n\n\n\n<p><strong>LED Farben:<\/strong><\/p>\n\n\n\n<div class=\"wp-block-group is-layout-grid wp-container-core-group-is-layout-cdac8cac wp-block-group-is-layout-grid\">\n<figure class=\"wp-block-image size-full\"><img loading=\"lazy\" decoding=\"async\" width=\"50\" height=\"50\" src=\"https:\/\/carp-sounder.com\/wp-content\/uploads\/rot.png\" alt=\"\" class=\"wp-image-5440\"\/><\/figure>\n\n\n\n<figure class=\"wp-block-image size-full\"><img loading=\"lazy\" decoding=\"async\" width=\"50\" height=\"50\" src=\"https:\/\/carp-sounder.com\/wp-content\/uploads\/gelb.png\" alt=\"\" class=\"wp-image-5458\"\/><\/figure>\n\n\n\n<figure class=\"wp-block-image size-full\"><img loading=\"lazy\" decoding=\"async\" width=\"50\" height=\"50\" src=\"https:\/\/carp-sounder.com\/wp-content\/uploads\/gruen.png\" alt=\"\" class=\"wp-image-5464\"\/><\/figure>\n\n\n\n<figure class=\"wp-block-image size-full wp-container-content-38d9c472\"><img loading=\"lazy\" decoding=\"async\" width=\"50\" height=\"50\" src=\"https:\/\/carp-sounder.com\/wp-content\/uploads\/blau.png\" alt=\"\" class=\"wp-image-5452\"\/><\/figure>\n\n\n\n<figure class=\"wp-block-image size-full\"><img loading=\"lazy\" decoding=\"async\" width=\"50\" height=\"50\" src=\"https:\/\/carp-sounder.com\/wp-content\/uploads\/weiss.png\" alt=\"\" class=\"wp-image-5446\"\/><\/figure>\n\n\n\n<figure class=\"wp-block-image size-full\"><img loading=\"lazy\" decoding=\"async\" width=\"50\" height=\"50\" src=\"https:\/\/carp-sounder.com\/wp-content\/uploads\/purple.png\" alt=\"\" class=\"wp-image-5434\"\/><\/figure>\n\n\n\n<figure class=\"wp-block-image size-full\"><img loading=\"lazy\" decoding=\"async\" width=\"50\" height=\"50\" src=\"https:\/\/carp-sounder.com\/wp-content\/uploads\/multicolor.png\" alt=\"\" class=\"wp-image-5428\"\/><\/figure>\n<\/div>\n<\/div>\n<\/div>\n","protected":false},"excerpt":{"rendered":"<p>Der Carp-Sounder NEON Red Bissanzeiger wurde als besonders auff\u00e4llige und leistungsstarke Variante entwickelt und setzte neue Akzente im Bereich der Karpfenangeltechnik. Mit seiner leuchtend roten Neonfarbe stach der NEON Red sofort ins Auge und war nicht nur optisch ein Highlight, sondern auch technisch auf dem neuesten Stand. Er wurde als Antwort auf die wachsende Nachfrage [&#8230;]<\/p>\n","protected":false},"author":1,"featured_media":0,"parent":5285,"menu_order":0,"comment_status":"closed","ping_status":"closed","template":"","meta":{"footnotes":""},"class_list":["post-5299","page","type-page","status-publish","hentry"],"_links":{"self":[{"href":"https:\/\/carp-sounder.com\/de\/wp-json\/wp\/v2\/pages\/5299","targetHints":{"allow":["GET"]}}],"collection":[{"href":"https:\/\/carp-sounder.com\/de\/wp-json\/wp\/v2\/pages"}],"about":[{"href":"https:\/\/carp-sounder.com\/de\/wp-json\/wp\/v2\/types\/page"}],"author":[{"embeddable":true,"href":"https:\/\/carp-sounder.com\/de\/wp-json\/wp\/v2\/users\/1"}],"replies":[{"embeddable":true,"href":"https:\/\/carp-sounder.com\/de\/wp-json\/wp\/v2\/comments?post=5299"}],"version-history":[{"count":2,"href":"https:\/\/carp-sounder.com\/de\/wp-json\/wp\/v2\/pages\/5299\/revisions"}],"predecessor-version":[{"id":5526,"href":"https:\/\/carp-sounder.com\/de\/wp-json\/wp\/v2\/pages\/5299\/revisions\/5526"}],"up":[{"embeddable":true,"href":"https:\/\/carp-sounder.com\/de\/wp-json\/wp\/v2\/pages\/5285"}],"wp:attachment":[{"href":"https:\/\/carp-sounder.com\/de\/wp-json\/wp\/v2\/media?parent=5299"}],"curies":[{"name":"wp","href":"https:\/\/api.w.org\/{rel}","templated":true}]}}