{"id":5301,"date":"2025-01-08T09:57:28","date_gmt":"2025-01-08T08:57:28","guid":{"rendered":"https:\/\/carp-sounder.com\/?page_id=5301"},"modified":"2025-01-08T12:23:22","modified_gmt":"2025-01-08T11:23:22","slug":"neon-green-bissanzeiger","status":"publish","type":"page","link":"https:\/\/carp-sounder.com\/de\/produktarchiv\/neon-serie\/neon-green-bissanzeiger\/","title":{"rendered":"NEON Green Bissanzeiger"},"content":{"rendered":"\n<p><br><br>Der <strong>Carp-Sounder NEON Green<\/strong> Bissanzeiger wurde gemeinsam mit dem <strong>NEON Red<\/strong> entwickelt und stellt eine moderne, visuell auff\u00e4llige L\u00f6sung f\u00fcr Karpfenangler dar. Mit seiner leuchtend gr\u00fcnen Neonfarbe sorgt der NEON Green f\u00fcr eine hervorragende Sichtbarkeit auf dem Angelplatz, sowohl bei Tag als auch in der D\u00e4mmerung oder Nacht. Diese auff\u00e4llige Farbgebung wurde bewusst gew\u00e4hlt, um den Bissanzeiger besonders gut erkennbar zu machen, selbst aus gr\u00f6\u00dferer Entfernung oder bei ung\u00fcnstigen Lichtverh\u00e4ltnissen.<\/p>\n\n\n\n<p>Wie der <strong>CS NEON Red<\/strong>, bietet der <strong>CS NEON Green<\/strong> eine zuverl\u00e4ssige und pr\u00e4zise Bissanzeige mit klaren Ton- und Lichtsignalen, die auch bei schwierigen Witterungsbedingungen oder in der Nacht optimal funktionieren. Beide Modelle zeichnen sich durch eine robuste Bauweise aus, die den Bissanzeiger besonders widerstandsf\u00e4hig und langlebig macht. Zudem bieten sie die gewohnte hohe Qualit\u00e4t und Wetterbest\u00e4ndigkeit, die Carp-Sounder-Produkte auszeichnen.<\/p>\n\n\n\n<p>Der <strong>Carp-Sounder NEON Green<\/strong> wurde somit als eine gleichwertige Alternative zum <strong>NEON Red<\/strong> entwickelt, um den Anglern eine zweite auff\u00e4llige, aber funktionell identische Option zu bieten. Beide Modelle richten sich an Karpfenangler, die sowohl auf eine zuverl\u00e4ssige Bissanzeige als auch auf eine hohe Sichtbarkeit und ein markantes Design Wert legen.<\/p>\n\n\n\n<p><\/p>\n\n\n\n<div class=\"wp-block-columns is-layout-flex wp-container-core-columns-is-layout-9d6595d7 wp-block-columns-is-layout-flex\">\n<div class=\"wp-block-column is-layout-flow wp-block-column-is-layout-flow\" style=\"flex-basis:60%\">\n<figure class=\"wp-block-image size-large is-resized\"><img loading=\"lazy\" decoding=\"async\" width=\"1024\" height=\"1024\" src=\"https:\/\/carp-sounder.com\/wp-content\/uploads\/NE-NG-B-1024x1024.jpg\" alt=\"\" class=\"wp-image-5081\" style=\"width:514px;height:auto\" srcset=\"https:\/\/carp-sounder.com\/wp-content\/uploads\/NE-NG-B-1024x1024.jpg 1024w, https:\/\/carp-sounder.com\/wp-content\/uploads\/NE-NG-B-300x300.jpg 300w, https:\/\/carp-sounder.com\/wp-content\/uploads\/NE-NG-B-200x200.jpg 200w, https:\/\/carp-sounder.com\/wp-content\/uploads\/NE-NG-B-600x600.jpg 600w, https:\/\/carp-sounder.com\/wp-content\/uploads\/NE-NG-B-150x150.jpg 150w, https:\/\/carp-sounder.com\/wp-content\/uploads\/NE-NG-B-768x768.jpg 768w, https:\/\/carp-sounder.com\/wp-content\/uploads\/NE-NG-B-270x270.jpg 270w, https:\/\/carp-sounder.com\/wp-content\/uploads\/NE-NG-B-1320x1320.jpg 1320w, https:\/\/carp-sounder.com\/wp-content\/uploads\/NE-NG-B.jpg 1500w\" sizes=\"auto, (max-width: 1024px) 100vw, 1024px\" \/><\/figure>\n<\/div>\n\n\n\n<div class=\"wp-block-column is-layout-flow wp-block-column-is-layout-flow\" style=\"flex-basis:40%\">\n<p><strong><strong>Features:<\/strong><\/strong><\/p>\n\n\n\n<div class=\"wp-block-columns is-not-stacked-on-mobile is-layout-flex wp-container-core-columns-is-layout-9d6595d7 wp-block-columns-is-layout-flex\">\n<div class=\"wp-block-column is-layout-flow wp-block-column-is-layout-flow\" style=\"flex-basis:5px\"><\/div>\n\n\n\n<div class=\"wp-block-column is-layout-flow wp-block-column-is-layout-flow\" style=\"flex-basis:66.66%\">\n<ul class=\"wp-block-list\">\n<li>Automatische Ein und Ausschaltung<\/li>\n\n\n\n<li>100% wasserdicht<\/li>\n\n\n\n<li>Superhelle 5 mm Leuchtdiode<\/li>\n\n\n\n<li>Nachleuchtdauer der LED ca. 12 sec.<\/li>\n\n\n\n<li>Lautst\u00e4rkeregelung \u00fcber Tonlochscheibe<\/li>\n\n\n\n<li>Lautst\u00e4rkennverstellung \u00fcber Drehknopf<\/li>\n\n\n\n<li>Verstellbare Windohren<\/li>\n\n\n\n<li>Anschlussbuchse f\u00fcr Zelt- oder Funkbox<\/li>\n\n\n\n<li>Lautes Tonsignal<\/li>\n\n\n\n<li>Batteriesparmodus<\/li>\n\n\n\n<li>Robustes Geh\u00e4use<\/li>\n\n\n\n<li>Edelstahlverschraubung<\/li>\n\n\n\n<li>Laufradblockiersystem <\/li>\n\n\n\n<li>Abmasse Geh\u00e4use: 75 mm * 58 mm * 33 mm<\/li>\n\n\n\n<li>Batterie: 9 V Block<\/li>\n<\/ul>\n<\/div>\n<\/div>\n\n\n\n<p><strong>LED Farben:<\/strong><\/p>\n\n\n\n<div class=\"wp-block-group is-layout-grid wp-container-core-group-is-layout-cdac8cac wp-block-group-is-layout-grid\">\n<figure class=\"wp-block-image size-full\"><img loading=\"lazy\" decoding=\"async\" width=\"50\" height=\"50\" src=\"https:\/\/carp-sounder.com\/wp-content\/uploads\/rot.png\" alt=\"\" class=\"wp-image-5440\"\/><\/figure>\n\n\n\n<figure class=\"wp-block-image size-full\"><img loading=\"lazy\" decoding=\"async\" width=\"50\" height=\"50\" src=\"https:\/\/carp-sounder.com\/wp-content\/uploads\/gelb.png\" alt=\"\" class=\"wp-image-5458\"\/><\/figure>\n\n\n\n<figure class=\"wp-block-image size-full\"><img loading=\"lazy\" decoding=\"async\" width=\"50\" height=\"50\" src=\"https:\/\/carp-sounder.com\/wp-content\/uploads\/gruen.png\" alt=\"\" class=\"wp-image-5464\"\/><\/figure>\n\n\n\n<figure class=\"wp-block-image size-full wp-container-content-38d9c472\"><img loading=\"lazy\" decoding=\"async\" width=\"50\" height=\"50\" src=\"https:\/\/carp-sounder.com\/wp-content\/uploads\/blau.png\" alt=\"\" class=\"wp-image-5452\"\/><\/figure>\n\n\n\n<figure class=\"wp-block-image size-full\"><img loading=\"lazy\" decoding=\"async\" width=\"50\" height=\"50\" src=\"https:\/\/carp-sounder.com\/wp-content\/uploads\/weiss.png\" alt=\"\" class=\"wp-image-5446\"\/><\/figure>\n\n\n\n<figure class=\"wp-block-image size-full\"><img loading=\"lazy\" decoding=\"async\" width=\"50\" height=\"50\" src=\"https:\/\/carp-sounder.com\/wp-content\/uploads\/purple.png\" alt=\"\" class=\"wp-image-5434\"\/><\/figure>\n\n\n\n<figure class=\"wp-block-image size-full\"><img loading=\"lazy\" decoding=\"async\" width=\"50\" height=\"50\" src=\"https:\/\/carp-sounder.com\/wp-content\/uploads\/multicolor.png\" alt=\"\" class=\"wp-image-5428\"\/><\/figure>\n<\/div>\n<\/div>\n<\/div>\n","protected":false},"excerpt":{"rendered":"<p>Der Carp-Sounder NEON Green Bissanzeiger wurde gemeinsam mit dem NEON Red entwickelt und stellt eine moderne, visuell auff\u00e4llige L\u00f6sung f\u00fcr Karpfenangler dar. Mit seiner leuchtend gr\u00fcnen Neonfarbe sorgt der NEON Green f\u00fcr eine hervorragende Sichtbarkeit auf dem Angelplatz, sowohl bei Tag als auch in der D\u00e4mmerung oder Nacht. Diese auff\u00e4llige Farbgebung wurde bewusst gew\u00e4hlt, um [&#8230;]<\/p>\n","protected":false},"author":1,"featured_media":0,"parent":5285,"menu_order":0,"comment_status":"closed","ping_status":"closed","template":"","meta":{"footnotes":""},"class_list":["post-5301","page","type-page","status-publish","hentry"],"_links":{"self":[{"href":"https:\/\/carp-sounder.com\/de\/wp-json\/wp\/v2\/pages\/5301","targetHints":{"allow":["GET"]}}],"collection":[{"href":"https:\/\/carp-sounder.com\/de\/wp-json\/wp\/v2\/pages"}],"about":[{"href":"https:\/\/carp-sounder.com\/de\/wp-json\/wp\/v2\/types\/page"}],"author":[{"embeddable":true,"href":"https:\/\/carp-sounder.com\/de\/wp-json\/wp\/v2\/users\/1"}],"replies":[{"embeddable":true,"href":"https:\/\/carp-sounder.com\/de\/wp-json\/wp\/v2\/comments?post=5301"}],"version-history":[{"count":3,"href":"https:\/\/carp-sounder.com\/de\/wp-json\/wp\/v2\/pages\/5301\/revisions"}],"predecessor-version":[{"id":5529,"href":"https:\/\/carp-sounder.com\/de\/wp-json\/wp\/v2\/pages\/5301\/revisions\/5529"}],"up":[{"embeddable":true,"href":"https:\/\/carp-sounder.com\/de\/wp-json\/wp\/v2\/pages\/5285"}],"wp:attachment":[{"href":"https:\/\/carp-sounder.com\/de\/wp-json\/wp\/v2\/media?parent=5301"}],"curies":[{"name":"wp","href":"https:\/\/api.w.org\/{rel}","templated":true}]}}