{"id":5303,"date":"2025-01-08T09:58:04","date_gmt":"2025-01-08T08:58:04","guid":{"rendered":"https:\/\/carp-sounder.com\/?page_id=5303"},"modified":"2025-01-08T12:25:32","modified_gmt":"2025-01-08T11:25:32","slug":"neon-nx-blue-bissanzeiger","status":"publish","type":"page","link":"https:\/\/carp-sounder.com\/de\/produktarchiv\/neon-serie\/neon-nx-blue-bissanzeiger\/","title":{"rendered":"NEON NX Blue Bissanzeiger"},"content":{"rendered":"\n<p><br><br>Der <strong>Carp-Sounder NEON NX Blue<\/strong> Bissanzeiger stellt eine weitere innovative Entwicklung im Bereich der Karpfenangeltechnik dar. Er wurde mit einer besonderen Funktion ausgestattet, die ihn von vielen anderen Bissanzeigern abhebt: Statt einer Lautst\u00e4rkenverstellung bietet der NEON NX Blue eine <strong>Tonh\u00f6henverstellung<\/strong> \u00fcber den praktischen Drehregler. Diese Funktion erm\u00f6glichte es den Anglern, die Tonh\u00f6he des Bissanzeigers individuell anzupassen, um so die Bisssignale noch besser an ihre pers\u00f6nlichen Vorlieben und die jeweilige Angelumgebung anzupassen.<\/p>\n\n\n\n<p>Die <strong>Tonh\u00f6henverstellung<\/strong> erm\u00f6glichte eine pr\u00e4zisere Differenzierung der Signale, was besonders in Situationen n\u00fctzlich war, in denen mehrere Bissanzeiger gleichzeitig verwendet wurden. Angler konnten die Tonh\u00f6he so einstellen, dass jeder Bissanzeiger klar und unterscheidbar war, wodurch Missverst\u00e4ndnisse und \u00dcberschneidungen der Signale vermieden wurden.<\/p>\n\n\n\n<p>Zus\u00e4tzlich zu dieser innovativen Funktion zeichnete sich der <strong>NEON NX Blue<\/strong> durch seine auff\u00e4llige <strong>blaue Neonfarbe<\/strong> aus, die f\u00fcr eine exzellente Sichtbarkeit auf dem Angelplatz sorgte, sowohl bei Tageslicht als auch in der D\u00e4mmerung und Nacht. Der Bissanzeiger bot dar\u00fcber hinaus die bew\u00e4hrte <strong>Robustheit<\/strong> und <strong>Wetterbest\u00e4ndigkeit<\/strong>, die Carp-Sounder-Produkte charakterisieren.<\/p>\n\n\n\n<p>Der <strong>Carp-Sounder NEON NX Blue<\/strong> war somit eine perfekte Wahl f\u00fcr Angler, die einen anpassbaren, funktionalen und optisch markanten Bissanzeiger suchten, der eine feine Kontrolle \u00fcber die Tonh\u00f6he bot und auch bei schwierigen Bedingungen zuverl\u00e4ssig arbeitete.<\/p>\n\n\n\n<p><\/p>\n\n\n\n<div class=\"wp-block-columns is-layout-flex wp-container-core-columns-is-layout-9d6595d7 wp-block-columns-is-layout-flex\">\n<div class=\"wp-block-column is-layout-flow wp-block-column-is-layout-flow\" style=\"flex-basis:60%\">\n<figure class=\"wp-block-image size-large\"><img loading=\"lazy\" decoding=\"async\" width=\"1024\" height=\"1024\" src=\"https:\/\/carp-sounder.com\/wp-content\/uploads\/NX-NB-B-1024x1024.jpg\" alt=\"\" class=\"wp-image-5099\" srcset=\"https:\/\/carp-sounder.com\/wp-content\/uploads\/NX-NB-B-1024x1024.jpg 1024w, https:\/\/carp-sounder.com\/wp-content\/uploads\/NX-NB-B-300x300.jpg 300w, https:\/\/carp-sounder.com\/wp-content\/uploads\/NX-NB-B-200x200.jpg 200w, https:\/\/carp-sounder.com\/wp-content\/uploads\/NX-NB-B-600x600.jpg 600w, https:\/\/carp-sounder.com\/wp-content\/uploads\/NX-NB-B-150x150.jpg 150w, https:\/\/carp-sounder.com\/wp-content\/uploads\/NX-NB-B-768x768.jpg 768w, https:\/\/carp-sounder.com\/wp-content\/uploads\/NX-NB-B-270x270.jpg 270w, https:\/\/carp-sounder.com\/wp-content\/uploads\/NX-NB-B-1320x1320.jpg 1320w, https:\/\/carp-sounder.com\/wp-content\/uploads\/NX-NB-B.jpg 1500w\" sizes=\"auto, (max-width: 1024px) 100vw, 1024px\" \/><\/figure>\n<\/div>\n\n\n\n<div class=\"wp-block-column is-layout-flow wp-block-column-is-layout-flow\" style=\"flex-basis:40%\">\n<p><strong><strong>Features:<\/strong><\/strong><\/p>\n\n\n\n<div class=\"wp-block-columns is-not-stacked-on-mobile is-layout-flex wp-container-core-columns-is-layout-9d6595d7 wp-block-columns-is-layout-flex\">\n<div class=\"wp-block-column is-layout-flow wp-block-column-is-layout-flow\" style=\"flex-basis:5px\"><\/div>\n\n\n\n<div class=\"wp-block-column is-layout-flow wp-block-column-is-layout-flow\" style=\"flex-basis:66.66%\">\n<ul class=\"wp-block-list\">\n<li>Automatische Ein und Ausschaltung<\/li>\n\n\n\n<li>100% wasserdicht<\/li>\n\n\n\n<li>Superhelle 5 mm Leuchtdiode<\/li>\n\n\n\n<li>Nachleuchtdauer der LED ca. 12 sec.<\/li>\n\n\n\n<li>Lautst\u00e4rkeregelung \u00fcber Tonlochscheibe<\/li>\n\n\n\n<li>Tonh\u00f6hennverstellung \u00fcber Drehknopf<\/li>\n\n\n\n<li>Verstellbare Windohren<\/li>\n\n\n\n<li>Anschlussbuchse f\u00fcr Zelt- oder Funkbox<\/li>\n\n\n\n<li>Lautes Tonsignal<\/li>\n\n\n\n<li>Batteriesparmodus<\/li>\n\n\n\n<li>Robustes Geh\u00e4use<\/li>\n\n\n\n<li>Edelstahlverschraubung<\/li>\n\n\n\n<li>Laufradblockiersystem <\/li>\n\n\n\n<li>Abmasse Geh\u00e4use: 75 mm * 58 mm * 33 mm<\/li>\n\n\n\n<li>Batterie: 9 V Block<\/li>\n<\/ul>\n<\/div>\n<\/div>\n\n\n\n<p><strong>LED Farben:<\/strong><\/p>\n\n\n\n<div class=\"wp-block-group is-layout-grid wp-container-core-group-is-layout-cdac8cac wp-block-group-is-layout-grid\">\n<figure class=\"wp-block-image size-full\"><img loading=\"lazy\" decoding=\"async\" width=\"50\" height=\"50\" src=\"https:\/\/carp-sounder.com\/wp-content\/uploads\/rot.png\" alt=\"\" class=\"wp-image-5440\"\/><\/figure>\n\n\n\n<figure class=\"wp-block-image size-full\"><img loading=\"lazy\" decoding=\"async\" width=\"50\" height=\"50\" src=\"https:\/\/carp-sounder.com\/wp-content\/uploads\/gelb.png\" alt=\"\" class=\"wp-image-5458\"\/><\/figure>\n\n\n\n<figure class=\"wp-block-image size-full\"><img loading=\"lazy\" decoding=\"async\" width=\"50\" height=\"50\" src=\"https:\/\/carp-sounder.com\/wp-content\/uploads\/gruen.png\" alt=\"\" class=\"wp-image-5464\"\/><\/figure>\n\n\n\n<figure class=\"wp-block-image size-full wp-container-content-38d9c472\"><img loading=\"lazy\" decoding=\"async\" width=\"50\" height=\"50\" src=\"https:\/\/carp-sounder.com\/wp-content\/uploads\/blau.png\" alt=\"\" class=\"wp-image-5452\"\/><\/figure>\n\n\n\n<figure class=\"wp-block-image size-full\"><img loading=\"lazy\" decoding=\"async\" width=\"50\" height=\"50\" src=\"https:\/\/carp-sounder.com\/wp-content\/uploads\/weiss.png\" alt=\"\" class=\"wp-image-5446\"\/><\/figure>\n\n\n\n<figure class=\"wp-block-image size-full\"><img loading=\"lazy\" decoding=\"async\" width=\"50\" height=\"50\" src=\"https:\/\/carp-sounder.com\/wp-content\/uploads\/purple.png\" alt=\"\" class=\"wp-image-5434\"\/><\/figure>\n\n\n\n<figure class=\"wp-block-image size-full\"><img loading=\"lazy\" decoding=\"async\" width=\"50\" height=\"50\" src=\"https:\/\/carp-sounder.com\/wp-content\/uploads\/multicolor.png\" alt=\"\" class=\"wp-image-5428\"\/><\/figure>\n<\/div>\n<\/div>\n<\/div>\n","protected":false},"excerpt":{"rendered":"<p>Der Carp-Sounder NEON NX Blue Bissanzeiger stellt eine weitere innovative Entwicklung im Bereich der Karpfenangeltechnik dar. Er wurde mit einer besonderen Funktion ausgestattet, die ihn von vielen anderen Bissanzeigern abhebt: Statt einer Lautst\u00e4rkenverstellung bietet der NEON NX Blue eine Tonh\u00f6henverstellung \u00fcber den praktischen Drehregler. Diese Funktion erm\u00f6glichte es den Anglern, die Tonh\u00f6he des Bissanzeigers individuell [&#8230;]<\/p>\n","protected":false},"author":1,"featured_media":0,"parent":5285,"menu_order":0,"comment_status":"closed","ping_status":"closed","template":"","meta":{"footnotes":""},"class_list":["post-5303","page","type-page","status-publish","hentry"],"_links":{"self":[{"href":"https:\/\/carp-sounder.com\/de\/wp-json\/wp\/v2\/pages\/5303","targetHints":{"allow":["GET"]}}],"collection":[{"href":"https:\/\/carp-sounder.com\/de\/wp-json\/wp\/v2\/pages"}],"about":[{"href":"https:\/\/carp-sounder.com\/de\/wp-json\/wp\/v2\/types\/page"}],"author":[{"embeddable":true,"href":"https:\/\/carp-sounder.com\/de\/wp-json\/wp\/v2\/users\/1"}],"replies":[{"embeddable":true,"href":"https:\/\/carp-sounder.com\/de\/wp-json\/wp\/v2\/comments?post=5303"}],"version-history":[{"count":2,"href":"https:\/\/carp-sounder.com\/de\/wp-json\/wp\/v2\/pages\/5303\/revisions"}],"predecessor-version":[{"id":5531,"href":"https:\/\/carp-sounder.com\/de\/wp-json\/wp\/v2\/pages\/5303\/revisions\/5531"}],"up":[{"embeddable":true,"href":"https:\/\/carp-sounder.com\/de\/wp-json\/wp\/v2\/pages\/5285"}],"wp:attachment":[{"href":"https:\/\/carp-sounder.com\/de\/wp-json\/wp\/v2\/media?parent=5303"}],"curies":[{"name":"wp","href":"https:\/\/api.w.org\/{rel}","templated":true}]}}