{"id":5311,"date":"2025-01-08T10:00:34","date_gmt":"2025-01-08T09:00:34","guid":{"rendered":"https:\/\/carp-sounder.com\/?page_id=5311"},"modified":"2025-01-08T14:40:35","modified_gmt":"2025-01-08T13:40:35","slug":"catsounder-rf1","status":"publish","type":"page","link":"https:\/\/carp-sounder.com\/de\/produktarchiv\/csf1-it-system\/catsounder-rf1\/","title":{"rendered":"CatSounder RF1"},"content":{"rendered":"\n<p>Der <strong>CatSounder RF1<\/strong> war ein hochentwickelter Bissanzeiger, der speziell f\u00fcr Angler entwickelt wurde, die auf die Jagd nach gro\u00dfen Welsen gingen. Mit seiner innovativen Funktechnologie und benutzerfreundlichen Funktionen erm\u00f6glichte der RF1 eine pr\u00e4zise \u00dcberwachung der Bissen und eine effiziente Kommunikation zwischen dem Bissanzeiger und dem Empf\u00e4nger \u2013 auch \u00fcber gr\u00f6\u00dfere Entfernungen.<\/p>\n\n\n\n<p>Der CatSounder RF1 war daf\u00fcr bekannt, Bisse mit hoher Genauigkeit zu erfassen, sowohl bei kleinen als auch bei kr\u00e4ftigen Zupfern. Dies machte ihn zu einem unverzichtbaren Werkzeug f\u00fcr Welsangler, die keine Gelegenheit verpassen wollten.<\/p>\n\n\n\n<p>Der Bissanzeiger bot die M\u00f6glichkeit, die Empfindlichkeit individuell anzupassen, um sowohl zarte Bisse als auch kr\u00e4ftige Zupfer zuverl\u00e4ssig zu erkennen \u2013 perfekt f\u00fcr unterschiedliche Angelbedingungen.<\/p>\n\n\n\n<p>Der <strong>Catsounder RF1 Bissanzeiger<\/strong> war eine erstklassige Wahl f\u00fcr Welsangler, die auf der Suche nach einem zuverl\u00e4ssigen, leistungsstarken und robusten Ger\u00e4t waren. Mit seiner fortschrittlichen Technologie und den benutzerfreundlichen Funktionen half der RF1 dabei, das Angeln noch effizienter und erfolgreicher zu gestalten.<\/p>\n\n\n\n<p>Durch die Einstellung des F1 Systems wird der CatSounder RF1 nicht mehr hergestellt. Als zeitgem\u00e4\u00dfes Funksystem empfehlen wir dir unser <a href=\"\/de?page_id=5351\" data-type=\"page\" data-id=\"5351\">Carp-Sounder ONE System<\/a> oder unser <a href=\"\/de?page_id=5353\" data-type=\"page\" data-id=\"5353\">Carp-Sounder XRS ACC System<\/a>.<\/p>\n\n\n\n<div class=\"wp-block-columns is-layout-flex wp-container-core-columns-is-layout-9d6595d7 wp-block-columns-is-layout-flex\">\n<div class=\"wp-block-column is-layout-flow wp-block-column-is-layout-flow\" style=\"flex-basis:60%\">\n<figure class=\"wp-block-image size-large\"><img loading=\"lazy\" decoding=\"async\" width=\"1024\" height=\"1024\" src=\"https:\/\/carp-sounder.com\/wp-content\/uploads\/CATRF1-BK-1024x1024.jpg\" alt=\"\" class=\"wp-image-5003\" srcset=\"https:\/\/carp-sounder.com\/wp-content\/uploads\/CATRF1-BK-1024x1024.jpg 1024w, https:\/\/carp-sounder.com\/wp-content\/uploads\/CATRF1-BK-300x300.jpg 300w, https:\/\/carp-sounder.com\/wp-content\/uploads\/CATRF1-BK-200x200.jpg 200w, https:\/\/carp-sounder.com\/wp-content\/uploads\/CATRF1-BK-600x600.jpg 600w, https:\/\/carp-sounder.com\/wp-content\/uploads\/CATRF1-BK-150x150.jpg 150w, https:\/\/carp-sounder.com\/wp-content\/uploads\/CATRF1-BK-768x768.jpg 768w, https:\/\/carp-sounder.com\/wp-content\/uploads\/CATRF1-BK-270x270.jpg 270w, https:\/\/carp-sounder.com\/wp-content\/uploads\/CATRF1-BK-1320x1320.jpg 1320w, https:\/\/carp-sounder.com\/wp-content\/uploads\/CATRF1-BK.jpg 1500w\" sizes=\"auto, (max-width: 1024px) 100vw, 1024px\" \/><\/figure>\n<\/div>\n\n\n\n<div class=\"wp-block-column is-layout-flow wp-block-column-is-layout-flow\" style=\"flex-basis:40%\">\n<p><strong><strong>Features:<\/strong><\/strong><\/p>\n\n\n\n<div class=\"wp-block-columns is-not-stacked-on-mobile is-layout-flex wp-container-core-columns-is-layout-9d6595d7 wp-block-columns-is-layout-flex\">\n<div class=\"wp-block-column is-layout-flow wp-block-column-is-layout-flow\" style=\"flex-basis:5px\"><\/div>\n\n\n\n<div class=\"wp-block-column is-layout-flow wp-block-column-is-layout-flow\" style=\"flex-basis:66.66%\">\n<ul class=\"wp-block-list\">\n<li>Sensibilit\u00e4t Neigung 9 Stufen<\/li>\n\n\n\n<li>Neigungserkennung<\/li>\n\n\n\n<li>Intelligente Sensibilit\u00e4ts-Nachjustierung<\/li>\n\n\n\n<li>9 Stufen Sensibilit\u00e4t Vibration<\/li>\n\n\n\n<li>Rei\u00dfleinenabrissfunktion durch 10 sec. Signal<\/li>\n\n\n\n<li>Lautst\u00e4rkeeinstellung<\/li>\n\n\n\n<li>Stummschaltung<\/li>\n\n\n\n<li>Tonh\u00f6heneinstellung<\/li>\n\n\n\n<li>LED Farbwahl 4 Farben<\/li>\n\n\n\n<li>Geringer Stromverbrauch<\/li>\n\n\n\n<li>Batteriestandanzeige beim Einschalten und im Betrieb durch Warnton<\/li>\n\n\n\n<li>Integrierter Funksender mit ca. 100m Funkreichweite<\/li>\n\n\n\n<li>1:1 Biss\u00fcbertragung an den Empf\u00e4nger<\/li>\n\n\n\n<li>Einfache Funkcodierung per DIP Schalter<\/li>\n\n\n\n<li>LED Position auf Funkbox codierbar<\/li>\n<\/ul>\n<\/div>\n<\/div>\n\n\n\n<p><strong>LED Farben:<\/strong><\/p>\n\n\n\n<div class=\"wp-block-group is-layout-grid wp-container-core-group-is-layout-cdac8cac wp-block-group-is-layout-grid\">\n<figure class=\"wp-block-image size-full\"><img loading=\"lazy\" decoding=\"async\" width=\"50\" height=\"50\" src=\"https:\/\/carp-sounder.com\/wp-content\/uploads\/rot.png\" alt=\"\" class=\"wp-image-5440\"\/><\/figure>\n\n\n\n<figure class=\"wp-block-image size-full\"><img loading=\"lazy\" decoding=\"async\" width=\"50\" height=\"50\" src=\"https:\/\/carp-sounder.com\/wp-content\/uploads\/gelb.png\" alt=\"\" class=\"wp-image-5458\"\/><\/figure>\n\n\n\n<figure class=\"wp-block-image size-full\"><img loading=\"lazy\" decoding=\"async\" width=\"50\" height=\"50\" src=\"https:\/\/carp-sounder.com\/wp-content\/uploads\/gruen.png\" alt=\"\" class=\"wp-image-5464\"\/><\/figure>\n\n\n\n<figure class=\"wp-block-image size-full wp-container-content-38d9c472\"><img loading=\"lazy\" decoding=\"async\" width=\"50\" height=\"50\" src=\"https:\/\/carp-sounder.com\/wp-content\/uploads\/blau.png\" alt=\"\" class=\"wp-image-5452\"\/><\/figure>\n<\/div>\n<\/div>\n<\/div>\n","protected":false},"excerpt":{"rendered":"<p>Der CatSounder RF1 war ein hochentwickelter Bissanzeiger, der speziell f\u00fcr Angler entwickelt wurde, die auf die Jagd nach gro\u00dfen Welsen gingen. Mit seiner innovativen Funktechnologie und benutzerfreundlichen Funktionen erm\u00f6glichte der RF1 eine pr\u00e4zise \u00dcberwachung der Bissen und eine effiziente Kommunikation zwischen dem Bissanzeiger und dem Empf\u00e4nger \u2013 auch \u00fcber gr\u00f6\u00dfere Entfernungen. Der CatSounder RF1 war [&#8230;]<\/p>\n","protected":false},"author":1,"featured_media":0,"parent":5287,"menu_order":0,"comment_status":"closed","ping_status":"closed","template":"","meta":{"footnotes":""},"class_list":["post-5311","page","type-page","status-publish","hentry"],"_links":{"self":[{"href":"https:\/\/carp-sounder.com\/de\/wp-json\/wp\/v2\/pages\/5311","targetHints":{"allow":["GET"]}}],"collection":[{"href":"https:\/\/carp-sounder.com\/de\/wp-json\/wp\/v2\/pages"}],"about":[{"href":"https:\/\/carp-sounder.com\/de\/wp-json\/wp\/v2\/types\/page"}],"author":[{"embeddable":true,"href":"https:\/\/carp-sounder.com\/de\/wp-json\/wp\/v2\/users\/1"}],"replies":[{"embeddable":true,"href":"https:\/\/carp-sounder.com\/de\/wp-json\/wp\/v2\/comments?post=5311"}],"version-history":[{"count":3,"href":"https:\/\/carp-sounder.com\/de\/wp-json\/wp\/v2\/pages\/5311\/revisions"}],"predecessor-version":[{"id":5615,"href":"https:\/\/carp-sounder.com\/de\/wp-json\/wp\/v2\/pages\/5311\/revisions\/5615"}],"up":[{"embeddable":true,"href":"https:\/\/carp-sounder.com\/de\/wp-json\/wp\/v2\/pages\/5287"}],"wp:attachment":[{"href":"https:\/\/carp-sounder.com\/de\/wp-json\/wp\/v2\/media?parent=5311"}],"curies":[{"name":"wp","href":"https:\/\/api.w.org\/{rel}","templated":true}]}}