{"id":5313,"date":"2025-01-08T10:01:05","date_gmt":"2025-01-08T09:01:05","guid":{"rendered":"https:\/\/carp-sounder.com\/?page_id=5313"},"modified":"2025-01-08T14:33:58","modified_gmt":"2025-01-08T13:33:58","slug":"receiver-f1-it","status":"publish","type":"page","link":"https:\/\/carp-sounder.com\/de\/produktarchiv\/csf1-it-system\/receiver-f1-it\/","title":{"rendered":"Receiver F1\/IT"},"content":{"rendered":"\n<p>Der <strong>Carp-Sounder Receiver F1\/IT<\/strong> war ein fortschrittliches Empfangsger\u00e4t, das speziell f\u00fcr Karpfenangler entwickelt wurde, um bei der \u00dcberwachung von Bissen auf h\u00f6chstem Niveau zu unterst\u00fctzen. Mit seiner innovativen Technologie bot der F1\/IT Receiver eine zuverl\u00e4ssige und pr\u00e4zise Signal\u00fcbertragung, die den Angler in Echtzeit \u00fcber Bisse informierte \u2013 selbst aus gro\u00dfer Entfernung.<\/p>\n\n\n\n<p><strong>Lange Akkulaufzeit<\/strong>: Dank energieeffizienter Technik garantierte der Receiver F1\/IT eine lange Betriebsdauer, was f\u00fcr lange Angel-Sessions besonders wichtig war.<\/p>\n\n\n\n<p><strong>Kompatibilit\u00e4t<\/strong>: Der Receiver F1\/IT war mit allen CSF1 und Super IT sowie dem Catsounder RF1 kompatibel, was f\u00fcr eine nahtlose Integration sorgte.<\/p>\n\n\n\n<p>Als zeitgem\u00e4\u00dfes Funksystem empfehlen wir dir unser <a href=\"\/de?page_id=5351\" data-type=\"page\" data-id=\"5351\">Carp-Sounder ONE System<\/a>.<\/p>\n\n\n\n<div class=\"wp-block-columns is-layout-flex wp-container-core-columns-is-layout-9d6595d7 wp-block-columns-is-layout-flex\">\n<div class=\"wp-block-column is-layout-flow wp-block-column-is-layout-flow\" style=\"flex-basis:60%\">\n<figure class=\"wp-block-image size-large\"><img loading=\"lazy\" decoding=\"async\" width=\"1024\" height=\"1024\" src=\"https:\/\/carp-sounder.com\/wp-content\/uploads\/REC4L-BK-1024x1024.jpg\" alt=\"\" class=\"wp-image-5105\" srcset=\"https:\/\/carp-sounder.com\/wp-content\/uploads\/REC4L-BK-1024x1024.jpg 1024w, https:\/\/carp-sounder.com\/wp-content\/uploads\/REC4L-BK-300x300.jpg 300w, https:\/\/carp-sounder.com\/wp-content\/uploads\/REC4L-BK-200x200.jpg 200w, https:\/\/carp-sounder.com\/wp-content\/uploads\/REC4L-BK-600x600.jpg 600w, https:\/\/carp-sounder.com\/wp-content\/uploads\/REC4L-BK-150x150.jpg 150w, https:\/\/carp-sounder.com\/wp-content\/uploads\/REC4L-BK-768x768.jpg 768w, https:\/\/carp-sounder.com\/wp-content\/uploads\/REC4L-BK-270x270.jpg 270w, https:\/\/carp-sounder.com\/wp-content\/uploads\/REC4L-BK-1320x1320.jpg 1320w, https:\/\/carp-sounder.com\/wp-content\/uploads\/REC4L-BK.jpg 1500w\" sizes=\"auto, (max-width: 1024px) 100vw, 1024px\" \/><\/figure>\n<\/div>\n\n\n\n<div class=\"wp-block-column is-layout-flow wp-block-column-is-layout-flow\" style=\"flex-basis:40%\">\n<p><strong><strong>Features:<\/strong><\/strong><\/p>\n\n\n\n<div class=\"wp-block-columns is-not-stacked-on-mobile is-layout-flex wp-container-core-columns-is-layout-9d6595d7 wp-block-columns-is-layout-flex\">\n<div class=\"wp-block-column is-layout-flow wp-block-column-is-layout-flow\" style=\"flex-basis:5px\"><\/div>\n\n\n\n<div class=\"wp-block-column is-layout-flow wp-block-column-is-layout-flow\" style=\"flex-basis:66.66%\">\n<ul class=\"wp-block-list\">\n<li>Empfangsreichweite ca. 100 m<\/li>\n\n\n\n<li>Digitaltechnik<\/li>\n\n\n\n<li>4 LED`s in sehr heller Ausf\u00fchrung<\/li>\n\n\n\n<li>Lautst\u00e4rkeregelung durch Tonlochscheibe &amp; Tasten<\/li>\n\n\n\n<li>Wasserdichte Konstruktion<\/li>\n\n\n\n<li>Kompaktes Geh\u00e4use (100 x 60 x 28 mm)<\/li>\n\n\n\n<li>Batterie: 4 St\u00fcck LR03 1,5 V<\/li>\n<\/ul>\n<\/div>\n<\/div>\n\n\n\n<p><strong>LED Farben:<\/strong><\/p>\n\n\n\n<div class=\"wp-block-group is-layout-grid wp-container-core-group-is-layout-cdac8cac wp-block-group-is-layout-grid\">\n<figure class=\"wp-block-image size-full\"><img loading=\"lazy\" decoding=\"async\" width=\"50\" height=\"50\" src=\"https:\/\/carp-sounder.com\/wp-content\/uploads\/rot.png\" alt=\"\" class=\"wp-image-5440\"\/><\/figure>\n\n\n\n<figure class=\"wp-block-image size-full\"><img loading=\"lazy\" decoding=\"async\" width=\"50\" height=\"50\" src=\"https:\/\/carp-sounder.com\/wp-content\/uploads\/gelb.png\" alt=\"\" class=\"wp-image-5458\"\/><\/figure>\n\n\n\n<figure class=\"wp-block-image size-full\"><img loading=\"lazy\" decoding=\"async\" width=\"50\" height=\"50\" src=\"https:\/\/carp-sounder.com\/wp-content\/uploads\/gruen.png\" alt=\"\" class=\"wp-image-5464\"\/><\/figure>\n\n\n\n<figure class=\"wp-block-image size-full wp-container-content-38d9c472\"><img loading=\"lazy\" decoding=\"async\" width=\"50\" height=\"50\" src=\"https:\/\/carp-sounder.com\/wp-content\/uploads\/blau.png\" alt=\"\" class=\"wp-image-5452\"\/><\/figure>\n<\/div>\n<\/div>\n<\/div>\n","protected":false},"excerpt":{"rendered":"<p>Der Carp-Sounder Receiver F1\/IT war ein fortschrittliches Empfangsger\u00e4t, das speziell f\u00fcr Karpfenangler entwickelt wurde, um bei der \u00dcberwachung von Bissen auf h\u00f6chstem Niveau zu unterst\u00fctzen. Mit seiner innovativen Technologie bot der F1\/IT Receiver eine zuverl\u00e4ssige und pr\u00e4zise Signal\u00fcbertragung, die den Angler in Echtzeit \u00fcber Bisse informierte \u2013 selbst aus gro\u00dfer Entfernung. Lange Akkulaufzeit: Dank energieeffizienter [&#8230;]<\/p>\n","protected":false},"author":1,"featured_media":0,"parent":5287,"menu_order":0,"comment_status":"closed","ping_status":"closed","template":"","meta":{"footnotes":""},"class_list":["post-5313","page","type-page","status-publish","hentry"],"_links":{"self":[{"href":"https:\/\/carp-sounder.com\/de\/wp-json\/wp\/v2\/pages\/5313","targetHints":{"allow":["GET"]}}],"collection":[{"href":"https:\/\/carp-sounder.com\/de\/wp-json\/wp\/v2\/pages"}],"about":[{"href":"https:\/\/carp-sounder.com\/de\/wp-json\/wp\/v2\/types\/page"}],"author":[{"embeddable":true,"href":"https:\/\/carp-sounder.com\/de\/wp-json\/wp\/v2\/users\/1"}],"replies":[{"embeddable":true,"href":"https:\/\/carp-sounder.com\/de\/wp-json\/wp\/v2\/comments?post=5313"}],"version-history":[{"count":6,"href":"https:\/\/carp-sounder.com\/de\/wp-json\/wp\/v2\/pages\/5313\/revisions"}],"predecessor-version":[{"id":5612,"href":"https:\/\/carp-sounder.com\/de\/wp-json\/wp\/v2\/pages\/5313\/revisions\/5612"}],"up":[{"embeddable":true,"href":"https:\/\/carp-sounder.com\/de\/wp-json\/wp\/v2\/pages\/5287"}],"wp:attachment":[{"href":"https:\/\/carp-sounder.com\/de\/wp-json\/wp\/v2\/media?parent=5313"}],"curies":[{"name":"wp","href":"https:\/\/api.w.org\/{rel}","templated":true}]}}