{"id":96,"date":"2024-12-17T13:08:05","date_gmt":"2024-12-17T12:08:05","guid":{"rendered":"https:\/\/carp-sounder.com\/zahlungsweisen\/"},"modified":"2024-12-23T19:18:20","modified_gmt":"2024-12-23T18:18:20","slug":"zahlungsweisen","status":"publish","type":"page","link":"https:\/\/carp-sounder.com\/de\/zahlungsweisen\/","title":{"rendered":"Zahlungsweisen"},"content":{"rendered":"\n<p>Wir m\u00f6chten dir das Einkaufen bei Carp-Sounder so einfach und bequem wie m\u00f6glich machen. Deshalb bieten wir eine Vielzahl von sicheren und zuverl\u00e4ssigen Zahlungsmethoden an, damit du deine Bestellung schnell und einfach abschlie\u00dfen kannst.<\/p>\n\n\n\n<h2 class=\"wp-block-heading\">Vorkasse<\/h2>\n\n\n\n<div class=\"wp-block-columns are-vertically-aligned-center is-layout-flex wp-container-core-columns-is-layout-9d6595d7 wp-block-columns-is-layout-flex\">\n<div class=\"wp-block-column is-vertically-aligned-center is-layout-flow wp-block-column-is-layout-flow\" style=\"flex-basis:350px\">\n<figure class=\"wp-block-image size-full is-resized\"><img decoding=\"async\" src=\"https:\/\/carp-sounder.com\/wp-content\/uploads\/DE-Vorkasse-Icon-alt.svg\" alt=\"\" class=\"wp-image-1308\" style=\"width:350px\"\/><\/figure>\n<\/div>\n\n\n\n<div class=\"wp-block-column is-vertically-aligned-center is-layout-flow wp-block-column-is-layout-flow\">\n<p>Du kannst den Gesamtbetrag deiner Bestellung im Voraus auf unser Konto \u00fcberweisen. Sobald die Zahlung bei uns eingegangen ist, wird deine Bestellung umgehend bearbeitet und versendet. Die Bankverbindung wird dir nach Abschluss der Bestellung angezeigt.<\/p>\n<\/div>\n\n\n\n<div class=\"wp-block-column is-layout-flow wp-block-column-is-layout-flow\" style=\"flex-basis:250px\"><\/div>\n<\/div>\n\n\n\n<h2 class=\"wp-block-heading\"><strong>SEPA Lastschrift<\/strong><\/h2>\n\n\n\n<div class=\"wp-block-columns are-vertically-aligned-center is-layout-flex wp-container-core-columns-is-layout-9d6595d7 wp-block-columns-is-layout-flex\">\n<div class=\"wp-block-column is-vertically-aligned-center is-layout-flow wp-block-column-is-layout-flow\" style=\"flex-basis:350px\">\n<figure class=\"wp-block-image size-full is-resized\"><img decoding=\"async\" src=\"https:\/\/carp-sounder.com\/wp-content\/uploads\/EU-SEPA.svg\" alt=\"\" class=\"wp-image-1704\" style=\"width:350px\"\/><\/figure>\n<\/div>\n\n\n\n<div class=\"wp-block-column is-vertically-aligned-center is-layout-flow wp-block-column-is-layout-flow\">\n<p>Mit <strong>SEPA Lastschrift<\/strong> kannst du den Betrag direkt von deinem Bankkonto abbuchen lassen. Einfach deine Bankverbindung angeben, und der Betrag wird automatisch von deinem Konto abgebucht. Diese Methode ist besonders praktisch, wenn du regelm\u00e4\u00dfig bei uns einkaufst und die Zahlung schnell und unkompliziert erfolgen soll.<\/p>\n<\/div>\n\n\n\n<div class=\"wp-block-column is-layout-flow wp-block-column-is-layout-flow\" style=\"flex-basis:250px\"><\/div>\n<\/div>\n\n\n\n<h2 class=\"wp-block-heading\"><strong>PayPal<\/strong><\/h2>\n\n\n\n<div class=\"wp-block-columns are-vertically-aligned-center is-layout-flex wp-container-core-columns-is-layout-9d6595d7 wp-block-columns-is-layout-flex\">\n<div class=\"wp-block-column is-vertically-aligned-center is-layout-flow wp-block-column-is-layout-flow\" style=\"flex-basis:350px\">\n<figure class=\"wp-block-image size-full is-resized\"><img decoding=\"async\" src=\"https:\/\/carp-sounder.com\/wp-content\/uploads\/WW-PayPal-Express-text.svg\" alt=\"\" class=\"wp-image-1488\" style=\"width:350px\"\/><\/figure>\n<\/div>\n\n\n\n<div class=\"wp-block-column is-vertically-aligned-center is-layout-flow wp-block-column-is-layout-flow\">\n<p>Bezahle bequem und sicher mit deinem PayPal-Konto. PayPal bietet eine schnelle und einfache M\u00f6glichkeit, online zu bezahlen, ohne deine Kreditkartendaten jedes Mal angeben zu m\u00fcssen.<\/p>\n<\/div>\n\n\n\n<div class=\"wp-block-column is-layout-flow wp-block-column-is-layout-flow\" style=\"flex-basis:250px\"><\/div>\n<\/div>\n\n\n\n<h2 class=\"wp-block-heading\">Klarna<\/h2>\n\n\n\n<div class=\"wp-block-columns are-vertically-aligned-center is-layout-flex wp-container-core-columns-is-layout-9d6595d7 wp-block-columns-is-layout-flex\">\n<div class=\"wp-block-column is-vertically-aligned-center is-layout-flow wp-block-column-is-layout-flow\" style=\"flex-basis:350px\">\n<figure class=\"wp-block-image size-full is-resized\"><img decoding=\"async\" src=\"https:\/\/carp-sounder.com\/wp-content\/uploads\/EU-Klarna-alt.svg\" alt=\"\" class=\"wp-image-1452\" style=\"width:350px\"\/><\/figure>\n<\/div>\n\n\n\n<div class=\"wp-block-column is-vertically-aligned-center is-layout-flow wp-block-column-is-layout-flow\">\n<p>Mit <strong>Klarna<\/strong> kannst du deine Eink\u00e4ufe entweder <strong>sp\u00e4ter bezahlen<\/strong> oder <strong>in Raten zahlen<\/strong>. Diese flexible Zahlungsmethode gibt dir die Freiheit, deine Bestellung zuerst zu testen und erst sp\u00e4ter zu bezahlen \u2013 entweder in einer einzigen Zahlung oder in bequemen monatlichen Raten.<\/p>\n<\/div>\n\n\n\n<div class=\"wp-block-column is-layout-flow wp-block-column-is-layout-flow\" style=\"flex-basis:250px\"><\/div>\n<\/div>\n\n\n\n<h2 class=\"wp-block-heading\">Amazon pay<\/h2>\n\n\n\n<div class=\"wp-block-columns are-vertically-aligned-center is-layout-flex wp-container-core-columns-is-layout-9d6595d7 wp-block-columns-is-layout-flex\">\n<div class=\"wp-block-column is-vertically-aligned-center is-layout-flow wp-block-column-is-layout-flow\" style=\"flex-basis:350px\">\n<figure class=\"wp-block-image size-full is-resized\"><img decoding=\"async\" src=\"https:\/\/carp-sounder.com\/wp-content\/uploads\/WW-Amazon.svg\" alt=\"\" class=\"wp-image-1128\" style=\"width:350px\"\/><\/figure>\n<\/div>\n\n\n\n<div class=\"wp-block-column is-vertically-aligned-center is-layout-flow wp-block-column-is-layout-flow\">\n<p>A<strong>mazon Pay<\/strong> erm\u00f6glicht es dir, mit deinem Amazon-Konto zu bezahlen. Die Zahlungsabwicklung erfolgt sicher und schnell, ohne dass du deine Zahlungsdaten erneut eingeben musst. Nutze die Daten, die du bereits bei Amazon hinterlegt hast, um bequem und z\u00fcgig zu bezahlen.<\/p>\n<\/div>\n\n\n\n<div class=\"wp-block-column is-layout-flow wp-block-column-is-layout-flow\" style=\"flex-basis:250px\"><\/div>\n<\/div>\n\n\n\n<h2 class=\"wp-block-heading\"><strong>EasyCredit<\/strong><\/h2>\n\n\n\n<div class=\"wp-block-columns are-vertically-aligned-center is-layout-flex wp-container-core-columns-is-layout-9d6595d7 wp-block-columns-is-layout-flex\">\n<div class=\"wp-block-column is-vertically-aligned-center is-layout-flow wp-block-column-is-layout-flow\" style=\"flex-basis:350px\">\n<figure class=\"wp-block-image size-full is-resized\"><img decoding=\"async\" src=\"https:\/\/carp-sounder.com\/wp-content\/uploads\/DE-easy-credit-alt.svg\" alt=\"\" class=\"wp-image-858\" style=\"width:350px\"\/><\/figure>\n<\/div>\n\n\n\n<div class=\"wp-block-column is-vertically-aligned-center is-layout-flow wp-block-column-is-layout-flow\">\n<p><strong>EasyCredit<\/strong> erm\u00f6glicht dir die Finanzierung deiner Eink\u00e4ufe. Du kannst deine Bestellung in flexiblen Raten bezahlen und so deine finanzielle Flexibilit\u00e4t erh\u00f6hen. Einfach den Ratenzahlungsplan ausw\u00e4hlen und direkt die Finanzierung abschlie\u00dfen.<\/p>\n<\/div>\n\n\n\n<div class=\"wp-block-column is-layout-flow wp-block-column-is-layout-flow\" style=\"flex-basis:250px\"><\/div>\n<\/div>\n\n\n\n<h2 class=\"wp-block-heading\"><strong>Kreditkarte<\/strong><\/h2>\n\n\n\n<div class=\"wp-block-columns are-vertically-aligned-center is-layout-flex wp-container-core-columns-is-layout-9d6595d7 wp-block-columns-is-layout-flex\">\n<div class=\"wp-block-column is-vertically-aligned-center is-layout-flow wp-block-column-is-layout-flow\" style=\"flex-basis:350px\">\n<figure class=\"wp-block-image size-full is-resized\"><img decoding=\"async\" src=\"https:\/\/carp-sounder.com\/wp-content\/uploads\/WW-MastercardVISA-alt2.svg\" alt=\"\" class=\"wp-image-804\" style=\"width:350px\"\/><\/figure>\n<\/div>\n\n\n\n<div class=\"wp-block-column is-vertically-aligned-center is-layout-flow wp-block-column-is-layout-flow\">\n<p>Wir akzeptieren die g\u00e4ngigen Kreditkarten wie <strong>Visa<\/strong>, <strong>MasterCard<\/strong> und <strong>American Express<\/strong>. Deine Zahlungsdaten werden sicher \u00fcber eine verschl\u00fcsselte Verbindung verarbeitet, sodass deine Informationen jederzeit gesch\u00fctzt sind.<\/p>\n<\/div>\n\n\n\n<div class=\"wp-block-column is-layout-flow wp-block-column-is-layout-flow\" style=\"flex-basis:250px\"><\/div>\n<\/div>\n\n\n\n<h2 class=\"wp-block-heading\">Apple Pay<\/h2>\n\n\n\n<div class=\"wp-block-columns are-vertically-aligned-center is-layout-flex wp-container-core-columns-is-layout-9d6595d7 wp-block-columns-is-layout-flex\">\n<div class=\"wp-block-column is-vertically-aligned-center is-layout-flow wp-block-column-is-layout-flow\" style=\"flex-basis:350px\">\n<figure class=\"wp-block-image size-full is-resized\"><img decoding=\"async\" src=\"https:\/\/carp-sounder.com\/wp-content\/uploads\/WW-Apple-Pay-alt.svg\" alt=\"\" class=\"wp-image-660\" style=\"width:350px\"\/><\/figure>\n<\/div>\n\n\n\n<div class=\"wp-block-column is-vertically-aligned-center is-layout-flow wp-block-column-is-layout-flow\">\n<p>Bezahle schnell und sicher mit <strong>Apple Pay<\/strong> \u2013 direkt \u00fcber dein iPhone, iPad oder deine Apple Watch. Apple Pay bietet eine bequeme und gesicherte Zahlungsweise, ohne dass du deine Kreditkartendaten eingeben musst.<\/p>\n<\/div>\n\n\n\n<div class=\"wp-block-column is-layout-flow wp-block-column-is-layout-flow\" style=\"flex-basis:250px\"><\/div>\n<\/div>\n\n\n\n<h2 class=\"wp-block-heading\">Google Pay<\/h2>\n\n\n\n<div class=\"wp-block-columns are-vertically-aligned-center is-layout-flex wp-container-core-columns-is-layout-9d6595d7 wp-block-columns-is-layout-flex\">\n<div class=\"wp-block-column is-vertically-aligned-center is-layout-flow wp-block-column-is-layout-flow\" style=\"flex-basis:350px\">\n<figure class=\"wp-block-image size-full is-resized\"><img decoding=\"async\" src=\"https:\/\/carp-sounder.com\/wp-content\/uploads\/WW-Google-Pay-alt.svg\" alt=\"\" class=\"wp-image-678\" style=\"width:350px\"\/><\/figure>\n<\/div>\n\n\n\n<div class=\"wp-block-column is-vertically-aligned-center is-layout-flow wp-block-column-is-layout-flow\">\n<p><strong>Google Pay<\/strong> erm\u00f6glicht dir eine schnelle und sichere Zahlung \u00fcber dein Android-Ger\u00e4t. Mit Google Pay kannst du mit nur wenigen Klicks bezahlen, ohne deine Zahlungsdaten jedes Mal eingeben zu m\u00fcssen.<\/p>\n<\/div>\n\n\n\n<div class=\"wp-block-column is-layout-flow wp-block-column-is-layout-flow\" style=\"flex-basis:250px\"><\/div>\n<\/div>\n\n\n\n<h2 class=\"wp-block-heading\">EPS<\/h2>\n\n\n\n<div class=\"wp-block-columns are-vertically-aligned-center is-layout-flex wp-container-core-columns-is-layout-9d6595d7 wp-block-columns-is-layout-flex\">\n<div class=\"wp-block-column is-vertically-aligned-center is-layout-flow wp-block-column-is-layout-flow\" style=\"flex-basis:350px\">\n<figure class=\"wp-block-image size-full is-resized\"><img decoding=\"async\" src=\"https:\/\/carp-sounder.com\/wp-content\/uploads\/AT-eps.svg\" alt=\"\" class=\"wp-image-1686\" style=\"width:350px\"\/><\/figure>\n<\/div>\n\n\n\n<div class=\"wp-block-column is-vertically-aligned-center is-layout-flow wp-block-column-is-layout-flow\">\n<p><strong>EPS<\/strong> ist eine weit verbreitete Zahlungsmethode in \u00d6sterreich. \u00dcber dein Bankkonto kannst du schnell und sicher bezahlen, wobei die Zahlung direkt online in Echtzeit erfolgt.<\/p>\n<\/div>\n\n\n\n<div class=\"wp-block-column is-layout-flow wp-block-column-is-layout-flow\" style=\"flex-basis:250px\"><\/div>\n<\/div>\n\n\n\n<h2 class=\"wp-block-heading\"><strong>Bancontact<\/strong><\/h2>\n\n\n\n<div class=\"wp-block-columns are-vertically-aligned-center is-layout-flex wp-container-core-columns-is-layout-9d6595d7 wp-block-columns-is-layout-flex\">\n<div class=\"wp-block-column is-vertically-aligned-center is-layout-flow wp-block-column-is-layout-flow\" style=\"flex-basis:350px\">\n<figure class=\"wp-block-image size-full is-resized\"><img decoding=\"async\" src=\"https:\/\/carp-sounder.com\/wp-content\/uploads\/BE-Bancontact.svg\" alt=\"\" class=\"wp-image-1506\" style=\"width:350px\"\/><\/figure>\n<\/div>\n\n\n\n<div class=\"wp-block-column is-vertically-aligned-center is-layout-flow wp-block-column-is-layout-flow\">\n<p>Mit <strong>Bancontact<\/strong> kannst du bequem aus Belgien bezahlen. Die Zahlung erfolgt sicher direkt \u00fcber dein Bankkonto und wird sofort bearbeitet, um deine Bestellung schnell zu versenden.<\/p>\n<\/div>\n\n\n\n<div class=\"wp-block-column is-layout-flow wp-block-column-is-layout-flow\" style=\"flex-basis:250px\"><\/div>\n<\/div>\n\n\n\n<h2 class=\"wp-block-heading\"><strong>iDEAL<\/strong><\/h2>\n\n\n\n<div class=\"wp-block-columns are-vertically-aligned-center is-layout-flex wp-container-core-columns-is-layout-9d6595d7 wp-block-columns-is-layout-flex\">\n<div class=\"wp-block-column is-vertically-aligned-center is-layout-flow wp-block-column-is-layout-flow\" style=\"flex-basis:350px\">\n<figure class=\"wp-block-image size-full is-resized\"><img decoding=\"async\" src=\"https:\/\/carp-sounder.com\/wp-content\/uploads\/NL-iDeal.svg\" alt=\"\" class=\"wp-image-1008\" style=\"width:350px\"\/><\/figure>\n<\/div>\n\n\n\n<div class=\"wp-block-column is-vertically-aligned-center is-layout-flow wp-block-column-is-layout-flow\">\n<p><strong>iDEAL<\/strong> ist eine beliebte Zahlungsmethode in den Niederlanden. Du kannst sicher und direkt mit deinem Bankkonto bezahlen, ohne deine Kreditkartendaten einzugeben.<\/p>\n<\/div>\n\n\n\n<div class=\"wp-block-column is-layout-flow wp-block-column-is-layout-flow\" style=\"flex-basis:250px\"><\/div>\n<\/div>\n\n\n\n<h2 class=\"wp-block-heading\"><strong>Przelewy24<\/strong><\/h2>\n\n\n\n<div class=\"wp-block-columns are-vertically-aligned-center is-layout-flex wp-container-core-columns-is-layout-9d6595d7 wp-block-columns-is-layout-flex\">\n<div class=\"wp-block-column is-vertically-aligned-center is-layout-flow wp-block-column-is-layout-flow\" style=\"flex-basis:350px\">\n<figure class=\"wp-block-image size-full is-resized\"><img decoding=\"async\" src=\"https:\/\/carp-sounder.com\/wp-content\/uploads\/PL-Przelewy24.svg\" alt=\"\" class=\"wp-image-1122\" style=\"width:350px\"\/><\/figure>\n<\/div>\n\n\n\n<div class=\"wp-block-column is-vertically-aligned-center is-layout-flow wp-block-column-is-layout-flow\">\n<p><strong>Przelewy24<\/strong> ist eine sichere und schnelle Zahlungsmethode aus Polen, die es dir erm\u00f6glicht, direkt \u00fcber dein Bankkonto zu bezahlen. Deine Bestellung wird sofort bearbeitet, sobald die Zahlung abgeschlossen ist..<\/p>\n<\/div>\n\n\n\n<div class=\"wp-block-column is-layout-flow wp-block-column-is-layout-flow\" style=\"flex-basis:250px\"><\/div>\n<\/div>\n\n\n\n<h3 class=\"wp-block-heading\"><strong>Sicherheit deiner Zahlungen<\/strong><\/h3>\n\n\n\n<p>Alle Zahlungen auf carp-sounder.com werden durch modernste Verschl\u00fcsselungstechnologien und Sicherheitsstandards abgesichert. Deine pers\u00f6nlichen Daten sind jederzeit gesch\u00fctzt und werden ausschlie\u00dflich f\u00fcr den Zweck der Bestellabwicklung genutzt.<\/p>\n\n\n\n<h3 class=\"wp-block-heading\"><strong>Weitere Fragen?<\/strong><\/h3>\n\n\n\n<p>Falls du Fragen zu den Zahlungsmethoden hast oder Hilfe bei der Auswahl der richtigen Zahlungsmethode ben\u00f6tigst, z\u00f6gere nicht, unseren <strong><a href=\"https:\/\/carp-sounder.com\/de\/kontaktformular\/\" data-type=\"page\" data-id=\"530\">Kundenservice<\/a><\/strong> zu kontaktieren. Wir sind gerne f\u00fcr dich da!<\/p>\n\n\n\n<p><\/p>\n\n\n\n<p><\/p>\n","protected":false},"excerpt":{"rendered":"<p>Wir m\u00f6chten dir das Einkaufen bei Carp-Sounder so einfach und bequem wie m\u00f6glich machen. Deshalb bieten wir eine Vielzahl von sicheren und zuverl\u00e4ssigen Zahlungsmethoden an, damit du deine Bestellung schnell und einfach abschlie\u00dfen kannst. Vorkasse Du kannst den Gesamtbetrag deiner Bestellung im Voraus auf unser Konto \u00fcberweisen. Sobald die Zahlung bei uns eingegangen ist, wird [&#8230;]<\/p>\n","protected":false},"author":1,"featured_media":0,"parent":0,"menu_order":0,"comment_status":"closed","ping_status":"closed","template":"","meta":{"footnotes":""},"class_list":["post-96","page","type-page","status-publish","hentry"],"_links":{"self":[{"href":"https:\/\/carp-sounder.com\/de\/wp-json\/wp\/v2\/pages\/96","targetHints":{"allow":["GET"]}}],"collection":[{"href":"https:\/\/carp-sounder.com\/de\/wp-json\/wp\/v2\/pages"}],"about":[{"href":"https:\/\/carp-sounder.com\/de\/wp-json\/wp\/v2\/types\/page"}],"author":[{"embeddable":true,"href":"https:\/\/carp-sounder.com\/de\/wp-json\/wp\/v2\/users\/1"}],"replies":[{"embeddable":true,"href":"https:\/\/carp-sounder.com\/de\/wp-json\/wp\/v2\/comments?post=96"}],"version-history":[{"count":25,"href":"https:\/\/carp-sounder.com\/de\/wp-json\/wp\/v2\/pages\/96\/revisions"}],"predecessor-version":[{"id":2081,"href":"https:\/\/carp-sounder.com\/de\/wp-json\/wp\/v2\/pages\/96\/revisions\/2081"}],"wp:attachment":[{"href":"https:\/\/carp-sounder.com\/de\/wp-json\/wp\/v2\/media?parent=96"}],"curies":[{"name":"wp","href":"https:\/\/api.w.org\/{rel}","templated":true}]}}