{"id":6446,"date":"2025-01-14T15:46:26","date_gmt":"2025-01-14T14:46:26","guid":{"rendered":"https:\/\/carp-sounder.com\/?post_type=product&#038;p=6446"},"modified":"2025-01-15T13:57:22","modified_gmt":"2025-01-15T12:57:22","slug":"basic-titan-bissanzeiger","status":"publish","type":"product","link":"https:\/\/carp-sounder.com\/en\/store\/basic-titan-bissanzeiger\/","title":{"rendered":"BASIC Titan Bissanzeiger"},"content":{"rendered":"\n<p>Der Carp-Sounder BASIC Titan ist ein hochwertiger Bissanzeiger. Mit seinen praktischen Eigenschaften bietet er eine zuverl\u00e4ssige Unterst\u00fctzung beim Fischen.<\/p>\n\n\n\n<p>Dank der <strong>automatischen Ein- und Ausschaltung<\/strong> ist der BASIC Titan besonders benutzerfreundlich und sparsam im Batterieverbrauch. Nach dem Gebrauch schaltet er sich automatisch aus und verhindert so unn\u00f6tigen Energieverbrauch. Zudem ist der Bissanzeiger <strong>100% wasserdicht<\/strong>, was ihn ideal f\u00fcr den Einsatz unter allen Wetterbedingungen macht.<\/p>\n\n\n\n<p>Die <strong>superhelle Leuchtdiode<\/strong> sorgt f\u00fcr eine hervorragende Sichtbarkeit, selbst bei schlechten Lichtverh\u00e4ltnissen, und leuchtet f\u00fcr etwa <strong>12 Sekunden<\/strong> nach, was dem Angler ausreichend Zeit gibt, auf den Biss zu reagieren. Das <strong>laute Tonsignal<\/strong> des Ger\u00e4ts stellt sicher, dass kein Biss unbemerkt bleibt \u2013 auch bei st\u00e4rkerem Umgebungsger\u00e4usch.<\/p>\n\n\n\n<p>Im <strong>Batteriesparmodus<\/strong> maximiert der BASIC Titan die Lebensdauer der <strong>9 V Block-Batterie<\/strong> und gew\u00e4hrleistet eine lange Einsatzzeit. Das <strong>robuste Geh\u00e4use aus glasfaserverst\u00e4rktem Polyamid<\/strong> und die <strong>Edelstahlverschraubung<\/strong> bieten eine hohe Widerstandsf\u00e4higkeit und machen den Bissanzeiger \u00e4u\u00dferst langlebig.<\/p>\n\n\n\n<p>F\u00fcr die individuelle Anpassung der Lautst\u00e4rke lassen sich zwei <strong>Lautst\u00e4rken<\/strong> durch den beiliegenden <strong>Tonstopfen<\/strong> einstellen, sodass der Angler die optimale Lautst\u00e4rke f\u00fcr seine Bed\u00fcrfnisse w\u00e4hlen kann.<\/p>\n\n\n\n<p>Mit dem <strong>Carp-Sounder BASIC Titan<\/strong> erh\u00e4lt jeder Angler ein zuverl\u00e4ssiges, robustes und durchdachtes Ger\u00e4t, das beim Angeln keine W\u00fcnsche offenl\u00e4sst.<\/p>\n","protected":false},"excerpt":{"rendered":"<p>Der Carp-Sounder BASIC Titan ist ein hochwertiger Bissanzeiger. Mit seinen praktischen Eigenschaften bietet er eine zuverl\u00e4ssige Unterst\u00fctzung beim Fischen. Dank der automatischen Ein- und Ausschaltung ist der BASIC Titan besonders benutzerfreundlich und sparsam im Batterieverbrauch. Nach dem Gebrauch schaltet er sich automatisch aus und verhindert so unn\u00f6tigen Energieverbrauch. Zudem ist der Bissanzeiger 100% wasserdicht, was [&#8230;]<\/p>\n","protected":false},"featured_media":4991,"comment_status":"open","ping_status":"closed","template":"","meta":[],"product_brand":[],"product_cat":[15],"product_tag":[],"class_list":{"0":"post-6446","1":"product","2":"type-product","3":"status-publish","4":"has-post-thumbnail","6":"product_cat-cs-classic-serie","8":"first","9":"instock","10":"taxable","11":"shipping-taxable","12":"purchasable","13":"product-type-simple"},"_links":{"self":[{"href":"https:\/\/carp-sounder.com\/en\/wp-json\/wp\/v2\/product\/6446","targetHints":{"allow":["GET"]}}],"collection":[{"href":"https:\/\/carp-sounder.com\/en\/wp-json\/wp\/v2\/product"}],"about":[{"href":"https:\/\/carp-sounder.com\/en\/wp-json\/wp\/v2\/types\/product"}],"replies":[{"embeddable":true,"href":"https:\/\/carp-sounder.com\/en\/wp-json\/wp\/v2\/comments?post=6446"}],"wp:featuredmedia":[{"embeddable":true,"href":"https:\/\/carp-sounder.com\/en\/wp-json\/wp\/v2\/media\/4991"}],"wp:attachment":[{"href":"https:\/\/carp-sounder.com\/en\/wp-json\/wp\/v2\/media?parent=6446"}],"wp:term":[{"taxonomy":"product_brand","embeddable":true,"href":"https:\/\/carp-sounder.com\/en\/wp-json\/wp\/v2\/product_brand?post=6446"},{"taxonomy":"product_cat","embeddable":true,"href":"https:\/\/carp-sounder.com\/en\/wp-json\/wp\/v2\/product_cat?post=6446"},{"taxonomy":"product_tag","embeddable":true,"href":"https:\/\/carp-sounder.com\/en\/wp-json\/wp\/v2\/product_tag?post=6446"}],"curies":[{"name":"wp","href":"https:\/\/api.w.org\/{rel}","templated":true}]}}