{"id":6086,"date":"2025-01-10T16:44:54","date_gmt":"2025-01-10T15:44:54","guid":{"rendered":"https:\/\/carp-sounder.com\/?post_type=product&#038;p=6086"},"modified":"2025-01-14T17:35:44","modified_gmt":"2025-01-14T16:35:44","slug":"koffer-agepro","status":"publish","type":"product","link":"https:\/\/carp-sounder.com\/fr\/store\/koffer-agepro\/","title":{"rendered":"Koffer AGEpro"},"content":{"rendered":"\n<p>Stabiler Transportkoffer mit Schaumstoffeinlagen f\u00fcr bis zu 4 AGEpro Bissanzeiger und einen CS PRO Receiver.<br>Innenma\u00dfe 270 x 185 x 93 mm.<\/p>\n","protected":false},"excerpt":{"rendered":"<p>Carp-Sounder AGEpro \u2013 Perfekte Leistung, au\u00dfergew\u00f6hnliche Reichweite und maximale Kontrolle f\u00fcr jedes Angelabenteuer.<\/p>\n","protected":false},"featured_media":6079,"comment_status":"open","ping_status":"closed","template":"","meta":[],"product_brand":[],"product_cat":[64,100],"product_tag":[],"class_list":{"0":"post-6086","1":"product","2":"type-product","3":"status-publish","4":"has-post-thumbnail","6":"product_cat-cs-pro-system","7":"product_cat-zubehoer","9":"first","10":"instock","11":"taxable","12":"shipping-taxable","13":"purchasable","14":"product-type-simple"},"_links":{"self":[{"href":"https:\/\/carp-sounder.com\/fr\/wp-json\/wp\/v2\/product\/6086","targetHints":{"allow":["GET"]}}],"collection":[{"href":"https:\/\/carp-sounder.com\/fr\/wp-json\/wp\/v2\/product"}],"about":[{"href":"https:\/\/carp-sounder.com\/fr\/wp-json\/wp\/v2\/types\/product"}],"replies":[{"embeddable":true,"href":"https:\/\/carp-sounder.com\/fr\/wp-json\/wp\/v2\/comments?post=6086"}],"wp:featuredmedia":[{"embeddable":true,"href":"https:\/\/carp-sounder.com\/fr\/wp-json\/wp\/v2\/media\/6079"}],"wp:attachment":[{"href":"https:\/\/carp-sounder.com\/fr\/wp-json\/wp\/v2\/media?parent=6086"}],"wp:term":[{"taxonomy":"product_brand","embeddable":true,"href":"https:\/\/carp-sounder.com\/fr\/wp-json\/wp\/v2\/product_brand?post=6086"},{"taxonomy":"product_cat","embeddable":true,"href":"https:\/\/carp-sounder.com\/fr\/wp-json\/wp\/v2\/product_cat?post=6086"},{"taxonomy":"product_tag","embeddable":true,"href":"https:\/\/carp-sounder.com\/fr\/wp-json\/wp\/v2\/product_tag?post=6086"}],"curies":[{"name":"wp","href":"https:\/\/api.w.org\/{rel}","templated":true}]}}