{"id":6447,"date":"2025-01-14T15:47:25","date_gmt":"2025-01-14T14:47:25","guid":{"rendered":"https:\/\/carp-sounder.com\/?post_type=product&#038;p=6447"},"modified":"2025-01-15T13:59:50","modified_gmt":"2025-01-15T12:59:50","slug":"basic-camou-bissanzeiger","status":"publish","type":"product","link":"https:\/\/carp-sounder.com\/fr\/store\/basic-camou-bissanzeiger\/","title":{"rendered":"BASIC Camou Bissanzeiger"},"content":{"rendered":"\n<p>Der <strong>Carp-Sounder BASIC Camou<\/strong> ist die perfekte Wahl f\u00fcr Angler, die nicht nur auf technische Qualit\u00e4t, sondern auch auf ein ansprechendes Design Wert legen.<\/p>\n\n\n\n<p>Wie auch der BASIC Titan \u00fcberzeugt der <strong>BASIC Camou<\/strong> mit einer Vielzahl praktischer Funktionen:<\/p>\n\n\n\n<p>Er verf\u00fcgt \u00fcber eine <strong>automatische Ein- und Ausschaltung<\/strong>, die daf\u00fcr sorgt, dass das Ger\u00e4t nur bei Bedarf aktiv ist und die Batterie dadurch geschont wird. Der Bissanzeiger ist <strong>100% wasserdicht<\/strong> und somit auch bei schlechtem Wetter oder im Regen zuverl\u00e4ssig einsetzbar.<\/p>\n\n\n\n<p>Die <strong>superhelle Leuchtdiode<\/strong> sorgt f\u00fcr eine klare Sichtbarkeit der Bissanzeige, selbst bei Dunkelheit, und leuchtet f\u00fcr ca. <strong>12 Sekunden<\/strong> nach, sodass der Angler ausreichend Zeit hat, auf den Biss zu reagieren. Das <strong>laute Tonsignal<\/strong> stellt sicher, dass kein Biss unbemerkt bleibt, selbst bei starkem Wind oder Umgebungsger\u00e4uschen.<\/p>\n\n\n\n<p>Der <strong>Batteriesparmodus<\/strong> maximiert die Lebensdauer der <strong>9 V Block-Batterie<\/strong>, w\u00e4hrend das <strong>robuste Geh\u00e4use aus glasfaserverst\u00e4rktem Polyamid<\/strong> und die <strong>Edelstahlverschraubung<\/strong> eine lange Haltbarkeit und Widerstandsf\u00e4higkeit garantieren.<\/p>\n\n\n\n<p>Mit der <strong>Camouflage-Optik<\/strong> ist der <strong>Carp-Sounder BASIC Camou<\/strong> nicht nur funktional, sondern auch ein echter Blickfang. Die <strong>Windohren zur optimierten Rutenauflage<\/strong> bieten zus\u00e4tzlichen Komfort, indem sie eine bessere Positionierung der Rute erm\u00f6glichen.<\/p>\n\n\n\n<p>Dank des mitgelieferten <strong>Tonstopfens<\/strong> lassen sich zwei <strong>Lautst\u00e4rken<\/strong> individuell einstellen, sodass der Angler das Signal nach seinen W\u00fcnschen anpassen kann. <\/p>\n\n\n\n<p>Mit dem <strong>Carp-Sounder BASIC Camou<\/strong> erh\u00e4lt der Angler ein robustes, funktionales und stylish designtes Ger\u00e4t, das bei jeder Angel-Situation zuverl\u00e4ssig seinen Dienst tut.<\/p>\n","protected":false},"excerpt":{"rendered":"<p>Der Carp-Sounder BASIC Camou ist die perfekte Wahl f\u00fcr Angler, die nicht nur auf technische Qualit\u00e4t, sondern auch auf ein ansprechendes Design Wert legen. Wie auch der BASIC Titan \u00fcberzeugt der BASIC Camou mit einer Vielzahl praktischer Funktionen: Er verf\u00fcgt \u00fcber eine automatische Ein- und Ausschaltung, die daf\u00fcr sorgt, dass das Ger\u00e4t nur bei Bedarf [&#8230;]<\/p>\n","protected":false},"featured_media":4985,"comment_status":"open","ping_status":"closed","template":"","meta":[],"product_brand":[],"product_cat":[15],"product_tag":[],"class_list":{"0":"post-6447","1":"product","2":"type-product","3":"status-publish","4":"has-post-thumbnail","6":"product_cat-cs-classic-serie","8":"first","9":"instock","10":"taxable","11":"shipping-taxable","12":"purchasable","13":"product-type-simple"},"_links":{"self":[{"href":"https:\/\/carp-sounder.com\/fr\/wp-json\/wp\/v2\/product\/6447","targetHints":{"allow":["GET"]}}],"collection":[{"href":"https:\/\/carp-sounder.com\/fr\/wp-json\/wp\/v2\/product"}],"about":[{"href":"https:\/\/carp-sounder.com\/fr\/wp-json\/wp\/v2\/types\/product"}],"replies":[{"embeddable":true,"href":"https:\/\/carp-sounder.com\/fr\/wp-json\/wp\/v2\/comments?post=6447"}],"wp:featuredmedia":[{"embeddable":true,"href":"https:\/\/carp-sounder.com\/fr\/wp-json\/wp\/v2\/media\/4985"}],"wp:attachment":[{"href":"https:\/\/carp-sounder.com\/fr\/wp-json\/wp\/v2\/media?parent=6447"}],"wp:term":[{"taxonomy":"product_brand","embeddable":true,"href":"https:\/\/carp-sounder.com\/fr\/wp-json\/wp\/v2\/product_brand?post=6447"},{"taxonomy":"product_cat","embeddable":true,"href":"https:\/\/carp-sounder.com\/fr\/wp-json\/wp\/v2\/product_cat?post=6447"},{"taxonomy":"product_tag","embeddable":true,"href":"https:\/\/carp-sounder.com\/fr\/wp-json\/wp\/v2\/product_tag?post=6447"}],"curies":[{"name":"wp","href":"https:\/\/api.w.org\/{rel}","templated":true}]}}