{"id":6448,"date":"2025-01-14T15:48:19","date_gmt":"2025-01-14T14:48:19","guid":{"rendered":"https:\/\/carp-sounder.com\/?post_type=product&#038;p=6448"},"modified":"2025-01-15T14:01:51","modified_gmt":"2025-01-15T13:01:51","slug":"classic-bissanzeiger","status":"publish","type":"product","link":"https:\/\/carp-sounder.com\/fr\/store\/classic-bissanzeiger\/","title":{"rendered":"Classic Bissanzeiger"},"content":{"rendered":"\n<p>Der <strong>Carp-Sounder Classic<\/strong> ist die perfekte Wahl f\u00fcr Angler, die auf klassische, benutzerfreundliche Technik setzen und gleichzeitig auf eine hohe Funktionalit\u00e4t und Flexibilit\u00e4t Wert legen. Dieser Bissanzeiger bietet eine Vielzahl praktischer Features und \u00fcberzeugt durch seine einfache Handhabung.<\/p>\n\n\n\n<p>Ein besonderes Highlight des <strong>Carp-Sounder Classic<\/strong> ist die <strong>Lautst\u00e4rkenverstellung<\/strong> \u00fcber einen <strong>Drehregler<\/strong>, der es dem Angler erm\u00f6glicht, die Lautst\u00e4rke des Tonsignals individuell anzupassen. So kann jeder Angler die Lautst\u00e4rke nach seinen pers\u00f6nlichen Vorlieben und der jeweiligen Umgebung (z. B. bei Wind oder L\u00e4rm) einstellen, um den Biss optimal wahrzunehmen.<\/p>\n\n\n\n<p>Wie alle Modelle der Carp-Sounder Classic Serie bietet auch der Classic eine <strong>automatische Ein- und Ausschaltung<\/strong>, die den Stromverbrauch minimiert und daf\u00fcr sorgt, dass der Bissanzeiger nur bei Bedarf aktiv wird. Mit einer <strong>100% wasserdichten<\/strong> Bauweise eignet sich der <strong>Classic<\/strong> perfekt f\u00fcr den Einsatz unter allen Wetterbedingungen \u2013 von str\u00f6mendem Regen bis hin zu Sonnenschein.<\/p>\n\n\n\n<p>Die <strong>superhelle Leuchtdiode<\/strong> sorgt auch bei schlechten Lichtverh\u00e4ltnissen f\u00fcr eine klare Signalgebung, und die LED leuchtet ca. <strong>12 Sekunden<\/strong> nach, sodass der Angler gen\u00fcgend Zeit hat, auf den Biss zu reagieren. Das <strong>laute Tonsignal<\/strong> stellt sicher, dass der Biss auch bei starker Umgebungsger\u00e4uschkulisse geh\u00f6rt wird.<\/p>\n\n\n\n<p>Dank des <strong>Batteriesparmodus<\/strong> wird die <strong>9 V Block-Batterie<\/strong> effizient genutzt, was eine lange Betriebsdauer garantiert. Das <strong>robuste Geh\u00e4use aus glasfaserverst\u00e4rktem Polyamid<\/strong> und die <strong>Edelstahlverschraubung<\/strong> bieten h\u00f6chste Widerstandsf\u00e4higkeit und machen den Classic zu einem langlebigen Begleiter auf jeder Angeltour.<\/p>\n\n\n\n<p>Der <strong>Carp-Sounder Classic<\/strong> vereint all die Eigenschaften, die einen zuverl\u00e4ssigen Bissanzeiger ausmachen: Eine hohe Anpassungsf\u00e4higkeit durch die <strong>Lautst\u00e4rkenverstellung \u00fcber den Drehregler<\/strong>, robuste Verarbeitung, einfache Handhabung und eine durchdachte Technik. Ideal f\u00fcr alle Angler, die Wert auf Qualit\u00e4t und Flexibilit\u00e4t legen.<\/p>\n","protected":false},"excerpt":{"rendered":"<p>Der Carp-Sounder Classic ist die perfekte Wahl f\u00fcr Angler, die auf klassische, benutzerfreundliche Technik setzen und gleichzeitig auf eine hohe Funktionalit\u00e4t und Flexibilit\u00e4t Wert legen. Dieser Bissanzeiger bietet eine Vielzahl praktischer Features und \u00fcberzeugt durch seine einfache Handhabung. Ein besonderes Highlight des Carp-Sounder Classic ist die Lautst\u00e4rkenverstellung \u00fcber einen Drehregler, der es dem Angler erm\u00f6glicht, [&#8230;]<\/p>\n","protected":false},"featured_media":5021,"comment_status":"open","ping_status":"closed","template":"","meta":[],"product_brand":[],"product_cat":[15],"product_tag":[],"class_list":{"0":"post-6448","1":"product","2":"type-product","3":"status-publish","4":"has-post-thumbnail","6":"product_cat-cs-classic-serie","8":"first","9":"instock","10":"taxable","11":"shipping-taxable","12":"purchasable","13":"product-type-simple"},"_links":{"self":[{"href":"https:\/\/carp-sounder.com\/fr\/wp-json\/wp\/v2\/product\/6448","targetHints":{"allow":["GET"]}}],"collection":[{"href":"https:\/\/carp-sounder.com\/fr\/wp-json\/wp\/v2\/product"}],"about":[{"href":"https:\/\/carp-sounder.com\/fr\/wp-json\/wp\/v2\/types\/product"}],"replies":[{"embeddable":true,"href":"https:\/\/carp-sounder.com\/fr\/wp-json\/wp\/v2\/comments?post=6448"}],"wp:featuredmedia":[{"embeddable":true,"href":"https:\/\/carp-sounder.com\/fr\/wp-json\/wp\/v2\/media\/5021"}],"wp:attachment":[{"href":"https:\/\/carp-sounder.com\/fr\/wp-json\/wp\/v2\/media?parent=6448"}],"wp:term":[{"taxonomy":"product_brand","embeddable":true,"href":"https:\/\/carp-sounder.com\/fr\/wp-json\/wp\/v2\/product_brand?post=6448"},{"taxonomy":"product_cat","embeddable":true,"href":"https:\/\/carp-sounder.com\/fr\/wp-json\/wp\/v2\/product_cat?post=6448"},{"taxonomy":"product_tag","embeddable":true,"href":"https:\/\/carp-sounder.com\/fr\/wp-json\/wp\/v2\/product_tag?post=6448"}],"curies":[{"name":"wp","href":"https:\/\/api.w.org\/{rel}","templated":true}]}}